{"id":221,"date":"2021-03-29T18:27:30","date_gmt":"2021-03-29T18:27:30","guid":{"rendered":"https:\/\/excellence-group.ms.decms.eu\/evenements\/"},"modified":"2024-12-02T12:31:05","modified_gmt":"2024-12-02T12:31:05","slug":"evenementen","status":"publish","type":"page","link":"https:\/\/www.excellence-group.lu\/nl\/evenementen\/","title":{"rendered":"Evenementen"},"content":{"rendered":"<p><strong>Ben je op zoek naar een leuke plek voor je volgende zakelijke of priv\u00e9-evenement in Luxemburg? Dan ben je hier aan het juiste adres.<\/strong><\/p>\n<p>De Excellence Group, gelegen in het hart van Clervaux in het noorden van Luxemburg, verenigt in \u00e9\u00e9n enkele locatie alle troeven die je nodig hebt om van je volgende evenement een succes te maken. Of je nu een residentieel seminarie, een bedrijfsevenement of een gala-avond plant, de Excellence Group beschikt over alle faciliteiten die je je maar kunt wensen.<\/p>\n<p>Met seminariezalen tot 200 personen, 4-sterrenaccommodatie in onze Koener hotels en Boutique Hotel Clervaux, cateringdiensten en teambuildingactiviteiten, biedt Excellence je all-in-one pakketten, een echt aanbod op maat om zo goed mogelijk aan je behoeften en budget te voldoen.<\/p>\n","protected":false},"excerpt":{"rendered":"<p>Ben je op zoek naar een leuke plek voor je volgende zakelijke of priv\u00e9-evenement in Luxemburg? Dan ben je hier aan het juiste adres. De Excellence Group, gelegen in het hart van Clervaux in het noorden van Luxemburg, verenigt in \u00e9\u00e9n enkele locatie alle troeven die je nodig hebt om van je volgende evenement een [&hellip;]<\/p>\n","protected":false},"author":5,"featured_media":3346,"parent":0,"menu_order":0,"comment_status":"closed","ping_status":"closed","template":"template-meeting.php","meta":{"footnotes":""},"class_list":["post-221","page","type-page","status-publish","has-post-thumbnail","hentry"],"yoast_head":"<!-- This site is optimized with the Yoast SEO plugin v26.9 - https:\/\/yoast.com\/product\/yoast-seo-wordpress\/ -->\n<title>Votre \u00e9v\u00e9nement \u00e0 Clervaux<\/title>\n<meta name=\"description\" content=\"Residentieel seminar, incentive, bedrijfsevenement of teambuilding, ontdek de Excellence Group in Clervaux in het noorden van Luxemburg.\" \/>\n<meta name=\"robots\" content=\"index, follow, max-snippet:-1, max-image-preview:large, max-video-preview:-1\" \/>\n<link rel=\"canonical\" href=\"https:\/\/www.excellence-group.lu\/nl\/evenementen\/\" \/>\n<meta property=\"og:locale\" content=\"nl_NL\" \/>\n<meta property=\"og:type\" content=\"article\" \/>\n<meta property=\"og:title\" content=\"Votre \u00e9v\u00e9nement \u00e0 Clervaux\" \/>\n<meta property=\"og:description\" content=\"Residentieel seminar, incentive, bedrijfsevenement of teambuilding, ontdek de Excellence Group in Clervaux in het noorden van Luxemburg.\" \/>\n<meta property=\"og:url\" content=\"https:\/\/www.excellence-group.lu\/nl\/evenementen\/\" \/>\n<meta property=\"og:site_name\" content=\"Excellence Group\" \/>\n<meta property=\"article:modified_time\" content=\"2024-12-02T12:31:05+00:00\" \/>\n<meta property=\"og:image\" content=\"https:\/\/www.excellence-group.lu\/wp-content\/uploads\/sites\/281\/2024\/04\/Clervaux_juin2021_@TheRoadAbroad-4.jpg\" \/>\n\t<meta property=\"og:image:width\" content=\"1335\" \/>\n\t<meta property=\"og:image:height\" content=\"1000\" \/>\n\t<meta property=\"og:image:type\" content=\"image\/jpeg\" \/>\n<meta name=\"twitter:card\" content=\"summary_large_image\" \/>\n<meta name=\"twitter:label1\" content=\"Geschatte leestijd\" \/>\n\t<meta name=\"twitter:data1\" content=\"1 minuut\" \/>\n<script type=\"application\/ld+json\" class=\"yoast-schema-graph\">{\"@context\":\"https:\/\/schema.org\",\"@graph\":[{\"@type\":\"WebPage\",\"@id\":\"https:\/\/www.excellence-group.lu\/nl\/evenementen\/\",\"url\":\"https:\/\/www.excellence-group.lu\/nl\/evenementen\/\",\"name\":\"Votre \u00e9v\u00e9nement \u00e0 Clervaux\",\"isPartOf\":{\"@id\":\"https:\/\/www.excellence-group.lu\/nl\/#website\"},\"primaryImageOfPage\":{\"@id\":\"https:\/\/www.excellence-group.lu\/nl\/evenementen\/#primaryimage\"},\"image\":{\"@id\":\"https:\/\/www.excellence-group.lu\/nl\/evenementen\/#primaryimage\"},\"thumbnailUrl\":\"https:\/\/www.excellence-group.lu\/wp-content\/uploads\/sites\/281\/2024\/04\/Clervaux_juin2021_@TheRoadAbroad-4.jpg\",\"datePublished\":\"2021-03-29T18:27:30+00:00\",\"dateModified\":\"2024-12-02T12:31:05+00:00\",\"description\":\"Residentieel seminar, incentive, bedrijfsevenement of teambuilding, ontdek de Excellence Group in Clervaux in het noorden van Luxemburg.\",\"breadcrumb\":{\"@id\":\"https:\/\/www.excellence-group.lu\/nl\/evenementen\/#breadcrumb\"},\"inLanguage\":\"nl-NL\",\"potentialAction\":[{\"@type\":\"ReadAction\",\"target\":[\"https:\/\/www.excellence-group.lu\/nl\/evenementen\/\"]}]},{\"@type\":\"ImageObject\",\"inLanguage\":\"nl-NL\",\"@id\":\"https:\/\/www.excellence-group.lu\/nl\/evenementen\/#primaryimage\",\"url\":\"https:\/\/www.excellence-group.lu\/wp-content\/uploads\/sites\/281\/2024\/04\/Clervaux_juin2021_@TheRoadAbroad-4.jpg\",\"contentUrl\":\"https:\/\/www.excellence-group.lu\/wp-content\/uploads\/sites\/281\/2024\/04\/Clervaux_juin2021_@TheRoadAbroad-4.jpg\",\"width\":1335,\"height\":1000,\"caption\":\"Evenel\"},{\"@type\":\"BreadcrumbList\",\"@id\":\"https:\/\/www.excellence-group.lu\/nl\/evenementen\/#breadcrumb\",\"itemListElement\":[{\"@type\":\"ListItem\",\"position\":1,\"name\":\"Home\",\"item\":\"https:\/\/www.excellence-group.lu\/nl\/\"},{\"@type\":\"ListItem\",\"position\":2,\"name\":\"Evenementen\"}]},{\"@type\":\"WebSite\",\"@id\":\"https:\/\/www.excellence-group.lu\/nl\/#website\",\"url\":\"https:\/\/www.excellence-group.lu\/nl\/\",\"name\":\"Excellence Group\",\"description\":\"Just another ms.decms.eu site\",\"potentialAction\":[{\"@type\":\"SearchAction\",\"target\":{\"@type\":\"EntryPoint\",\"urlTemplate\":\"https:\/\/www.excellence-group.lu\/nl\/?s={search_term_string}\"},\"query-input\":{\"@type\":\"PropertyValueSpecification\",\"valueRequired\":true,\"valueName\":\"search_term_string\"}}],\"inLanguage\":\"nl-NL\"}]}<\/script>\n<!-- \/ Yoast SEO plugin. -->","yoast_head_json":{"title":"Votre \u00e9v\u00e9nement \u00e0 Clervaux","description":"Residentieel seminar, incentive, bedrijfsevenement of teambuilding, ontdek de Excellence Group in Clervaux in het noorden van Luxemburg.","robots":{"index":"index","follow":"follow","max-snippet":"max-snippet:-1","max-image-preview":"max-image-preview:large","max-video-preview":"max-video-preview:-1"},"canonical":"https:\/\/www.excellence-group.lu\/nl\/evenementen\/","og_locale":"nl_NL","og_type":"article","og_title":"Votre \u00e9v\u00e9nement \u00e0 Clervaux","og_description":"Residentieel seminar, incentive, bedrijfsevenement of teambuilding, ontdek de Excellence Group in Clervaux in het noorden van Luxemburg.","og_url":"https:\/\/www.excellence-group.lu\/nl\/evenementen\/","og_site_name":"Excellence Group","article_modified_time":"2024-12-02T12:31:05+00:00","og_image":[{"width":1335,"height":1000,"url":"https:\/\/www.excellence-group.lu\/wp-content\/uploads\/sites\/281\/2024\/04\/Clervaux_juin2021_@TheRoadAbroad-4.jpg","type":"image\/jpeg"}],"twitter_card":"summary_large_image","twitter_misc":{"Geschatte leestijd":"1 minuut"},"schema":{"@context":"https:\/\/schema.org","@graph":[{"@type":"WebPage","@id":"https:\/\/www.excellence-group.lu\/nl\/evenementen\/","url":"https:\/\/www.excellence-group.lu\/nl\/evenementen\/","name":"Votre \u00e9v\u00e9nement \u00e0 Clervaux","isPartOf":{"@id":"https:\/\/www.excellence-group.lu\/nl\/#website"},"primaryImageOfPage":{"@id":"https:\/\/www.excellence-group.lu\/nl\/evenementen\/#primaryimage"},"image":{"@id":"https:\/\/www.excellence-group.lu\/nl\/evenementen\/#primaryimage"},"thumbnailUrl":"https:\/\/www.excellence-group.lu\/wp-content\/uploads\/sites\/281\/2024\/04\/Clervaux_juin2021_@TheRoadAbroad-4.jpg","datePublished":"2021-03-29T18:27:30+00:00","dateModified":"2024-12-02T12:31:05+00:00","description":"Residentieel seminar, incentive, bedrijfsevenement of teambuilding, ontdek de Excellence Group in Clervaux in het noorden van Luxemburg.","breadcrumb":{"@id":"https:\/\/www.excellence-group.lu\/nl\/evenementen\/#breadcrumb"},"inLanguage":"nl-NL","potentialAction":[{"@type":"ReadAction","target":["https:\/\/www.excellence-group.lu\/nl\/evenementen\/"]}]},{"@type":"ImageObject","inLanguage":"nl-NL","@id":"https:\/\/www.excellence-group.lu\/nl\/evenementen\/#primaryimage","url":"https:\/\/www.excellence-group.lu\/wp-content\/uploads\/sites\/281\/2024\/04\/Clervaux_juin2021_@TheRoadAbroad-4.jpg","contentUrl":"https:\/\/www.excellence-group.lu\/wp-content\/uploads\/sites\/281\/2024\/04\/Clervaux_juin2021_@TheRoadAbroad-4.jpg","width":1335,"height":1000,"caption":"Evenel"},{"@type":"BreadcrumbList","@id":"https:\/\/www.excellence-group.lu\/nl\/evenementen\/#breadcrumb","itemListElement":[{"@type":"ListItem","position":1,"name":"Home","item":"https:\/\/www.excellence-group.lu\/nl\/"},{"@type":"ListItem","position":2,"name":"Evenementen"}]},{"@type":"WebSite","@id":"https:\/\/www.excellence-group.lu\/nl\/#website","url":"https:\/\/www.excellence-group.lu\/nl\/","name":"Excellence Group","description":"Just another ms.decms.eu site","potentialAction":[{"@type":"SearchAction","target":{"@type":"EntryPoint","urlTemplate":"https:\/\/www.excellence-group.lu\/nl\/?s={search_term_string}"},"query-input":{"@type":"PropertyValueSpecification","valueRequired":true,"valueName":"search_term_string"}}],"inLanguage":"nl-NL"}]}},"acf":[],"_links":{"self":[{"href":"https:\/\/www.excellence-group.lu\/nl\/wp-json\/wp\/v2\/pages\/221","targetHints":{"allow":["GET"]}}],"collection":[{"href":"https:\/\/www.excellence-group.lu\/nl\/wp-json\/wp\/v2\/pages"}],"about":[{"href":"https:\/\/www.excellence-group.lu\/nl\/wp-json\/wp\/v2\/types\/page"}],"author":[{"embeddable":true,"href":"https:\/\/www.excellence-group.lu\/nl\/wp-json\/wp\/v2\/users\/5"}],"replies":[{"embeddable":true,"href":"https:\/\/www.excellence-group.lu\/nl\/wp-json\/wp\/v2\/comments?post=221"}],"version-history":[{"count":0,"href":"https:\/\/www.excellence-group.lu\/nl\/wp-json\/wp\/v2\/pages\/221\/revisions"}],"wp:featuredmedia":[{"embeddable":true,"href":"https:\/\/www.excellence-group.lu\/nl\/wp-json\/wp\/v2\/media\/3346"}],"wp:attachment":[{"href":"https:\/\/www.excellence-group.lu\/nl\/wp-json\/wp\/v2\/media?parent=221"}],"curies":[{"name":"wp","href":"https:\/\/api.w.org\/{rel}","templated":true}]}}