{"id":1023,"date":"2022-02-18T14:54:17","date_gmt":"2022-02-18T14:54:17","guid":{"rendered":"https:\/\/www.excellence-hotels.com\/nos-hotels\/"},"modified":"2025-01-20T10:00:05","modified_gmt":"2025-01-20T10:00:05","slug":"onze-hotels","status":"publish","type":"page","link":"https:\/\/www.excellence-group.lu\/nl\/onze-hotels\/","title":{"rendered":"H\u00f4tels"},"content":{"rendered":"<p>Kies voor uw verblijf in <a href=\"https:\/\/www.excellence-group.lu\/nl\/clervaux\/\">Clervaux<\/a> in de Ardennen van Noord-Luxemburg (Eislek) uit een van de hotels van de Excellence Group, beide gelegen in het hart van het autovrije stadscentrum.<\/p>\n<p>Of u nu verblijft in het emblematische 4-sterren <strong>Hotel Koener<\/strong> of in een van de charmante 4-sterren superior suites in het <strong>Boutique Hotel Clervaux<\/strong>, toegang tot de <a href=\"https:\/\/www.excellence-group.lu\/nl\/spa\/\">Cinq Mondes SPA<\/a> is systematisch inbegrepen.<\/p>\n<p>Trakteer uzelf op een comfortabel uitje voor twee in het noorden van Luxemburg, waar ontspanning, natuur en welzijn de sleutelwoorden zijn.<\/p>\n<p><em>NB: deze twee hotels met SPA zijn met elkaar verbonden via een loopbrug die uitkijkt over de winkelstraat van Clervaux.<\/em><\/p>\n","protected":false},"excerpt":{"rendered":"<p>Kies voor uw verblijf in Clervaux in de Ardennen van Noord-Luxemburg (Eislek) uit een van de hotels van de Excellence Group, beide gelegen in het hart van het autovrije stadscentrum. Of u nu verblijft in het emblematische 4-sterren Hotel Koener of in een van de charmante 4-sterren superior suites in het Boutique Hotel Clervaux, toegang [&hellip;]<\/p>\n","protected":false},"author":8,"featured_media":1125,"parent":0,"menu_order":0,"comment_status":"closed","ping_status":"closed","template":"template-default-3.php","meta":{"footnotes":""},"class_list":["post-1023","page","type-page","status-publish","has-post-thumbnail","hentry"],"yoast_head":"<!-- This site is optimized with the Yoast SEO plugin v26.9 - https:\/\/yoast.com\/product\/yoast-seo-wordpress\/ -->\n<title>Excellence Hotels \u00e0 Clervaux<\/title>\n<meta name=\"description\" content=\"Certifi\u00e9s 4 \u00e9toiles, d\u00e9couvrez les Excellence h\u00f4tels avec spa \u00e0 Clervaux dans le Nord du Luxembourg et r\u00e9servez votre s\u00e9jour en amoureux.\" \/>\n<meta name=\"robots\" content=\"index, follow, max-snippet:-1, max-image-preview:large, max-video-preview:-1\" \/>\n<link rel=\"canonical\" href=\"https:\/\/www.excellence-group.lu\/nl\/onze-hotels\/\" \/>\n<meta property=\"og:locale\" content=\"nl_NL\" \/>\n<meta property=\"og:type\" content=\"article\" \/>\n<meta property=\"og:title\" content=\"Excellence Hotels \u00e0 Clervaux\" \/>\n<meta property=\"og:description\" content=\"Certifi\u00e9s 4 \u00e9toiles, d\u00e9couvrez les Excellence h\u00f4tels avec spa \u00e0 Clervaux dans le Nord du Luxembourg et r\u00e9servez votre s\u00e9jour en amoureux.\" \/>\n<meta property=\"og:url\" content=\"https:\/\/www.excellence-group.lu\/nl\/onze-hotels\/\" \/>\n<meta property=\"og:site_name\" content=\"Excellence Group\" \/>\n<meta property=\"article:modified_time\" content=\"2025-01-20T10:00:05+00:00\" \/>\n<meta property=\"og:image\" content=\"https:\/\/www.excellence-group.lu\/wp-content\/uploads\/sites\/281\/2022\/02\/DSC_9049-HDR-scaled.jpg\" \/>\n\t<meta property=\"og:image:width\" content=\"2560\" \/>\n\t<meta property=\"og:image:height\" content=\"1709\" \/>\n\t<meta property=\"og:image:type\" content=\"image\/jpeg\" \/>\n<meta name=\"twitter:card\" content=\"summary_large_image\" \/>\n<meta name=\"twitter:label1\" content=\"Geschatte leestijd\" \/>\n\t<meta name=\"twitter:data1\" content=\"1 minuut\" \/>\n<script type=\"application\/ld+json\" class=\"yoast-schema-graph\">{\"@context\":\"https:\/\/schema.org\",\"@graph\":[{\"@type\":\"WebPage\",\"@id\":\"https:\/\/www.excellence-group.lu\/nl\/onze-hotels\/\",\"url\":\"https:\/\/www.excellence-group.lu\/nl\/onze-hotels\/\",\"name\":\"Excellence Hotels \u00e0 Clervaux\",\"isPartOf\":{\"@id\":\"https:\/\/www.excellence-group.lu\/nl\/#website\"},\"primaryImageOfPage\":{\"@id\":\"https:\/\/www.excellence-group.lu\/nl\/onze-hotels\/#primaryimage\"},\"image\":{\"@id\":\"https:\/\/www.excellence-group.lu\/nl\/onze-hotels\/#primaryimage\"},\"thumbnailUrl\":\"https:\/\/www.excellence-group.lu\/wp-content\/uploads\/sites\/281\/2022\/02\/DSC_9049-HDR-scaled.jpg\",\"datePublished\":\"2022-02-18T14:54:17+00:00\",\"dateModified\":\"2025-01-20T10:00:05+00:00\",\"description\":\"Certifi\u00e9s 4 \u00e9toiles, d\u00e9couvrez les Excellence h\u00f4tels avec spa \u00e0 Clervaux dans le Nord du Luxembourg et r\u00e9servez votre s\u00e9jour en amoureux.\",\"breadcrumb\":{\"@id\":\"https:\/\/www.excellence-group.lu\/nl\/onze-hotels\/#breadcrumb\"},\"inLanguage\":\"nl-NL\",\"potentialAction\":[{\"@type\":\"ReadAction\",\"target\":[\"https:\/\/www.excellence-group.lu\/nl\/onze-hotels\/\"]}]},{\"@type\":\"ImageObject\",\"inLanguage\":\"nl-NL\",\"@id\":\"https:\/\/www.excellence-group.lu\/nl\/onze-hotels\/#primaryimage\",\"url\":\"https:\/\/www.excellence-group.lu\/wp-content\/uploads\/sites\/281\/2022\/02\/DSC_9049-HDR-scaled.jpg\",\"contentUrl\":\"https:\/\/www.excellence-group.lu\/wp-content\/uploads\/sites\/281\/2022\/02\/DSC_9049-HDR-scaled.jpg\",\"width\":2560,\"height\":1709},{\"@type\":\"BreadcrumbList\",\"@id\":\"https:\/\/www.excellence-group.lu\/nl\/onze-hotels\/#breadcrumb\",\"itemListElement\":[{\"@type\":\"ListItem\",\"position\":1,\"name\":\"Home\",\"item\":\"https:\/\/www.excellence-group.lu\/nl\/\"},{\"@type\":\"ListItem\",\"position\":2,\"name\":\"H\u00f4tels\"}]},{\"@type\":\"WebSite\",\"@id\":\"https:\/\/www.excellence-group.lu\/nl\/#website\",\"url\":\"https:\/\/www.excellence-group.lu\/nl\/\",\"name\":\"Excellence Group\",\"description\":\"Just another ms.decms.eu site\",\"potentialAction\":[{\"@type\":\"SearchAction\",\"target\":{\"@type\":\"EntryPoint\",\"urlTemplate\":\"https:\/\/www.excellence-group.lu\/nl\/?s={search_term_string}\"},\"query-input\":{\"@type\":\"PropertyValueSpecification\",\"valueRequired\":true,\"valueName\":\"search_term_string\"}}],\"inLanguage\":\"nl-NL\"}]}<\/script>\n<!-- \/ Yoast SEO plugin. -->","yoast_head_json":{"title":"Excellence Hotels \u00e0 Clervaux","description":"Certifi\u00e9s 4 \u00e9toiles, d\u00e9couvrez les Excellence h\u00f4tels avec spa \u00e0 Clervaux dans le Nord du Luxembourg et r\u00e9servez votre s\u00e9jour en amoureux.","robots":{"index":"index","follow":"follow","max-snippet":"max-snippet:-1","max-image-preview":"max-image-preview:large","max-video-preview":"max-video-preview:-1"},"canonical":"https:\/\/www.excellence-group.lu\/nl\/onze-hotels\/","og_locale":"nl_NL","og_type":"article","og_title":"Excellence Hotels \u00e0 Clervaux","og_description":"Certifi\u00e9s 4 \u00e9toiles, d\u00e9couvrez les Excellence h\u00f4tels avec spa \u00e0 Clervaux dans le Nord du Luxembourg et r\u00e9servez votre s\u00e9jour en amoureux.","og_url":"https:\/\/www.excellence-group.lu\/nl\/onze-hotels\/","og_site_name":"Excellence Group","article_modified_time":"2025-01-20T10:00:05+00:00","og_image":[{"width":2560,"height":1709,"url":"https:\/\/www.excellence-group.lu\/wp-content\/uploads\/sites\/281\/2022\/02\/DSC_9049-HDR-scaled.jpg","type":"image\/jpeg"}],"twitter_card":"summary_large_image","twitter_misc":{"Geschatte leestijd":"1 minuut"},"schema":{"@context":"https:\/\/schema.org","@graph":[{"@type":"WebPage","@id":"https:\/\/www.excellence-group.lu\/nl\/onze-hotels\/","url":"https:\/\/www.excellence-group.lu\/nl\/onze-hotels\/","name":"Excellence Hotels \u00e0 Clervaux","isPartOf":{"@id":"https:\/\/www.excellence-group.lu\/nl\/#website"},"primaryImageOfPage":{"@id":"https:\/\/www.excellence-group.lu\/nl\/onze-hotels\/#primaryimage"},"image":{"@id":"https:\/\/www.excellence-group.lu\/nl\/onze-hotels\/#primaryimage"},"thumbnailUrl":"https:\/\/www.excellence-group.lu\/wp-content\/uploads\/sites\/281\/2022\/02\/DSC_9049-HDR-scaled.jpg","datePublished":"2022-02-18T14:54:17+00:00","dateModified":"2025-01-20T10:00:05+00:00","description":"Certifi\u00e9s 4 \u00e9toiles, d\u00e9couvrez les Excellence h\u00f4tels avec spa \u00e0 Clervaux dans le Nord du Luxembourg et r\u00e9servez votre s\u00e9jour en amoureux.","breadcrumb":{"@id":"https:\/\/www.excellence-group.lu\/nl\/onze-hotels\/#breadcrumb"},"inLanguage":"nl-NL","potentialAction":[{"@type":"ReadAction","target":["https:\/\/www.excellence-group.lu\/nl\/onze-hotels\/"]}]},{"@type":"ImageObject","inLanguage":"nl-NL","@id":"https:\/\/www.excellence-group.lu\/nl\/onze-hotels\/#primaryimage","url":"https:\/\/www.excellence-group.lu\/wp-content\/uploads\/sites\/281\/2022\/02\/DSC_9049-HDR-scaled.jpg","contentUrl":"https:\/\/www.excellence-group.lu\/wp-content\/uploads\/sites\/281\/2022\/02\/DSC_9049-HDR-scaled.jpg","width":2560,"height":1709},{"@type":"BreadcrumbList","@id":"https:\/\/www.excellence-group.lu\/nl\/onze-hotels\/#breadcrumb","itemListElement":[{"@type":"ListItem","position":1,"name":"Home","item":"https:\/\/www.excellence-group.lu\/nl\/"},{"@type":"ListItem","position":2,"name":"H\u00f4tels"}]},{"@type":"WebSite","@id":"https:\/\/www.excellence-group.lu\/nl\/#website","url":"https:\/\/www.excellence-group.lu\/nl\/","name":"Excellence Group","description":"Just another ms.decms.eu site","potentialAction":[{"@type":"SearchAction","target":{"@type":"EntryPoint","urlTemplate":"https:\/\/www.excellence-group.lu\/nl\/?s={search_term_string}"},"query-input":{"@type":"PropertyValueSpecification","valueRequired":true,"valueName":"search_term_string"}}],"inLanguage":"nl-NL"}]}},"acf":[],"_links":{"self":[{"href":"https:\/\/www.excellence-group.lu\/nl\/wp-json\/wp\/v2\/pages\/1023","targetHints":{"allow":["GET"]}}],"collection":[{"href":"https:\/\/www.excellence-group.lu\/nl\/wp-json\/wp\/v2\/pages"}],"about":[{"href":"https:\/\/www.excellence-group.lu\/nl\/wp-json\/wp\/v2\/types\/page"}],"author":[{"embeddable":true,"href":"https:\/\/www.excellence-group.lu\/nl\/wp-json\/wp\/v2\/users\/8"}],"replies":[{"embeddable":true,"href":"https:\/\/www.excellence-group.lu\/nl\/wp-json\/wp\/v2\/comments?post=1023"}],"version-history":[{"count":0,"href":"https:\/\/www.excellence-group.lu\/nl\/wp-json\/wp\/v2\/pages\/1023\/revisions"}],"wp:featuredmedia":[{"embeddable":true,"href":"https:\/\/www.excellence-group.lu\/nl\/wp-json\/wp\/v2\/media\/1125"}],"wp:attachment":[{"href":"https:\/\/www.excellence-group.lu\/nl\/wp-json\/wp\/v2\/media?parent=1023"}],"curies":[{"name":"wp","href":"https:\/\/api.w.org\/{rel}","templated":true}]}}