{"id":4258,"date":"2024-10-04T12:32:29","date_gmt":"2024-10-04T12:32:29","guid":{"rendered":"https:\/\/www.excellence-group.lu\/events\/offres-speciales-mice\/repas-fin-annee\/"},"modified":"2025-09-23T08:13:48","modified_gmt":"2025-09-23T08:13:48","slug":"repas-fin-annee","status":"publish","type":"page","link":"https:\/\/www.excellence-group.lu\/en\/events\/offres-speciales-mice\/repas-fin-annee\/","title":{"rendered":"End-of-year Dinner Party"},"content":{"rendered":"<p>From mid-November to mid-January, the Excellence restaurants are offering specially designed packages for your end-of-year events, meals to thank your staff or your best customers, but also if you want to go all out and organise a Gala evening.<\/p>\n<p><strong>2 FORMULAS ON OFFER, beverages included:<\/strong><\/p>\n<ul>\n<li><strong>Festive Buffet &#8211; 79\u20ac<\/strong> per pers.<\/li>\n<\/ul>\n<p>Enjoy an all-you-can-eat buffet of hot and cold dishes, ideal for a convivial evening. Welcome your guests with bubbles of cr\u00e9mant luxembourgeois, then enjoy an inclusive drinks package, with a selection of wines, beers and waters throughout the meal. A generous and festive formula to celebrate in style.<\/p>\n<ul>\n<li><strong>Christmas Menu &#8211; \u20ac89<\/strong> per person<\/li>\n<\/ul>\n<p>Treat your teams to a festive and elegant culinary experience with this refined 3-course meal, specially designed for the festive season. Choose in advance from our suggested Christmas menus. The drinks package includes Luxembourg sparkling wine at the reception, as well as wine, beer and water throughout the meal.<\/p>\n<p>&nbsp;<\/p>\n<h4>Do you have a end-of-year dinner party to organise?<\/h4>\n<p>Contact our teams using the form below and let&#8217;s meet. Tell us your preference among the formulas on offer and we&#8217;ll get back to you as soon as possible with our best offer.<\/p>\n","protected":false},"excerpt":{"rendered":"<p>From mid-November to mid-January, the Excellence restaurants are offering specially designed packages for your end-of-year events, meals to thank your staff or your best customers, but also if you want to go all out and organise a Gala evening. 2 FORMULAS ON OFFER, beverages included: Festive Buffet &#8211; 79\u20ac per pers. Enjoy an all-you-can-eat buffet [&hellip;]<\/p>\n","protected":false},"author":399,"featured_media":4255,"parent":3800,"menu_order":0,"comment_status":"closed","ping_status":"closed","template":"template-single-wedding.php","meta":{"footnotes":""},"class_list":["post-4258","page","type-page","status-publish","has-post-thumbnail","hentry"],"yoast_head":"<!-- This site is optimized with the Yoast SEO plugin v26.9 - https:\/\/yoast.com\/product\/yoast-seo-wordpress\/ -->\n<title>End-of-year Dinner Party - Excellence Group<\/title>\n<meta name=\"description\" content=\"D\u00e9couvrez les offres sp\u00e9ciales des h\u00f4tels Excellence \u00e0 Clervaux dans le Nord du Luxembourg pour vos repas de fin d&#039;ann\u00e9e avec votre entreprise.\" \/>\n<meta name=\"robots\" content=\"index, follow, max-snippet:-1, max-image-preview:large, max-video-preview:-1\" \/>\n<link rel=\"canonical\" href=\"https:\/\/www.excellence-group.lu\/en\/events\/offres-speciales-mice\/repas-fin-annee\/\" \/>\n<meta property=\"og:locale\" content=\"en_US\" \/>\n<meta property=\"og:type\" content=\"article\" \/>\n<meta property=\"og:title\" content=\"End-of-year Dinner Party - Excellence Group\" \/>\n<meta property=\"og:description\" content=\"D\u00e9couvrez les offres sp\u00e9ciales des h\u00f4tels Excellence \u00e0 Clervaux dans le Nord du Luxembourg pour vos repas de fin d&#039;ann\u00e9e avec votre entreprise.\" \/>\n<meta property=\"og:url\" content=\"https:\/\/www.excellence-group.lu\/en\/events\/offres-speciales-mice\/repas-fin-annee\/\" \/>\n<meta property=\"og:site_name\" content=\"Excellence Group\" \/>\n<meta property=\"article:modified_time\" content=\"2025-09-23T08:13:48+00:00\" \/>\n<meta property=\"og:image\" content=\"https:\/\/www.excellence-group.lu\/wp-content\/uploads\/sites\/281\/2024\/10\/fetes-de-fin-annee-entreprise-clervaux-bdef.jpg\" \/>\n\t<meta property=\"og:image:width\" content=\"1200\" \/>\n\t<meta property=\"og:image:height\" content=\"800\" \/>\n\t<meta property=\"og:image:type\" content=\"image\/jpeg\" \/>\n<meta name=\"twitter:card\" content=\"summary_large_image\" \/>\n<meta name=\"twitter:label1\" content=\"Est. reading time\" \/>\n\t<meta name=\"twitter:data1\" content=\"2 minutes\" \/>\n<script type=\"application\/ld+json\" class=\"yoast-schema-graph\">{\"@context\":\"https:\/\/schema.org\",\"@graph\":[{\"@type\":\"WebPage\",\"@id\":\"https:\/\/www.excellence-group.lu\/en\/events\/offres-speciales-mice\/repas-fin-annee\/\",\"url\":\"https:\/\/www.excellence-group.lu\/en\/events\/offres-speciales-mice\/repas-fin-annee\/\",\"name\":\"End-of-year Dinner Party - Excellence Group\",\"isPartOf\":{\"@id\":\"https:\/\/www.excellence-group.lu\/en\/#website\"},\"primaryImageOfPage\":{\"@id\":\"https:\/\/www.excellence-group.lu\/en\/events\/offres-speciales-mice\/repas-fin-annee\/#primaryimage\"},\"image\":{\"@id\":\"https:\/\/www.excellence-group.lu\/en\/events\/offres-speciales-mice\/repas-fin-annee\/#primaryimage\"},\"thumbnailUrl\":\"https:\/\/www.excellence-group.lu\/wp-content\/uploads\/sites\/281\/2024\/10\/fetes-de-fin-annee-entreprise-clervaux-bdef.jpg\",\"datePublished\":\"2024-10-04T12:32:29+00:00\",\"dateModified\":\"2025-09-23T08:13:48+00:00\",\"description\":\"D\u00e9couvrez les offres sp\u00e9ciales des h\u00f4tels Excellence \u00e0 Clervaux dans le Nord du Luxembourg pour vos repas de fin d'ann\u00e9e avec votre entreprise.\",\"breadcrumb\":{\"@id\":\"https:\/\/www.excellence-group.lu\/en\/events\/offres-speciales-mice\/repas-fin-annee\/#breadcrumb\"},\"inLanguage\":\"en-US\",\"potentialAction\":[{\"@type\":\"ReadAction\",\"target\":[\"https:\/\/www.excellence-group.lu\/en\/events\/offres-speciales-mice\/repas-fin-annee\/\"]}]},{\"@type\":\"ImageObject\",\"inLanguage\":\"en-US\",\"@id\":\"https:\/\/www.excellence-group.lu\/en\/events\/offres-speciales-mice\/repas-fin-annee\/#primaryimage\",\"url\":\"https:\/\/www.excellence-group.lu\/wp-content\/uploads\/sites\/281\/2024\/10\/fetes-de-fin-annee-entreprise-clervaux-bdef.jpg\",\"contentUrl\":\"https:\/\/www.excellence-group.lu\/wp-content\/uploads\/sites\/281\/2024\/10\/fetes-de-fin-annee-entreprise-clervaux-bdef.jpg\",\"width\":1200,\"height\":800},{\"@type\":\"BreadcrumbList\",\"@id\":\"https:\/\/www.excellence-group.lu\/en\/events\/offres-speciales-mice\/repas-fin-annee\/#breadcrumb\",\"itemListElement\":[{\"@type\":\"ListItem\",\"position\":1,\"name\":\"Home\",\"item\":\"https:\/\/www.excellence-group.lu\/en\/\"},{\"@type\":\"ListItem\",\"position\":2,\"name\":\"Events\",\"item\":\"https:\/\/www.excellence-group.lu\/en\/events\/\"},{\"@type\":\"ListItem\",\"position\":3,\"name\":\"Special offers (MICE)\",\"item\":\"https:\/\/www.excellence-group.lu\/en\/events\/offres-speciales-mice\/\"},{\"@type\":\"ListItem\",\"position\":4,\"name\":\"End-of-year Dinner Party\"}]},{\"@type\":\"WebSite\",\"@id\":\"https:\/\/www.excellence-group.lu\/en\/#website\",\"url\":\"https:\/\/www.excellence-group.lu\/en\/\",\"name\":\"Excellence Group\",\"description\":\"Just another ms.decms.eu site\",\"potentialAction\":[{\"@type\":\"SearchAction\",\"target\":{\"@type\":\"EntryPoint\",\"urlTemplate\":\"https:\/\/www.excellence-group.lu\/en\/?s={search_term_string}\"},\"query-input\":{\"@type\":\"PropertyValueSpecification\",\"valueRequired\":true,\"valueName\":\"search_term_string\"}}],\"inLanguage\":\"en-US\"}]}<\/script>\n<!-- \/ Yoast SEO plugin. -->","yoast_head_json":{"title":"End-of-year Dinner Party - Excellence Group","description":"D\u00e9couvrez les offres sp\u00e9ciales des h\u00f4tels Excellence \u00e0 Clervaux dans le Nord du Luxembourg pour vos repas de fin d'ann\u00e9e avec votre entreprise.","robots":{"index":"index","follow":"follow","max-snippet":"max-snippet:-1","max-image-preview":"max-image-preview:large","max-video-preview":"max-video-preview:-1"},"canonical":"https:\/\/www.excellence-group.lu\/en\/events\/offres-speciales-mice\/repas-fin-annee\/","og_locale":"en_US","og_type":"article","og_title":"End-of-year Dinner Party - Excellence Group","og_description":"D\u00e9couvrez les offres sp\u00e9ciales des h\u00f4tels Excellence \u00e0 Clervaux dans le Nord du Luxembourg pour vos repas de fin d'ann\u00e9e avec votre entreprise.","og_url":"https:\/\/www.excellence-group.lu\/en\/events\/offres-speciales-mice\/repas-fin-annee\/","og_site_name":"Excellence Group","article_modified_time":"2025-09-23T08:13:48+00:00","og_image":[{"width":1200,"height":800,"url":"https:\/\/www.excellence-group.lu\/wp-content\/uploads\/sites\/281\/2024\/10\/fetes-de-fin-annee-entreprise-clervaux-bdef.jpg","type":"image\/jpeg"}],"twitter_card":"summary_large_image","twitter_misc":{"Est. reading time":"2 minutes"},"schema":{"@context":"https:\/\/schema.org","@graph":[{"@type":"WebPage","@id":"https:\/\/www.excellence-group.lu\/en\/events\/offres-speciales-mice\/repas-fin-annee\/","url":"https:\/\/www.excellence-group.lu\/en\/events\/offres-speciales-mice\/repas-fin-annee\/","name":"End-of-year Dinner Party - Excellence Group","isPartOf":{"@id":"https:\/\/www.excellence-group.lu\/en\/#website"},"primaryImageOfPage":{"@id":"https:\/\/www.excellence-group.lu\/en\/events\/offres-speciales-mice\/repas-fin-annee\/#primaryimage"},"image":{"@id":"https:\/\/www.excellence-group.lu\/en\/events\/offres-speciales-mice\/repas-fin-annee\/#primaryimage"},"thumbnailUrl":"https:\/\/www.excellence-group.lu\/wp-content\/uploads\/sites\/281\/2024\/10\/fetes-de-fin-annee-entreprise-clervaux-bdef.jpg","datePublished":"2024-10-04T12:32:29+00:00","dateModified":"2025-09-23T08:13:48+00:00","description":"D\u00e9couvrez les offres sp\u00e9ciales des h\u00f4tels Excellence \u00e0 Clervaux dans le Nord du Luxembourg pour vos repas de fin d'ann\u00e9e avec votre entreprise.","breadcrumb":{"@id":"https:\/\/www.excellence-group.lu\/en\/events\/offres-speciales-mice\/repas-fin-annee\/#breadcrumb"},"inLanguage":"en-US","potentialAction":[{"@type":"ReadAction","target":["https:\/\/www.excellence-group.lu\/en\/events\/offres-speciales-mice\/repas-fin-annee\/"]}]},{"@type":"ImageObject","inLanguage":"en-US","@id":"https:\/\/www.excellence-group.lu\/en\/events\/offres-speciales-mice\/repas-fin-annee\/#primaryimage","url":"https:\/\/www.excellence-group.lu\/wp-content\/uploads\/sites\/281\/2024\/10\/fetes-de-fin-annee-entreprise-clervaux-bdef.jpg","contentUrl":"https:\/\/www.excellence-group.lu\/wp-content\/uploads\/sites\/281\/2024\/10\/fetes-de-fin-annee-entreprise-clervaux-bdef.jpg","width":1200,"height":800},{"@type":"BreadcrumbList","@id":"https:\/\/www.excellence-group.lu\/en\/events\/offres-speciales-mice\/repas-fin-annee\/#breadcrumb","itemListElement":[{"@type":"ListItem","position":1,"name":"Home","item":"https:\/\/www.excellence-group.lu\/en\/"},{"@type":"ListItem","position":2,"name":"Events","item":"https:\/\/www.excellence-group.lu\/en\/events\/"},{"@type":"ListItem","position":3,"name":"Special offers (MICE)","item":"https:\/\/www.excellence-group.lu\/en\/events\/offres-speciales-mice\/"},{"@type":"ListItem","position":4,"name":"End-of-year Dinner Party"}]},{"@type":"WebSite","@id":"https:\/\/www.excellence-group.lu\/en\/#website","url":"https:\/\/www.excellence-group.lu\/en\/","name":"Excellence Group","description":"Just another ms.decms.eu site","potentialAction":[{"@type":"SearchAction","target":{"@type":"EntryPoint","urlTemplate":"https:\/\/www.excellence-group.lu\/en\/?s={search_term_string}"},"query-input":{"@type":"PropertyValueSpecification","valueRequired":true,"valueName":"search_term_string"}}],"inLanguage":"en-US"}]}},"acf":[],"_links":{"self":[{"href":"https:\/\/www.excellence-group.lu\/en\/wp-json\/wp\/v2\/pages\/4258","targetHints":{"allow":["GET"]}}],"collection":[{"href":"https:\/\/www.excellence-group.lu\/en\/wp-json\/wp\/v2\/pages"}],"about":[{"href":"https:\/\/www.excellence-group.lu\/en\/wp-json\/wp\/v2\/types\/page"}],"author":[{"embeddable":true,"href":"https:\/\/www.excellence-group.lu\/en\/wp-json\/wp\/v2\/users\/399"}],"replies":[{"embeddable":true,"href":"https:\/\/www.excellence-group.lu\/en\/wp-json\/wp\/v2\/comments?post=4258"}],"version-history":[{"count":0,"href":"https:\/\/www.excellence-group.lu\/en\/wp-json\/wp\/v2\/pages\/4258\/revisions"}],"up":[{"embeddable":true,"href":"https:\/\/www.excellence-group.lu\/en\/wp-json\/wp\/v2\/pages\/3800"}],"wp:featuredmedia":[{"embeddable":true,"href":"https:\/\/www.excellence-group.lu\/en\/wp-json\/wp\/v2\/media\/4255"}],"wp:attachment":[{"href":"https:\/\/www.excellence-group.lu\/en\/wp-json\/wp\/v2\/media?parent=4258"}],"curies":[{"name":"wp","href":"https:\/\/api.w.org\/{rel}","templated":true}]}}