{"id":3353,"date":"2024-04-22T13:53:56","date_gmt":"2024-04-22T13:53:56","guid":{"rendered":"https:\/\/www.excellence-group.lu\/?page_id=3353"},"modified":"2024-12-02T13:07:13","modified_gmt":"2024-12-02T13:07:13","slug":"residential-seminar","status":"publish","type":"page","link":"https:\/\/www.excellence-group.lu\/en\/events\/residential-seminar\/","title":{"rendered":"Residential Seminar"},"content":{"rendered":"<p><em><strong>A room for every seminar<\/strong><\/em><\/p>\n<p>In the heart of the historic center of Clervaux, you&#8217;ll find the Excellence Group and its various seminar rooms.<\/p>\n<p>From the intimate suite for small meetings to the large plenary room for larger gatherings or gala evenings, the Groupe Excellence has a total of 6 seminar rooms for events of up to 200 people.<\/p>\n<p>The rooms are equipped with all the technological equipment you need (projector with screen, TV, wifi, microphone, flipchart).<\/p>\n<div class=\"btns_wrap\"><span class=\"btnCta btn external\"><a href=\"https:\/\/excellence-group.backyou.app\/c\/request\/seminaire\" target=\"_blank\" rel=\"noopener\">Get a quote<\/a><\/span><\/div>\n","protected":false},"excerpt":{"rendered":"<p>A room for every seminar In the heart of the historic center of Clervaux, you&#8217;ll find the Excellence Group and its various seminar rooms. From the intimate suite for small meetings to the large plenary room for larger gatherings or gala evenings, the Groupe Excellence has a total of 6 seminar rooms for events of [&hellip;]<\/p>\n","protected":false},"author":399,"featured_media":2319,"parent":223,"menu_order":0,"comment_status":"closed","ping_status":"closed","template":"template-single-wedding.php","meta":{"footnotes":""},"class_list":["post-3353","page","type-page","status-publish","has-post-thumbnail","hentry"],"yoast_head":"<!-- This site is optimized with the Yoast SEO plugin v26.9 - https:\/\/yoast.com\/product\/yoast-seo-wordpress\/ -->\n<title>Residential seminar in Clervaux<\/title>\n<meta name=\"description\" content=\"Hotel with seminar center in Clervaux, north of Luxembourg, discover the Excellence Group and its facilities.\" \/>\n<meta name=\"robots\" content=\"index, follow, max-snippet:-1, max-image-preview:large, max-video-preview:-1\" \/>\n<link rel=\"canonical\" href=\"https:\/\/www.excellence-group.lu\/en\/events\/residential-seminar\/\" \/>\n<meta property=\"og:locale\" content=\"en_US\" \/>\n<meta property=\"og:type\" content=\"article\" \/>\n<meta property=\"og:title\" content=\"Residential seminar in Clervaux\" \/>\n<meta property=\"og:description\" content=\"Hotel with seminar center in Clervaux, north of Luxembourg, discover the Excellence Group and its facilities.\" \/>\n<meta property=\"og:url\" content=\"https:\/\/www.excellence-group.lu\/en\/events\/residential-seminar\/\" \/>\n<meta property=\"og:site_name\" content=\"Excellence Group\" \/>\n<meta property=\"article:modified_time\" content=\"2024-12-02T13:07:13+00:00\" \/>\n<meta property=\"og:image\" content=\"https:\/\/www.excellence-group.lu\/wp-content\/uploads\/sites\/281\/2023\/02\/AFFICHAGE-DIVERS-1024x741.jpg\" \/>\n\t<meta property=\"og:image:width\" content=\"1024\" \/>\n\t<meta property=\"og:image:height\" content=\"741\" \/>\n\t<meta property=\"og:image:type\" content=\"image\/jpeg\" \/>\n<meta name=\"twitter:card\" content=\"summary_large_image\" \/>\n<meta name=\"twitter:label1\" content=\"Est. reading time\" \/>\n\t<meta name=\"twitter:data1\" content=\"1 minute\" \/>\n<script type=\"application\/ld+json\" class=\"yoast-schema-graph\">{\"@context\":\"https:\/\/schema.org\",\"@graph\":[{\"@type\":\"WebPage\",\"@id\":\"https:\/\/www.excellence-group.lu\/en\/events\/residential-seminar\/\",\"url\":\"https:\/\/www.excellence-group.lu\/en\/events\/residential-seminar\/\",\"name\":\"Residential seminar in Clervaux\",\"isPartOf\":{\"@id\":\"https:\/\/www.excellence-group.lu\/en\/#website\"},\"primaryImageOfPage\":{\"@id\":\"https:\/\/www.excellence-group.lu\/en\/events\/residential-seminar\/#primaryimage\"},\"image\":{\"@id\":\"https:\/\/www.excellence-group.lu\/en\/events\/residential-seminar\/#primaryimage\"},\"thumbnailUrl\":\"https:\/\/www.excellence-group.lu\/wp-content\/uploads\/sites\/281\/2023\/02\/AFFICHAGE-DIVERS.jpg\",\"datePublished\":\"2024-04-22T13:53:56+00:00\",\"dateModified\":\"2024-12-02T13:07:13+00:00\",\"description\":\"Hotel with seminar center in Clervaux, north of Luxembourg, discover the Excellence Group and its facilities.\",\"breadcrumb\":{\"@id\":\"https:\/\/www.excellence-group.lu\/en\/events\/residential-seminar\/#breadcrumb\"},\"inLanguage\":\"en-US\",\"potentialAction\":[{\"@type\":\"ReadAction\",\"target\":[\"https:\/\/www.excellence-group.lu\/en\/events\/residential-seminar\/\"]}]},{\"@type\":\"ImageObject\",\"inLanguage\":\"en-US\",\"@id\":\"https:\/\/www.excellence-group.lu\/en\/events\/residential-seminar\/#primaryimage\",\"url\":\"https:\/\/www.excellence-group.lu\/wp-content\/uploads\/sites\/281\/2023\/02\/AFFICHAGE-DIVERS.jpg\",\"contentUrl\":\"https:\/\/www.excellence-group.lu\/wp-content\/uploads\/sites\/281\/2023\/02\/AFFICHAGE-DIVERS.jpg\",\"width\":2000,\"height\":1448,\"caption\":\"Hotel pour s\u00e9minaire au Luxembourg situ\u00e9 \u00e0 Clervaux\"},{\"@type\":\"BreadcrumbList\",\"@id\":\"https:\/\/www.excellence-group.lu\/en\/events\/residential-seminar\/#breadcrumb\",\"itemListElement\":[{\"@type\":\"ListItem\",\"position\":1,\"name\":\"Home\",\"item\":\"https:\/\/www.excellence-group.lu\/en\/\"},{\"@type\":\"ListItem\",\"position\":2,\"name\":\"Events\",\"item\":\"https:\/\/www.excellence-group.lu\/en\/events\/\"},{\"@type\":\"ListItem\",\"position\":3,\"name\":\"Residential Seminar\"}]},{\"@type\":\"WebSite\",\"@id\":\"https:\/\/www.excellence-group.lu\/en\/#website\",\"url\":\"https:\/\/www.excellence-group.lu\/en\/\",\"name\":\"Excellence Group\",\"description\":\"Just another ms.decms.eu site\",\"potentialAction\":[{\"@type\":\"SearchAction\",\"target\":{\"@type\":\"EntryPoint\",\"urlTemplate\":\"https:\/\/www.excellence-group.lu\/en\/?s={search_term_string}\"},\"query-input\":{\"@type\":\"PropertyValueSpecification\",\"valueRequired\":true,\"valueName\":\"search_term_string\"}}],\"inLanguage\":\"en-US\"}]}<\/script>\n<!-- \/ Yoast SEO plugin. -->","yoast_head_json":{"title":"Residential seminar in Clervaux","description":"Hotel with seminar center in Clervaux, north of Luxembourg, discover the Excellence Group and its facilities.","robots":{"index":"index","follow":"follow","max-snippet":"max-snippet:-1","max-image-preview":"max-image-preview:large","max-video-preview":"max-video-preview:-1"},"canonical":"https:\/\/www.excellence-group.lu\/en\/events\/residential-seminar\/","og_locale":"en_US","og_type":"article","og_title":"Residential seminar in Clervaux","og_description":"Hotel with seminar center in Clervaux, north of Luxembourg, discover the Excellence Group and its facilities.","og_url":"https:\/\/www.excellence-group.lu\/en\/events\/residential-seminar\/","og_site_name":"Excellence Group","article_modified_time":"2024-12-02T13:07:13+00:00","og_image":[{"width":1024,"height":741,"url":"https:\/\/www.excellence-group.lu\/wp-content\/uploads\/sites\/281\/2023\/02\/AFFICHAGE-DIVERS-1024x741.jpg","type":"image\/jpeg"}],"twitter_card":"summary_large_image","twitter_misc":{"Est. reading time":"1 minute"},"schema":{"@context":"https:\/\/schema.org","@graph":[{"@type":"WebPage","@id":"https:\/\/www.excellence-group.lu\/en\/events\/residential-seminar\/","url":"https:\/\/www.excellence-group.lu\/en\/events\/residential-seminar\/","name":"Residential seminar in Clervaux","isPartOf":{"@id":"https:\/\/www.excellence-group.lu\/en\/#website"},"primaryImageOfPage":{"@id":"https:\/\/www.excellence-group.lu\/en\/events\/residential-seminar\/#primaryimage"},"image":{"@id":"https:\/\/www.excellence-group.lu\/en\/events\/residential-seminar\/#primaryimage"},"thumbnailUrl":"https:\/\/www.excellence-group.lu\/wp-content\/uploads\/sites\/281\/2023\/02\/AFFICHAGE-DIVERS.jpg","datePublished":"2024-04-22T13:53:56+00:00","dateModified":"2024-12-02T13:07:13+00:00","description":"Hotel with seminar center in Clervaux, north of Luxembourg, discover the Excellence Group and its facilities.","breadcrumb":{"@id":"https:\/\/www.excellence-group.lu\/en\/events\/residential-seminar\/#breadcrumb"},"inLanguage":"en-US","potentialAction":[{"@type":"ReadAction","target":["https:\/\/www.excellence-group.lu\/en\/events\/residential-seminar\/"]}]},{"@type":"ImageObject","inLanguage":"en-US","@id":"https:\/\/www.excellence-group.lu\/en\/events\/residential-seminar\/#primaryimage","url":"https:\/\/www.excellence-group.lu\/wp-content\/uploads\/sites\/281\/2023\/02\/AFFICHAGE-DIVERS.jpg","contentUrl":"https:\/\/www.excellence-group.lu\/wp-content\/uploads\/sites\/281\/2023\/02\/AFFICHAGE-DIVERS.jpg","width":2000,"height":1448,"caption":"Hotel pour s\u00e9minaire au Luxembourg situ\u00e9 \u00e0 Clervaux"},{"@type":"BreadcrumbList","@id":"https:\/\/www.excellence-group.lu\/en\/events\/residential-seminar\/#breadcrumb","itemListElement":[{"@type":"ListItem","position":1,"name":"Home","item":"https:\/\/www.excellence-group.lu\/en\/"},{"@type":"ListItem","position":2,"name":"Events","item":"https:\/\/www.excellence-group.lu\/en\/events\/"},{"@type":"ListItem","position":3,"name":"Residential Seminar"}]},{"@type":"WebSite","@id":"https:\/\/www.excellence-group.lu\/en\/#website","url":"https:\/\/www.excellence-group.lu\/en\/","name":"Excellence Group","description":"Just another ms.decms.eu site","potentialAction":[{"@type":"SearchAction","target":{"@type":"EntryPoint","urlTemplate":"https:\/\/www.excellence-group.lu\/en\/?s={search_term_string}"},"query-input":{"@type":"PropertyValueSpecification","valueRequired":true,"valueName":"search_term_string"}}],"inLanguage":"en-US"}]}},"acf":[],"_links":{"self":[{"href":"https:\/\/www.excellence-group.lu\/en\/wp-json\/wp\/v2\/pages\/3353","targetHints":{"allow":["GET"]}}],"collection":[{"href":"https:\/\/www.excellence-group.lu\/en\/wp-json\/wp\/v2\/pages"}],"about":[{"href":"https:\/\/www.excellence-group.lu\/en\/wp-json\/wp\/v2\/types\/page"}],"author":[{"embeddable":true,"href":"https:\/\/www.excellence-group.lu\/en\/wp-json\/wp\/v2\/users\/399"}],"replies":[{"embeddable":true,"href":"https:\/\/www.excellence-group.lu\/en\/wp-json\/wp\/v2\/comments?post=3353"}],"version-history":[{"count":0,"href":"https:\/\/www.excellence-group.lu\/en\/wp-json\/wp\/v2\/pages\/3353\/revisions"}],"up":[{"embeddable":true,"href":"https:\/\/www.excellence-group.lu\/en\/wp-json\/wp\/v2\/pages\/223"}],"wp:featuredmedia":[{"embeddable":true,"href":"https:\/\/www.excellence-group.lu\/en\/wp-json\/wp\/v2\/media\/2319"}],"wp:attachment":[{"href":"https:\/\/www.excellence-group.lu\/en\/wp-json\/wp\/v2\/media?parent=3353"}],"curies":[{"name":"wp","href":"https:\/\/api.w.org\/{rel}","templated":true}]}}