{"id":203,"date":"2021-05-31T11:09:51","date_gmt":"2021-05-31T11:09:51","guid":{"rendered":"https:\/\/excellence-group.ms.decms.eu\/a-propos\/"},"modified":"2024-12-03T15:55:43","modified_gmt":"2024-12-03T15:55:43","slug":"a-propos","status":"publish","type":"page","link":"https:\/\/www.excellence-group.lu\/en\/a-propos\/","title":{"rendered":"A propos"},"content":{"rendered":"<p>Excellence Group est un acteur majeur de l\u2019h\u00f4tellerie \u00e0 Clervaux, au c\u0153ur des Ardennes luxembourgeoises. Avec deux h\u00f4tels quatre \u00e9toiles, des restaurants renomm\u00e9s, un espace wellness de 800 m\u00b2, et des infrastructures adapt\u00e9es au tourisme MICE, Excellence Group offre une exp\u00e9rience unique et compl\u00e8te \u00e0 ses visiteurs.<\/p>\n<h5>Une gestion familiale et structur\u00e9e<\/h5>\n<p>Excellence Group puise ses racines dans l\u2019histoire familiale de Clervaux, avec un h\u00e9ritage qui remonte \u00e0 1886. Aujourd\u2019hui, sa gestion repose sur deux entit\u00e9s distinctes pour une organisation optimale :<\/p>\n<ul>\n<li>Clerhotels S\u00e0RL : d\u00e9di\u00e9e \u00e0 l\u2019h\u00e9bergement et aux infrastructures h\u00f4teli\u00e8res.<\/li>\n<li>Clerfood S\u00e0RL : responsable des restaurants et du service traiteur.<\/li>\n<\/ul>\n<p>Cette dualit\u00e9 assure une expertise pointue et un service de qualit\u00e9 dans chaque domaine.<\/p>\n","protected":false},"excerpt":{"rendered":"<p>Excellence Group est un acteur majeur de l\u2019h\u00f4tellerie \u00e0 Clervaux, au c\u0153ur des Ardennes luxembourgeoises. Avec deux h\u00f4tels quatre \u00e9toiles, des restaurants renomm\u00e9s, un espace wellness de 800 m\u00b2, et des infrastructures adapt\u00e9es au tourisme MICE, Excellence Group offre une exp\u00e9rience unique et compl\u00e8te \u00e0 ses visiteurs. Une gestion familiale et structur\u00e9e Excellence Group puise [&hellip;]<\/p>\n","protected":false},"author":5,"featured_media":4182,"parent":0,"menu_order":0,"comment_status":"closed","ping_status":"closed","template":"template-default-4.php","meta":{"footnotes":""},"class_list":["post-203","page","type-page","status-publish","has-post-thumbnail","hentry"],"yoast_head":"<!-- This site is optimized with the Yoast SEO plugin v26.9 - https:\/\/yoast.com\/product\/yoast-seo-wordpress\/ -->\n<title>Un moment unique au coeur des Ardennes Luxembourgeoises<\/title>\n<meta name=\"description\" content=\"Plongez-vous dans un cadre unique et fascinant pour vos \u00e9v\u00e9nements, s\u00e9minaires, mariages, meeting et wellness au coeur de Clervaux...\" \/>\n<meta name=\"robots\" content=\"index, follow, max-snippet:-1, max-image-preview:large, max-video-preview:-1\" \/>\n<link rel=\"canonical\" href=\"https:\/\/www.excellence-group.lu\/en\/a-propos\/\" \/>\n<meta property=\"og:locale\" content=\"en_US\" \/>\n<meta property=\"og:type\" content=\"article\" \/>\n<meta property=\"og:title\" content=\"Un moment unique au coeur des Ardennes Luxembourgeoises\" \/>\n<meta property=\"og:description\" content=\"Plongez-vous dans un cadre unique et fascinant pour vos \u00e9v\u00e9nements, s\u00e9minaires, mariages, meeting et wellness au coeur de Clervaux...\" \/>\n<meta property=\"og:url\" content=\"https:\/\/www.excellence-group.lu\/en\/a-propos\/\" \/>\n<meta property=\"og:site_name\" content=\"Excellence Group\" \/>\n<meta property=\"article:modified_time\" content=\"2024-12-03T15:55:43+00:00\" \/>\n<meta property=\"og:image\" content=\"https:\/\/www.excellence-group.lu\/wp-content\/uploads\/sites\/281\/2024\/09\/hotel-koener-clervaux-luxembourg_60-scaled.jpg\" \/>\n\t<meta property=\"og:image:width\" content=\"2560\" \/>\n\t<meta property=\"og:image:height\" content=\"1920\" \/>\n\t<meta property=\"og:image:type\" content=\"image\/jpeg\" \/>\n<meta name=\"twitter:card\" content=\"summary_large_image\" \/>\n<meta name=\"twitter:label1\" content=\"Est. reading time\" \/>\n\t<meta name=\"twitter:data1\" content=\"1 minute\" \/>\n<script type=\"application\/ld+json\" class=\"yoast-schema-graph\">{\"@context\":\"https:\/\/schema.org\",\"@graph\":[{\"@type\":\"WebPage\",\"@id\":\"https:\/\/www.excellence-group.lu\/en\/a-propos\/\",\"url\":\"https:\/\/www.excellence-group.lu\/en\/a-propos\/\",\"name\":\"Un moment unique au coeur des Ardennes Luxembourgeoises\",\"isPartOf\":{\"@id\":\"https:\/\/www.excellence-group.lu\/en\/#website\"},\"primaryImageOfPage\":{\"@id\":\"https:\/\/www.excellence-group.lu\/en\/a-propos\/#primaryimage\"},\"image\":{\"@id\":\"https:\/\/www.excellence-group.lu\/en\/a-propos\/#primaryimage\"},\"thumbnailUrl\":\"https:\/\/www.excellence-group.lu\/wp-content\/uploads\/sites\/281\/2024\/09\/hotel-koener-clervaux-luxembourg_60-scaled.jpg\",\"datePublished\":\"2021-05-31T11:09:51+00:00\",\"dateModified\":\"2024-12-03T15:55:43+00:00\",\"description\":\"Plongez-vous dans un cadre unique et fascinant pour vos \u00e9v\u00e9nements, s\u00e9minaires, mariages, meeting et wellness au coeur de Clervaux...\",\"breadcrumb\":{\"@id\":\"https:\/\/www.excellence-group.lu\/en\/a-propos\/#breadcrumb\"},\"inLanguage\":\"en-US\",\"potentialAction\":[{\"@type\":\"ReadAction\",\"target\":[\"https:\/\/www.excellence-group.lu\/en\/a-propos\/\"]}]},{\"@type\":\"ImageObject\",\"inLanguage\":\"en-US\",\"@id\":\"https:\/\/www.excellence-group.lu\/en\/a-propos\/#primaryimage\",\"url\":\"https:\/\/www.excellence-group.lu\/wp-content\/uploads\/sites\/281\/2024\/09\/hotel-koener-clervaux-luxembourg_60-scaled.jpg\",\"contentUrl\":\"https:\/\/www.excellence-group.lu\/wp-content\/uploads\/sites\/281\/2024\/09\/hotel-koener-clervaux-luxembourg_60-scaled.jpg\",\"width\":2560,\"height\":1920},{\"@type\":\"BreadcrumbList\",\"@id\":\"https:\/\/www.excellence-group.lu\/en\/a-propos\/#breadcrumb\",\"itemListElement\":[{\"@type\":\"ListItem\",\"position\":1,\"name\":\"Home\",\"item\":\"https:\/\/www.excellence-group.lu\/en\/\"},{\"@type\":\"ListItem\",\"position\":2,\"name\":\"A propos\"}]},{\"@type\":\"WebSite\",\"@id\":\"https:\/\/www.excellence-group.lu\/en\/#website\",\"url\":\"https:\/\/www.excellence-group.lu\/en\/\",\"name\":\"Excellence Group\",\"description\":\"Just another ms.decms.eu site\",\"potentialAction\":[{\"@type\":\"SearchAction\",\"target\":{\"@type\":\"EntryPoint\",\"urlTemplate\":\"https:\/\/www.excellence-group.lu\/en\/?s={search_term_string}\"},\"query-input\":{\"@type\":\"PropertyValueSpecification\",\"valueRequired\":true,\"valueName\":\"search_term_string\"}}],\"inLanguage\":\"en-US\"}]}<\/script>\n<!-- \/ Yoast SEO plugin. -->","yoast_head_json":{"title":"Un moment unique au coeur des Ardennes Luxembourgeoises","description":"Plongez-vous dans un cadre unique et fascinant pour vos \u00e9v\u00e9nements, s\u00e9minaires, mariages, meeting et wellness au coeur de Clervaux...","robots":{"index":"index","follow":"follow","max-snippet":"max-snippet:-1","max-image-preview":"max-image-preview:large","max-video-preview":"max-video-preview:-1"},"canonical":"https:\/\/www.excellence-group.lu\/en\/a-propos\/","og_locale":"en_US","og_type":"article","og_title":"Un moment unique au coeur des Ardennes Luxembourgeoises","og_description":"Plongez-vous dans un cadre unique et fascinant pour vos \u00e9v\u00e9nements, s\u00e9minaires, mariages, meeting et wellness au coeur de Clervaux...","og_url":"https:\/\/www.excellence-group.lu\/en\/a-propos\/","og_site_name":"Excellence Group","article_modified_time":"2024-12-03T15:55:43+00:00","og_image":[{"width":2560,"height":1920,"url":"https:\/\/www.excellence-group.lu\/wp-content\/uploads\/sites\/281\/2024\/09\/hotel-koener-clervaux-luxembourg_60-scaled.jpg","type":"image\/jpeg"}],"twitter_card":"summary_large_image","twitter_misc":{"Est. reading time":"1 minute"},"schema":{"@context":"https:\/\/schema.org","@graph":[{"@type":"WebPage","@id":"https:\/\/www.excellence-group.lu\/en\/a-propos\/","url":"https:\/\/www.excellence-group.lu\/en\/a-propos\/","name":"Un moment unique au coeur des Ardennes Luxembourgeoises","isPartOf":{"@id":"https:\/\/www.excellence-group.lu\/en\/#website"},"primaryImageOfPage":{"@id":"https:\/\/www.excellence-group.lu\/en\/a-propos\/#primaryimage"},"image":{"@id":"https:\/\/www.excellence-group.lu\/en\/a-propos\/#primaryimage"},"thumbnailUrl":"https:\/\/www.excellence-group.lu\/wp-content\/uploads\/sites\/281\/2024\/09\/hotel-koener-clervaux-luxembourg_60-scaled.jpg","datePublished":"2021-05-31T11:09:51+00:00","dateModified":"2024-12-03T15:55:43+00:00","description":"Plongez-vous dans un cadre unique et fascinant pour vos \u00e9v\u00e9nements, s\u00e9minaires, mariages, meeting et wellness au coeur de Clervaux...","breadcrumb":{"@id":"https:\/\/www.excellence-group.lu\/en\/a-propos\/#breadcrumb"},"inLanguage":"en-US","potentialAction":[{"@type":"ReadAction","target":["https:\/\/www.excellence-group.lu\/en\/a-propos\/"]}]},{"@type":"ImageObject","inLanguage":"en-US","@id":"https:\/\/www.excellence-group.lu\/en\/a-propos\/#primaryimage","url":"https:\/\/www.excellence-group.lu\/wp-content\/uploads\/sites\/281\/2024\/09\/hotel-koener-clervaux-luxembourg_60-scaled.jpg","contentUrl":"https:\/\/www.excellence-group.lu\/wp-content\/uploads\/sites\/281\/2024\/09\/hotel-koener-clervaux-luxembourg_60-scaled.jpg","width":2560,"height":1920},{"@type":"BreadcrumbList","@id":"https:\/\/www.excellence-group.lu\/en\/a-propos\/#breadcrumb","itemListElement":[{"@type":"ListItem","position":1,"name":"Home","item":"https:\/\/www.excellence-group.lu\/en\/"},{"@type":"ListItem","position":2,"name":"A propos"}]},{"@type":"WebSite","@id":"https:\/\/www.excellence-group.lu\/en\/#website","url":"https:\/\/www.excellence-group.lu\/en\/","name":"Excellence Group","description":"Just another ms.decms.eu site","potentialAction":[{"@type":"SearchAction","target":{"@type":"EntryPoint","urlTemplate":"https:\/\/www.excellence-group.lu\/en\/?s={search_term_string}"},"query-input":{"@type":"PropertyValueSpecification","valueRequired":true,"valueName":"search_term_string"}}],"inLanguage":"en-US"}]}},"acf":[],"_links":{"self":[{"href":"https:\/\/www.excellence-group.lu\/en\/wp-json\/wp\/v2\/pages\/203","targetHints":{"allow":["GET"]}}],"collection":[{"href":"https:\/\/www.excellence-group.lu\/en\/wp-json\/wp\/v2\/pages"}],"about":[{"href":"https:\/\/www.excellence-group.lu\/en\/wp-json\/wp\/v2\/types\/page"}],"author":[{"embeddable":true,"href":"https:\/\/www.excellence-group.lu\/en\/wp-json\/wp\/v2\/users\/5"}],"replies":[{"embeddable":true,"href":"https:\/\/www.excellence-group.lu\/en\/wp-json\/wp\/v2\/comments?post=203"}],"version-history":[{"count":0,"href":"https:\/\/www.excellence-group.lu\/en\/wp-json\/wp\/v2\/pages\/203\/revisions"}],"wp:featuredmedia":[{"embeddable":true,"href":"https:\/\/www.excellence-group.lu\/en\/wp-json\/wp\/v2\/media\/4182"}],"wp:attachment":[{"href":"https:\/\/www.excellence-group.lu\/en\/wp-json\/wp\/v2\/media?parent=203"}],"curies":[{"name":"wp","href":"https:\/\/api.w.org\/{rel}","templated":true}]}}