{"id":3812,"date":"2024-07-15T09:10:29","date_gmt":"2024-07-15T09:10:29","guid":{"rendered":"https:\/\/www.excellence-group.lu\/events\/offres-speciales-mice\/journee-d-etude-avec-diner-et-nuitee\/"},"modified":"2025-09-04T12:46:51","modified_gmt":"2025-09-04T12:46:51","slug":"journee-d-etude-avec-diner-et-nuitee","status":"publish","type":"page","link":"https:\/\/www.excellence-group.lu\/de\/events\/offres-speciales-mice\/journee-d-etude-avec-diner-et-nuitee\/","title":{"rendered":"Studientag mit Abendessen und \u00dcbernachtung (189\u20ac pp)"},"content":{"rendered":"<p>Diese Angebot f\u00fcr den Herbst kombiniert Arbeit, Entspannung und Unterkunft zu einem umfassenden Erlebnis. Dieses Wohnseminar beinhaltet einen Sitzungstag, ein gem\u00fctliches Abendessen, eine \u00dcbernachtung und ein Fr\u00fchst\u00fcck und ist ideal f\u00fcr Unternehmen, die ihren Teams einen kompletten Aufenthalt bieten m\u00f6chten.<\/p>\n<p>Angeboten f\u00fcr <strong>189\u20ac pro Person<\/strong> (Inklusive Mehrwertsteuer), beinhaltet dieses Angebot :<\/p>\n<ul>\n<li><strong>Tagungstag<\/strong> :\n<ul>\n<li><strong>Raummiete:<\/strong> Moderner, voll ausgestatteter Tagungsraum f\u00fcr den ganzen Tag.<\/li>\n<li><strong>Kaffeeempfang und Morgenpause<\/strong>: Hei\u00dfe Getr\u00e4nke, Fruchts\u00e4fte und Snacks f\u00fcr einen guten Start in den Tag und zum Aufladen im Laufe des Vormittags.<\/li>\n<li><strong>Mittagsgericht \u2013 Dessert:<\/strong> Ein einfaches und effektives Angebot f\u00fcr Ihr Mittagessen, begleitet von alkoholfreien Getr\u00e4nken.<\/li>\n<li><strong>Nachmittag nach Wahl:<\/strong> Fortsetzung der Arbeit im Saal oder kulturelle Entdeckung von Clervaux mit einer gef\u00fchrten Besichtigung.<\/li>\n<li><strong>Kaffeepause am Nachmittag:<\/strong> Snacks und Getr\u00e4nke f\u00fcr einen Energieschub.<\/li>\n<\/ul>\n<\/li>\n<li><strong>Abend und \u00dcbernachtung :<\/strong>\n<ul>\n<li><strong>Abendsessen:<\/strong> Ein 3-G\u00e4nge-Men\u00fc, das unser K\u00fcchenchef in unserem Restaurant anbietet.<\/li>\n<li><strong>\u00dcbernachtung im Hotel Koener<\/strong>: \u00dcbernachtung in einem Komfortzimmer in diesem 4-Sterne-Haus (Preis pro Person auf der Grundlage einer Single-Belegung).<\/li>\n<li><strong>Fr\u00fchst\u00fcck<\/strong>: Ein kontinentales Buffet f\u00fcr einen guten Start in den n\u00e4chsten Tag.<\/li>\n<\/ul>\n<\/li>\n<\/ul>\n<p>Dieses Komplettangebot gilt f\u00fcr alle Veranstaltungen, die zwischen dem 15. September und dem 15. November stattfinden, und ist ideal f\u00fcr Unternehmen, die Arbeit, Entspannung und eine hochwertige Unterkunft in einer angenehmen und inspirierenden Umgebung kombinieren m\u00f6chten.<\/p>\n<p>Buchen Sie jetzt, um eine bereichernde und entspannende Gesch\u00e4ftserfahrung in Clervaux zu genie\u00dfen.<\/p>\n","protected":false},"excerpt":{"rendered":"<p>Diese Angebot f\u00fcr den Herbst kombiniert Arbeit, Entspannung und Unterkunft zu einem umfassenden Erlebnis. Dieses Wohnseminar beinhaltet einen Sitzungstag, ein gem\u00fctliches Abendessen, eine \u00dcbernachtung und ein Fr\u00fchst\u00fcck und ist ideal f\u00fcr Unternehmen, die ihren Teams einen kompletten Aufenthalt bieten m\u00f6chten. Angeboten f\u00fcr 189\u20ac pro Person (Inklusive Mehrwertsteuer), beinhaltet dieses Angebot : Tagungstag : Raummiete: Moderner, [&hellip;]<\/p>\n","protected":false},"author":399,"featured_media":2124,"parent":3803,"menu_order":0,"comment_status":"closed","ping_status":"closed","template":"template-single-wedding.php","meta":{"footnotes":""},"class_list":["post-3812","page","type-page","status-publish","has-post-thumbnail","hentry"],"yoast_head":"<!-- This site is optimized with the Yoast SEO plugin v26.9 - https:\/\/yoast.com\/product\/yoast-seo-wordpress\/ -->\n<title>Studientag mit Abendessen und \u00dcbernachtung (189\u20ac pp) - Excellence Group<\/title>\n<meta name=\"description\" content=\"M\u00f6chten Sie Ihre Mitarbeiter und Teams zusammenbringen? Entdecken Sie dieses Sonderangebot f\u00fcr ein Wohnseminar in Clervaux.\" \/>\n<meta name=\"robots\" content=\"index, follow, max-snippet:-1, max-image-preview:large, max-video-preview:-1\" \/>\n<link rel=\"canonical\" href=\"https:\/\/www.excellence-group.lu\/de\/events\/offres-speciales-mice\/journee-d-etude-avec-diner-et-nuitee\/\" \/>\n<meta property=\"og:locale\" content=\"de_DE\" \/>\n<meta property=\"og:type\" content=\"article\" \/>\n<meta property=\"og:title\" content=\"Studientag mit Abendessen und \u00dcbernachtung (189\u20ac pp) - Excellence Group\" \/>\n<meta property=\"og:description\" content=\"M\u00f6chten Sie Ihre Mitarbeiter und Teams zusammenbringen? Entdecken Sie dieses Sonderangebot f\u00fcr ein Wohnseminar in Clervaux.\" \/>\n<meta property=\"og:url\" content=\"https:\/\/www.excellence-group.lu\/de\/events\/offres-speciales-mice\/journee-d-etude-avec-diner-et-nuitee\/\" \/>\n<meta property=\"og:site_name\" content=\"Excellence Group\" \/>\n<meta property=\"article:modified_time\" content=\"2025-09-04T12:46:51+00:00\" \/>\n<meta property=\"og:image\" content=\"https:\/\/www.excellence-group.lu\/wp-content\/uploads\/sites\/281\/2022\/11\/SALLE-VIANDEN-2.jpeg\" \/>\n\t<meta property=\"og:image:width\" content=\"2560\" \/>\n\t<meta property=\"og:image:height\" content=\"1920\" \/>\n\t<meta property=\"og:image:type\" content=\"image\/jpeg\" \/>\n<meta name=\"twitter:card\" content=\"summary_large_image\" \/>\n<meta name=\"twitter:label1\" content=\"Gesch\u00e4tzte Lesezeit\" \/>\n\t<meta name=\"twitter:data1\" content=\"2 Minuten\" \/>\n<script type=\"application\/ld+json\" class=\"yoast-schema-graph\">{\"@context\":\"https:\/\/schema.org\",\"@graph\":[{\"@type\":\"WebPage\",\"@id\":\"https:\/\/www.excellence-group.lu\/de\/events\/offres-speciales-mice\/journee-d-etude-avec-diner-et-nuitee\/\",\"url\":\"https:\/\/www.excellence-group.lu\/de\/events\/offres-speciales-mice\/journee-d-etude-avec-diner-et-nuitee\/\",\"name\":\"Studientag mit Abendessen und \u00dcbernachtung (189\u20ac pp) - Excellence Group\",\"isPartOf\":{\"@id\":\"https:\/\/www.excellence-group.lu\/de\/#website\"},\"primaryImageOfPage\":{\"@id\":\"https:\/\/www.excellence-group.lu\/de\/events\/offres-speciales-mice\/journee-d-etude-avec-diner-et-nuitee\/#primaryimage\"},\"image\":{\"@id\":\"https:\/\/www.excellence-group.lu\/de\/events\/offres-speciales-mice\/journee-d-etude-avec-diner-et-nuitee\/#primaryimage\"},\"thumbnailUrl\":\"https:\/\/www.excellence-group.lu\/wp-content\/uploads\/sites\/281\/2022\/11\/SALLE-VIANDEN-2.jpeg\",\"datePublished\":\"2024-07-15T09:10:29+00:00\",\"dateModified\":\"2025-09-04T12:46:51+00:00\",\"description\":\"M\u00f6chten Sie Ihre Mitarbeiter und Teams zusammenbringen? Entdecken Sie dieses Sonderangebot f\u00fcr ein Wohnseminar in Clervaux.\",\"breadcrumb\":{\"@id\":\"https:\/\/www.excellence-group.lu\/de\/events\/offres-speciales-mice\/journee-d-etude-avec-diner-et-nuitee\/#breadcrumb\"},\"inLanguage\":\"de-DE\",\"potentialAction\":[{\"@type\":\"ReadAction\",\"target\":[\"https:\/\/www.excellence-group.lu\/de\/events\/offres-speciales-mice\/journee-d-etude-avec-diner-et-nuitee\/\"]}]},{\"@type\":\"ImageObject\",\"inLanguage\":\"de-DE\",\"@id\":\"https:\/\/www.excellence-group.lu\/de\/events\/offres-speciales-mice\/journee-d-etude-avec-diner-et-nuitee\/#primaryimage\",\"url\":\"https:\/\/www.excellence-group.lu\/wp-content\/uploads\/sites\/281\/2022\/11\/SALLE-VIANDEN-2.jpeg\",\"contentUrl\":\"https:\/\/www.excellence-group.lu\/wp-content\/uploads\/sites\/281\/2022\/11\/SALLE-VIANDEN-2.jpeg\",\"width\":2560,\"height\":1920},{\"@type\":\"BreadcrumbList\",\"@id\":\"https:\/\/www.excellence-group.lu\/de\/events\/offres-speciales-mice\/journee-d-etude-avec-diner-et-nuitee\/#breadcrumb\",\"itemListElement\":[{\"@type\":\"ListItem\",\"position\":1,\"name\":\"Home\",\"item\":\"https:\/\/www.excellence-group.lu\/de\/\"},{\"@type\":\"ListItem\",\"position\":2,\"name\":\"Events\",\"item\":\"https:\/\/www.excellence-group.lu\/de\/events\/\"},{\"@type\":\"ListItem\",\"position\":3,\"name\":\"Spezielle Angebote (MICE)\",\"item\":\"https:\/\/www.excellence-group.lu\/de\/events\/offres-speciales-mice\/\"},{\"@type\":\"ListItem\",\"position\":4,\"name\":\"Studientag mit Abendessen und \u00dcbernachtung (189\u20ac pp)\"}]},{\"@type\":\"WebSite\",\"@id\":\"https:\/\/www.excellence-group.lu\/de\/#website\",\"url\":\"https:\/\/www.excellence-group.lu\/de\/\",\"name\":\"Excellence Group\",\"description\":\"Just another ms.decms.eu site\",\"potentialAction\":[{\"@type\":\"SearchAction\",\"target\":{\"@type\":\"EntryPoint\",\"urlTemplate\":\"https:\/\/www.excellence-group.lu\/de\/?s={search_term_string}\"},\"query-input\":{\"@type\":\"PropertyValueSpecification\",\"valueRequired\":true,\"valueName\":\"search_term_string\"}}],\"inLanguage\":\"de-DE\"}]}<\/script>\n<!-- \/ Yoast SEO plugin. -->","yoast_head_json":{"title":"Studientag mit Abendessen und \u00dcbernachtung (189\u20ac pp) - Excellence Group","description":"M\u00f6chten Sie Ihre Mitarbeiter und Teams zusammenbringen? Entdecken Sie dieses Sonderangebot f\u00fcr ein Wohnseminar in Clervaux.","robots":{"index":"index","follow":"follow","max-snippet":"max-snippet:-1","max-image-preview":"max-image-preview:large","max-video-preview":"max-video-preview:-1"},"canonical":"https:\/\/www.excellence-group.lu\/de\/events\/offres-speciales-mice\/journee-d-etude-avec-diner-et-nuitee\/","og_locale":"de_DE","og_type":"article","og_title":"Studientag mit Abendessen und \u00dcbernachtung (189\u20ac pp) - Excellence Group","og_description":"M\u00f6chten Sie Ihre Mitarbeiter und Teams zusammenbringen? Entdecken Sie dieses Sonderangebot f\u00fcr ein Wohnseminar in Clervaux.","og_url":"https:\/\/www.excellence-group.lu\/de\/events\/offres-speciales-mice\/journee-d-etude-avec-diner-et-nuitee\/","og_site_name":"Excellence Group","article_modified_time":"2025-09-04T12:46:51+00:00","og_image":[{"width":2560,"height":1920,"url":"https:\/\/www.excellence-group.lu\/wp-content\/uploads\/sites\/281\/2022\/11\/SALLE-VIANDEN-2.jpeg","type":"image\/jpeg"}],"twitter_card":"summary_large_image","twitter_misc":{"Gesch\u00e4tzte Lesezeit":"2 Minuten"},"schema":{"@context":"https:\/\/schema.org","@graph":[{"@type":"WebPage","@id":"https:\/\/www.excellence-group.lu\/de\/events\/offres-speciales-mice\/journee-d-etude-avec-diner-et-nuitee\/","url":"https:\/\/www.excellence-group.lu\/de\/events\/offres-speciales-mice\/journee-d-etude-avec-diner-et-nuitee\/","name":"Studientag mit Abendessen und \u00dcbernachtung (189\u20ac pp) - Excellence Group","isPartOf":{"@id":"https:\/\/www.excellence-group.lu\/de\/#website"},"primaryImageOfPage":{"@id":"https:\/\/www.excellence-group.lu\/de\/events\/offres-speciales-mice\/journee-d-etude-avec-diner-et-nuitee\/#primaryimage"},"image":{"@id":"https:\/\/www.excellence-group.lu\/de\/events\/offres-speciales-mice\/journee-d-etude-avec-diner-et-nuitee\/#primaryimage"},"thumbnailUrl":"https:\/\/www.excellence-group.lu\/wp-content\/uploads\/sites\/281\/2022\/11\/SALLE-VIANDEN-2.jpeg","datePublished":"2024-07-15T09:10:29+00:00","dateModified":"2025-09-04T12:46:51+00:00","description":"M\u00f6chten Sie Ihre Mitarbeiter und Teams zusammenbringen? Entdecken Sie dieses Sonderangebot f\u00fcr ein Wohnseminar in Clervaux.","breadcrumb":{"@id":"https:\/\/www.excellence-group.lu\/de\/events\/offres-speciales-mice\/journee-d-etude-avec-diner-et-nuitee\/#breadcrumb"},"inLanguage":"de-DE","potentialAction":[{"@type":"ReadAction","target":["https:\/\/www.excellence-group.lu\/de\/events\/offres-speciales-mice\/journee-d-etude-avec-diner-et-nuitee\/"]}]},{"@type":"ImageObject","inLanguage":"de-DE","@id":"https:\/\/www.excellence-group.lu\/de\/events\/offres-speciales-mice\/journee-d-etude-avec-diner-et-nuitee\/#primaryimage","url":"https:\/\/www.excellence-group.lu\/wp-content\/uploads\/sites\/281\/2022\/11\/SALLE-VIANDEN-2.jpeg","contentUrl":"https:\/\/www.excellence-group.lu\/wp-content\/uploads\/sites\/281\/2022\/11\/SALLE-VIANDEN-2.jpeg","width":2560,"height":1920},{"@type":"BreadcrumbList","@id":"https:\/\/www.excellence-group.lu\/de\/events\/offres-speciales-mice\/journee-d-etude-avec-diner-et-nuitee\/#breadcrumb","itemListElement":[{"@type":"ListItem","position":1,"name":"Home","item":"https:\/\/www.excellence-group.lu\/de\/"},{"@type":"ListItem","position":2,"name":"Events","item":"https:\/\/www.excellence-group.lu\/de\/events\/"},{"@type":"ListItem","position":3,"name":"Spezielle Angebote (MICE)","item":"https:\/\/www.excellence-group.lu\/de\/events\/offres-speciales-mice\/"},{"@type":"ListItem","position":4,"name":"Studientag mit Abendessen und \u00dcbernachtung (189\u20ac pp)"}]},{"@type":"WebSite","@id":"https:\/\/www.excellence-group.lu\/de\/#website","url":"https:\/\/www.excellence-group.lu\/de\/","name":"Excellence Group","description":"Just another ms.decms.eu site","potentialAction":[{"@type":"SearchAction","target":{"@type":"EntryPoint","urlTemplate":"https:\/\/www.excellence-group.lu\/de\/?s={search_term_string}"},"query-input":{"@type":"PropertyValueSpecification","valueRequired":true,"valueName":"search_term_string"}}],"inLanguage":"de-DE"}]}},"acf":[],"_links":{"self":[{"href":"https:\/\/www.excellence-group.lu\/de\/wp-json\/wp\/v2\/pages\/3812","targetHints":{"allow":["GET"]}}],"collection":[{"href":"https:\/\/www.excellence-group.lu\/de\/wp-json\/wp\/v2\/pages"}],"about":[{"href":"https:\/\/www.excellence-group.lu\/de\/wp-json\/wp\/v2\/types\/page"}],"author":[{"embeddable":true,"href":"https:\/\/www.excellence-group.lu\/de\/wp-json\/wp\/v2\/users\/399"}],"replies":[{"embeddable":true,"href":"https:\/\/www.excellence-group.lu\/de\/wp-json\/wp\/v2\/comments?post=3812"}],"version-history":[{"count":0,"href":"https:\/\/www.excellence-group.lu\/de\/wp-json\/wp\/v2\/pages\/3812\/revisions"}],"up":[{"embeddable":true,"href":"https:\/\/www.excellence-group.lu\/de\/wp-json\/wp\/v2\/pages\/3803"}],"wp:featuredmedia":[{"embeddable":true,"href":"https:\/\/www.excellence-group.lu\/de\/wp-json\/wp\/v2\/media\/2124"}],"wp:attachment":[{"href":"https:\/\/www.excellence-group.lu\/de\/wp-json\/wp\/v2\/media?parent=3812"}],"curies":[{"name":"wp","href":"https:\/\/api.w.org\/{rel}","templated":true}]}}