{"id":3804,"date":"2024-07-15T09:44:44","date_gmt":"2024-07-15T09:44:44","guid":{"rendered":"https:\/\/www.excellence-group.lu\/?page_id=3804"},"modified":"2025-09-04T12:44:04","modified_gmt":"2025-09-04T12:44:04","slug":"offre-demi-journee-detude","status":"publish","type":"page","link":"https:\/\/www.excellence-group.lu\/de\/events\/offres-speciales-mice\/offre-demi-journee-detude\/","title":{"rendered":"Studientag (59\u20ac pp)"},"content":{"rendered":"<p>F\u00fcr ein effizientes und sorgenfreies Gesch\u00e4ftstreffen bietet unser erstes Angebot zum Schuljahresbeginn ein Komplettpaket f\u00fcr einen halben Tag. Ideal f\u00fcr Seminare oder Arbeitssitzungen, enth\u00e4lt dieses Angebot alles, was Sie brauchen, um den Erfolg Ihrer Veranstaltung zu garantieren.<\/p>\n<p>Das Angebot wird f\u00fcr <strong>59\u20ac pro Person<\/strong> (MwSt. inclusive) angeboten und beinhaltet :<\/p>\n<ul>\n<li><strong>Raummiete<\/strong>: Nutzen Sie einen unserer modernen und gut ausgestatteten Tagungsr\u00e4ume, um den Komfort und die Produktivit\u00e4t Ihrer Teilnehmer zu gew\u00e4hrleisten.<\/li>\n<li><strong>Kaffeeempfang<\/strong>: Begr\u00fc\u00dfen Sie Ihre G\u00e4ste mit einem Kaffeeservice, der hei\u00dfe Getr\u00e4nke und Geb\u00e4ck f\u00fcr einen guten Start in den Tag umfasst.<\/li>\n<li><strong>Kaffeepause<\/strong>: Eine wohlverdiente Pause mit hei\u00dfen Getr\u00e4nken, Fruchts\u00e4ften und Snacks, um Ihr Team wiederzubeleben.<\/li>\n<li><strong>Mittagsgericht \u2013 Dessert:<\/strong> Ein einfaches und effektives Angebot f\u00fcr Ihr Mittagessen, begleitet von alkoholfreien Getr\u00e4nken.<\/li>\n<\/ul>\n<p>Dieses Angebot gilt f\u00fcr eine Veranstaltung zwischen Mitte September und Mitte November und soll Ihnen die Organisation Ihres Studientages erleichtern und gleichzeitig ein angenehmes Erlebnis f\u00fcr alle Teilnehmer gew\u00e4hrleisten.<\/p>\n<p>Kontaktieren Sie uns \u00fcber die untenstehende Schaltfl\u00e4che und buchen Sie Ihren produktiven halben Studientag in Clervaux.<\/p>\n","protected":false},"excerpt":{"rendered":"<p>F\u00fcr ein effizientes und sorgenfreies Gesch\u00e4ftstreffen bietet unser erstes Angebot zum Schuljahresbeginn ein Komplettpaket f\u00fcr einen halben Tag. Ideal f\u00fcr Seminare oder Arbeitssitzungen, enth\u00e4lt dieses Angebot alles, was Sie brauchen, um den Erfolg Ihrer Veranstaltung zu garantieren. Das Angebot wird f\u00fcr 59\u20ac pro Person (MwSt. inclusive) angeboten und beinhaltet : Raummiete: Nutzen Sie einen unserer [&hellip;]<\/p>\n","protected":false},"author":399,"featured_media":3784,"parent":3803,"menu_order":0,"comment_status":"closed","ping_status":"closed","template":"template-single-wedding.php","meta":{"footnotes":""},"class_list":["post-3804","page","type-page","status-publish","has-post-thumbnail","hentry"],"yoast_head":"<!-- This site is optimized with the Yoast SEO plugin v26.9 - https:\/\/yoast.com\/product\/yoast-seo-wordpress\/ -->\n<title>Studientag (59\u20ac pp) - Excellence Group<\/title>\n<meta name=\"description\" content=\"Entdecken Sie dieses Sonderangebot f\u00fcr einen halbt\u00e4gigen Studienaufenthalt in Clervaux, das von den Excellence-Hotels angeboten wird.G\u00fcltig von Mitte September bis Mitte November.\" \/>\n<meta name=\"robots\" content=\"index, follow, max-snippet:-1, max-image-preview:large, max-video-preview:-1\" \/>\n<link rel=\"canonical\" href=\"https:\/\/www.excellence-group.lu\/de\/events\/offres-speciales-mice\/offre-demi-journee-detude\/\" \/>\n<meta property=\"og:locale\" content=\"de_DE\" \/>\n<meta property=\"og:type\" content=\"article\" \/>\n<meta property=\"og:title\" content=\"Studientag (59\u20ac pp) - Excellence Group\" \/>\n<meta property=\"og:description\" content=\"Entdecken Sie dieses Sonderangebot f\u00fcr einen halbt\u00e4gigen Studienaufenthalt in Clervaux, das von den Excellence-Hotels angeboten wird.G\u00fcltig von Mitte September bis Mitte November.\" \/>\n<meta property=\"og:url\" content=\"https:\/\/www.excellence-group.lu\/de\/events\/offres-speciales-mice\/offre-demi-journee-detude\/\" \/>\n<meta property=\"og:site_name\" content=\"Excellence Group\" \/>\n<meta property=\"article:modified_time\" content=\"2025-09-04T12:44:04+00:00\" \/>\n<meta property=\"og:image\" content=\"https:\/\/www.excellence-group.lu\/wp-content\/uploads\/sites\/281\/2024\/07\/Salle-Vianden-11-scaled.jpg\" \/>\n\t<meta property=\"og:image:width\" content=\"2560\" \/>\n\t<meta property=\"og:image:height\" content=\"1707\" \/>\n\t<meta property=\"og:image:type\" content=\"image\/jpeg\" \/>\n<meta name=\"twitter:card\" content=\"summary_large_image\" \/>\n<meta name=\"twitter:label1\" content=\"Gesch\u00e4tzte Lesezeit\" \/>\n\t<meta name=\"twitter:data1\" content=\"2 Minuten\" \/>\n<script type=\"application\/ld+json\" class=\"yoast-schema-graph\">{\"@context\":\"https:\/\/schema.org\",\"@graph\":[{\"@type\":\"WebPage\",\"@id\":\"https:\/\/www.excellence-group.lu\/de\/events\/offres-speciales-mice\/offre-demi-journee-detude\/\",\"url\":\"https:\/\/www.excellence-group.lu\/de\/events\/offres-speciales-mice\/offre-demi-journee-detude\/\",\"name\":\"Studientag (59\u20ac pp) - Excellence Group\",\"isPartOf\":{\"@id\":\"https:\/\/www.excellence-group.lu\/de\/#website\"},\"primaryImageOfPage\":{\"@id\":\"https:\/\/www.excellence-group.lu\/de\/events\/offres-speciales-mice\/offre-demi-journee-detude\/#primaryimage\"},\"image\":{\"@id\":\"https:\/\/www.excellence-group.lu\/de\/events\/offres-speciales-mice\/offre-demi-journee-detude\/#primaryimage\"},\"thumbnailUrl\":\"https:\/\/www.excellence-group.lu\/wp-content\/uploads\/sites\/281\/2024\/07\/Salle-Vianden-11-scaled.jpg\",\"datePublished\":\"2024-07-15T09:44:44+00:00\",\"dateModified\":\"2025-09-04T12:44:04+00:00\",\"description\":\"Entdecken Sie dieses Sonderangebot f\u00fcr einen halbt\u00e4gigen Studienaufenthalt in Clervaux, das von den Excellence-Hotels angeboten wird.G\u00fcltig von Mitte September bis Mitte November.\",\"breadcrumb\":{\"@id\":\"https:\/\/www.excellence-group.lu\/de\/events\/offres-speciales-mice\/offre-demi-journee-detude\/#breadcrumb\"},\"inLanguage\":\"de-DE\",\"potentialAction\":[{\"@type\":\"ReadAction\",\"target\":[\"https:\/\/www.excellence-group.lu\/de\/events\/offres-speciales-mice\/offre-demi-journee-detude\/\"]}]},{\"@type\":\"ImageObject\",\"inLanguage\":\"de-DE\",\"@id\":\"https:\/\/www.excellence-group.lu\/de\/events\/offres-speciales-mice\/offre-demi-journee-detude\/#primaryimage\",\"url\":\"https:\/\/www.excellence-group.lu\/wp-content\/uploads\/sites\/281\/2024\/07\/Salle-Vianden-11-scaled.jpg\",\"contentUrl\":\"https:\/\/www.excellence-group.lu\/wp-content\/uploads\/sites\/281\/2024\/07\/Salle-Vianden-11-scaled.jpg\",\"width\":2560,\"height\":1707},{\"@type\":\"BreadcrumbList\",\"@id\":\"https:\/\/www.excellence-group.lu\/de\/events\/offres-speciales-mice\/offre-demi-journee-detude\/#breadcrumb\",\"itemListElement\":[{\"@type\":\"ListItem\",\"position\":1,\"name\":\"Home\",\"item\":\"https:\/\/www.excellence-group.lu\/de\/\"},{\"@type\":\"ListItem\",\"position\":2,\"name\":\"Events\",\"item\":\"https:\/\/www.excellence-group.lu\/de\/events\/\"},{\"@type\":\"ListItem\",\"position\":3,\"name\":\"Spezielle Angebote (MICE)\",\"item\":\"https:\/\/www.excellence-group.lu\/de\/events\/offres-speciales-mice\/\"},{\"@type\":\"ListItem\",\"position\":4,\"name\":\"Studientag (59\u20ac pp)\"}]},{\"@type\":\"WebSite\",\"@id\":\"https:\/\/www.excellence-group.lu\/de\/#website\",\"url\":\"https:\/\/www.excellence-group.lu\/de\/\",\"name\":\"Excellence Group\",\"description\":\"Just another ms.decms.eu site\",\"potentialAction\":[{\"@type\":\"SearchAction\",\"target\":{\"@type\":\"EntryPoint\",\"urlTemplate\":\"https:\/\/www.excellence-group.lu\/de\/?s={search_term_string}\"},\"query-input\":{\"@type\":\"PropertyValueSpecification\",\"valueRequired\":true,\"valueName\":\"search_term_string\"}}],\"inLanguage\":\"de-DE\"}]}<\/script>\n<!-- \/ Yoast SEO plugin. -->","yoast_head_json":{"title":"Studientag (59\u20ac pp) - Excellence Group","description":"Entdecken Sie dieses Sonderangebot f\u00fcr einen halbt\u00e4gigen Studienaufenthalt in Clervaux, das von den Excellence-Hotels angeboten wird.G\u00fcltig von Mitte September bis Mitte November.","robots":{"index":"index","follow":"follow","max-snippet":"max-snippet:-1","max-image-preview":"max-image-preview:large","max-video-preview":"max-video-preview:-1"},"canonical":"https:\/\/www.excellence-group.lu\/de\/events\/offres-speciales-mice\/offre-demi-journee-detude\/","og_locale":"de_DE","og_type":"article","og_title":"Studientag (59\u20ac pp) - Excellence Group","og_description":"Entdecken Sie dieses Sonderangebot f\u00fcr einen halbt\u00e4gigen Studienaufenthalt in Clervaux, das von den Excellence-Hotels angeboten wird.G\u00fcltig von Mitte September bis Mitte November.","og_url":"https:\/\/www.excellence-group.lu\/de\/events\/offres-speciales-mice\/offre-demi-journee-detude\/","og_site_name":"Excellence Group","article_modified_time":"2025-09-04T12:44:04+00:00","og_image":[{"width":2560,"height":1707,"url":"https:\/\/www.excellence-group.lu\/wp-content\/uploads\/sites\/281\/2024\/07\/Salle-Vianden-11-scaled.jpg","type":"image\/jpeg"}],"twitter_card":"summary_large_image","twitter_misc":{"Gesch\u00e4tzte Lesezeit":"2 Minuten"},"schema":{"@context":"https:\/\/schema.org","@graph":[{"@type":"WebPage","@id":"https:\/\/www.excellence-group.lu\/de\/events\/offres-speciales-mice\/offre-demi-journee-detude\/","url":"https:\/\/www.excellence-group.lu\/de\/events\/offres-speciales-mice\/offre-demi-journee-detude\/","name":"Studientag (59\u20ac pp) - Excellence Group","isPartOf":{"@id":"https:\/\/www.excellence-group.lu\/de\/#website"},"primaryImageOfPage":{"@id":"https:\/\/www.excellence-group.lu\/de\/events\/offres-speciales-mice\/offre-demi-journee-detude\/#primaryimage"},"image":{"@id":"https:\/\/www.excellence-group.lu\/de\/events\/offres-speciales-mice\/offre-demi-journee-detude\/#primaryimage"},"thumbnailUrl":"https:\/\/www.excellence-group.lu\/wp-content\/uploads\/sites\/281\/2024\/07\/Salle-Vianden-11-scaled.jpg","datePublished":"2024-07-15T09:44:44+00:00","dateModified":"2025-09-04T12:44:04+00:00","description":"Entdecken Sie dieses Sonderangebot f\u00fcr einen halbt\u00e4gigen Studienaufenthalt in Clervaux, das von den Excellence-Hotels angeboten wird.G\u00fcltig von Mitte September bis Mitte November.","breadcrumb":{"@id":"https:\/\/www.excellence-group.lu\/de\/events\/offres-speciales-mice\/offre-demi-journee-detude\/#breadcrumb"},"inLanguage":"de-DE","potentialAction":[{"@type":"ReadAction","target":["https:\/\/www.excellence-group.lu\/de\/events\/offres-speciales-mice\/offre-demi-journee-detude\/"]}]},{"@type":"ImageObject","inLanguage":"de-DE","@id":"https:\/\/www.excellence-group.lu\/de\/events\/offres-speciales-mice\/offre-demi-journee-detude\/#primaryimage","url":"https:\/\/www.excellence-group.lu\/wp-content\/uploads\/sites\/281\/2024\/07\/Salle-Vianden-11-scaled.jpg","contentUrl":"https:\/\/www.excellence-group.lu\/wp-content\/uploads\/sites\/281\/2024\/07\/Salle-Vianden-11-scaled.jpg","width":2560,"height":1707},{"@type":"BreadcrumbList","@id":"https:\/\/www.excellence-group.lu\/de\/events\/offres-speciales-mice\/offre-demi-journee-detude\/#breadcrumb","itemListElement":[{"@type":"ListItem","position":1,"name":"Home","item":"https:\/\/www.excellence-group.lu\/de\/"},{"@type":"ListItem","position":2,"name":"Events","item":"https:\/\/www.excellence-group.lu\/de\/events\/"},{"@type":"ListItem","position":3,"name":"Spezielle Angebote (MICE)","item":"https:\/\/www.excellence-group.lu\/de\/events\/offres-speciales-mice\/"},{"@type":"ListItem","position":4,"name":"Studientag (59\u20ac pp)"}]},{"@type":"WebSite","@id":"https:\/\/www.excellence-group.lu\/de\/#website","url":"https:\/\/www.excellence-group.lu\/de\/","name":"Excellence Group","description":"Just another ms.decms.eu site","potentialAction":[{"@type":"SearchAction","target":{"@type":"EntryPoint","urlTemplate":"https:\/\/www.excellence-group.lu\/de\/?s={search_term_string}"},"query-input":{"@type":"PropertyValueSpecification","valueRequired":true,"valueName":"search_term_string"}}],"inLanguage":"de-DE"}]}},"acf":[],"_links":{"self":[{"href":"https:\/\/www.excellence-group.lu\/de\/wp-json\/wp\/v2\/pages\/3804","targetHints":{"allow":["GET"]}}],"collection":[{"href":"https:\/\/www.excellence-group.lu\/de\/wp-json\/wp\/v2\/pages"}],"about":[{"href":"https:\/\/www.excellence-group.lu\/de\/wp-json\/wp\/v2\/types\/page"}],"author":[{"embeddable":true,"href":"https:\/\/www.excellence-group.lu\/de\/wp-json\/wp\/v2\/users\/399"}],"replies":[{"embeddable":true,"href":"https:\/\/www.excellence-group.lu\/de\/wp-json\/wp\/v2\/comments?post=3804"}],"version-history":[{"count":0,"href":"https:\/\/www.excellence-group.lu\/de\/wp-json\/wp\/v2\/pages\/3804\/revisions"}],"up":[{"embeddable":true,"href":"https:\/\/www.excellence-group.lu\/de\/wp-json\/wp\/v2\/pages\/3803"}],"wp:featuredmedia":[{"embeddable":true,"href":"https:\/\/www.excellence-group.lu\/de\/wp-json\/wp\/v2\/media\/3784"}],"wp:attachment":[{"href":"https:\/\/www.excellence-group.lu\/de\/wp-json\/wp\/v2\/media?parent=3804"}],"curies":[{"name":"wp","href":"https:\/\/api.w.org\/{rel}","templated":true}]}}