{"id":3756,"date":"2024-06-27T13:15:40","date_gmt":"2024-06-27T13:15:40","guid":{"rendered":"https:\/\/www.excellence-group.lu\/clervaux\/randonnees-a-clervaux\/"},"modified":"2024-07-12T09:34:40","modified_gmt":"2024-07-12T09:34:40","slug":"wanderungen","status":"publish","type":"page","link":"https:\/\/www.excellence-group.lu\/de\/clervaux\/wanderungen\/","title":{"rendered":"Wanderungen"},"content":{"rendered":"<p>Begeben Sie sich auf ein Abenteuer und erkunden Sie \u00fcber 150 km Wanderwege inmitten der malerischen W\u00e4lder von Clervaux und Umgebung.<\/p>\n<p>Diese abwechslungsreichen Strecken bieten ein unvergessliches Erlebnis f\u00fcr alle Naturliebhaber, ob Familien, Hobbywanderer oder erfahrene Sportler, und f\u00fchren Sie zu atemberaubenden Ausblicken auf den Eislek.<\/p>\n","protected":false},"excerpt":{"rendered":"<p>Begeben Sie sich auf ein Abenteuer und erkunden Sie \u00fcber 150 km Wanderwege inmitten der malerischen W\u00e4lder von Clervaux und Umgebung. Diese abwechslungsreichen Strecken bieten ein unvergessliches Erlebnis f\u00fcr alle Naturliebhaber, ob Familien, Hobbywanderer oder erfahrene Sportler, und f\u00fchren Sie zu atemberaubenden Ausblicken auf den Eislek.<\/p>\n","protected":false},"author":399,"featured_media":3588,"parent":927,"menu_order":0,"comment_status":"closed","ping_status":"closed","template":"template-single-wedding.php","meta":{"footnotes":""},"class_list":["post-3756","page","type-page","status-publish","has-post-thumbnail","hentry"],"yoast_head":"<!-- This site is optimized with the Yoast SEO plugin v26.9 - https:\/\/yoast.com\/product\/yoast-seo-wordpress\/ -->\n<title>Wanderungen - Excellence Group<\/title>\n<meta name=\"description\" content=\"Suchen Sie nach Ideen f\u00fcr Spazierg\u00e4nge und Wanderungen, um Clervaux und die Eislek-Region in Luxemburg zu entdecken? Werfen Sie einen Blick auf diesen Artikel!\" \/>\n<meta name=\"robots\" content=\"index, follow, max-snippet:-1, max-image-preview:large, max-video-preview:-1\" \/>\n<link rel=\"canonical\" href=\"https:\/\/www.excellence-group.lu\/de\/clervaux\/wanderungen\/\" \/>\n<meta property=\"og:locale\" content=\"de_DE\" \/>\n<meta property=\"og:type\" content=\"article\" \/>\n<meta property=\"og:title\" content=\"Wanderungen - Excellence Group\" \/>\n<meta property=\"og:description\" content=\"Suchen Sie nach Ideen f\u00fcr Spazierg\u00e4nge und Wanderungen, um Clervaux und die Eislek-Region in Luxemburg zu entdecken? Werfen Sie einen Blick auf diesen Artikel!\" \/>\n<meta property=\"og:url\" content=\"https:\/\/www.excellence-group.lu\/de\/clervaux\/wanderungen\/\" \/>\n<meta property=\"og:site_name\" content=\"Excellence Group\" \/>\n<meta property=\"article:modified_time\" content=\"2024-07-12T09:34:40+00:00\" \/>\n<meta property=\"og:image\" content=\"https:\/\/www.excellence-group.lu\/wp-content\/uploads\/sites\/281\/2024\/06\/visit-clervaux-sejour-luxembourg_4-scaled.jpg\" \/>\n\t<meta property=\"og:image:width\" content=\"2560\" \/>\n\t<meta property=\"og:image:height\" content=\"1707\" \/>\n\t<meta property=\"og:image:type\" content=\"image\/jpeg\" \/>\n<meta name=\"twitter:card\" content=\"summary_large_image\" \/>\n<meta name=\"twitter:label1\" content=\"Gesch\u00e4tzte Lesezeit\" \/>\n\t<meta name=\"twitter:data1\" content=\"1 Minute\" \/>\n<script type=\"application\/ld+json\" class=\"yoast-schema-graph\">{\"@context\":\"https:\/\/schema.org\",\"@graph\":[{\"@type\":\"WebPage\",\"@id\":\"https:\/\/www.excellence-group.lu\/de\/clervaux\/wanderungen\/\",\"url\":\"https:\/\/www.excellence-group.lu\/de\/clervaux\/wanderungen\/\",\"name\":\"Wanderungen - Excellence Group\",\"isPartOf\":{\"@id\":\"https:\/\/www.excellence-group.lu\/de\/#website\"},\"primaryImageOfPage\":{\"@id\":\"https:\/\/www.excellence-group.lu\/de\/clervaux\/wanderungen\/#primaryimage\"},\"image\":{\"@id\":\"https:\/\/www.excellence-group.lu\/de\/clervaux\/wanderungen\/#primaryimage\"},\"thumbnailUrl\":\"https:\/\/www.excellence-group.lu\/wp-content\/uploads\/sites\/281\/2024\/06\/visit-clervaux-sejour-luxembourg_4-scaled.jpg\",\"datePublished\":\"2024-06-27T13:15:40+00:00\",\"dateModified\":\"2024-07-12T09:34:40+00:00\",\"description\":\"Suchen Sie nach Ideen f\u00fcr Spazierg\u00e4nge und Wanderungen, um Clervaux und die Eislek-Region in Luxemburg zu entdecken? Werfen Sie einen Blick auf diesen Artikel!\",\"breadcrumb\":{\"@id\":\"https:\/\/www.excellence-group.lu\/de\/clervaux\/wanderungen\/#breadcrumb\"},\"inLanguage\":\"de-DE\",\"potentialAction\":[{\"@type\":\"ReadAction\",\"target\":[\"https:\/\/www.excellence-group.lu\/de\/clervaux\/wanderungen\/\"]}]},{\"@type\":\"ImageObject\",\"inLanguage\":\"de-DE\",\"@id\":\"https:\/\/www.excellence-group.lu\/de\/clervaux\/wanderungen\/#primaryimage\",\"url\":\"https:\/\/www.excellence-group.lu\/wp-content\/uploads\/sites\/281\/2024\/06\/visit-clervaux-sejour-luxembourg_4-scaled.jpg\",\"contentUrl\":\"https:\/\/www.excellence-group.lu\/wp-content\/uploads\/sites\/281\/2024\/06\/visit-clervaux-sejour-luxembourg_4-scaled.jpg\",\"width\":2560,\"height\":1707},{\"@type\":\"BreadcrumbList\",\"@id\":\"https:\/\/www.excellence-group.lu\/de\/clervaux\/wanderungen\/#breadcrumb\",\"itemListElement\":[{\"@type\":\"ListItem\",\"position\":1,\"name\":\"Home\",\"item\":\"https:\/\/www.excellence-group.lu\/de\/\"},{\"@type\":\"ListItem\",\"position\":2,\"name\":\"Clervaux\",\"item\":\"https:\/\/www.excellence-group.lu\/de\/clervaux\/\"},{\"@type\":\"ListItem\",\"position\":3,\"name\":\"Wanderungen\"}]},{\"@type\":\"WebSite\",\"@id\":\"https:\/\/www.excellence-group.lu\/de\/#website\",\"url\":\"https:\/\/www.excellence-group.lu\/de\/\",\"name\":\"Excellence Group\",\"description\":\"Just another ms.decms.eu site\",\"potentialAction\":[{\"@type\":\"SearchAction\",\"target\":{\"@type\":\"EntryPoint\",\"urlTemplate\":\"https:\/\/www.excellence-group.lu\/de\/?s={search_term_string}\"},\"query-input\":{\"@type\":\"PropertyValueSpecification\",\"valueRequired\":true,\"valueName\":\"search_term_string\"}}],\"inLanguage\":\"de-DE\"}]}<\/script>\n<!-- \/ Yoast SEO plugin. -->","yoast_head_json":{"title":"Wanderungen - Excellence Group","description":"Suchen Sie nach Ideen f\u00fcr Spazierg\u00e4nge und Wanderungen, um Clervaux und die Eislek-Region in Luxemburg zu entdecken? Werfen Sie einen Blick auf diesen Artikel!","robots":{"index":"index","follow":"follow","max-snippet":"max-snippet:-1","max-image-preview":"max-image-preview:large","max-video-preview":"max-video-preview:-1"},"canonical":"https:\/\/www.excellence-group.lu\/de\/clervaux\/wanderungen\/","og_locale":"de_DE","og_type":"article","og_title":"Wanderungen - Excellence Group","og_description":"Suchen Sie nach Ideen f\u00fcr Spazierg\u00e4nge und Wanderungen, um Clervaux und die Eislek-Region in Luxemburg zu entdecken? Werfen Sie einen Blick auf diesen Artikel!","og_url":"https:\/\/www.excellence-group.lu\/de\/clervaux\/wanderungen\/","og_site_name":"Excellence Group","article_modified_time":"2024-07-12T09:34:40+00:00","og_image":[{"width":2560,"height":1707,"url":"https:\/\/www.excellence-group.lu\/wp-content\/uploads\/sites\/281\/2024\/06\/visit-clervaux-sejour-luxembourg_4-scaled.jpg","type":"image\/jpeg"}],"twitter_card":"summary_large_image","twitter_misc":{"Gesch\u00e4tzte Lesezeit":"1 Minute"},"schema":{"@context":"https:\/\/schema.org","@graph":[{"@type":"WebPage","@id":"https:\/\/www.excellence-group.lu\/de\/clervaux\/wanderungen\/","url":"https:\/\/www.excellence-group.lu\/de\/clervaux\/wanderungen\/","name":"Wanderungen - Excellence Group","isPartOf":{"@id":"https:\/\/www.excellence-group.lu\/de\/#website"},"primaryImageOfPage":{"@id":"https:\/\/www.excellence-group.lu\/de\/clervaux\/wanderungen\/#primaryimage"},"image":{"@id":"https:\/\/www.excellence-group.lu\/de\/clervaux\/wanderungen\/#primaryimage"},"thumbnailUrl":"https:\/\/www.excellence-group.lu\/wp-content\/uploads\/sites\/281\/2024\/06\/visit-clervaux-sejour-luxembourg_4-scaled.jpg","datePublished":"2024-06-27T13:15:40+00:00","dateModified":"2024-07-12T09:34:40+00:00","description":"Suchen Sie nach Ideen f\u00fcr Spazierg\u00e4nge und Wanderungen, um Clervaux und die Eislek-Region in Luxemburg zu entdecken? Werfen Sie einen Blick auf diesen Artikel!","breadcrumb":{"@id":"https:\/\/www.excellence-group.lu\/de\/clervaux\/wanderungen\/#breadcrumb"},"inLanguage":"de-DE","potentialAction":[{"@type":"ReadAction","target":["https:\/\/www.excellence-group.lu\/de\/clervaux\/wanderungen\/"]}]},{"@type":"ImageObject","inLanguage":"de-DE","@id":"https:\/\/www.excellence-group.lu\/de\/clervaux\/wanderungen\/#primaryimage","url":"https:\/\/www.excellence-group.lu\/wp-content\/uploads\/sites\/281\/2024\/06\/visit-clervaux-sejour-luxembourg_4-scaled.jpg","contentUrl":"https:\/\/www.excellence-group.lu\/wp-content\/uploads\/sites\/281\/2024\/06\/visit-clervaux-sejour-luxembourg_4-scaled.jpg","width":2560,"height":1707},{"@type":"BreadcrumbList","@id":"https:\/\/www.excellence-group.lu\/de\/clervaux\/wanderungen\/#breadcrumb","itemListElement":[{"@type":"ListItem","position":1,"name":"Home","item":"https:\/\/www.excellence-group.lu\/de\/"},{"@type":"ListItem","position":2,"name":"Clervaux","item":"https:\/\/www.excellence-group.lu\/de\/clervaux\/"},{"@type":"ListItem","position":3,"name":"Wanderungen"}]},{"@type":"WebSite","@id":"https:\/\/www.excellence-group.lu\/de\/#website","url":"https:\/\/www.excellence-group.lu\/de\/","name":"Excellence Group","description":"Just another ms.decms.eu site","potentialAction":[{"@type":"SearchAction","target":{"@type":"EntryPoint","urlTemplate":"https:\/\/www.excellence-group.lu\/de\/?s={search_term_string}"},"query-input":{"@type":"PropertyValueSpecification","valueRequired":true,"valueName":"search_term_string"}}],"inLanguage":"de-DE"}]}},"acf":[],"_links":{"self":[{"href":"https:\/\/www.excellence-group.lu\/de\/wp-json\/wp\/v2\/pages\/3756","targetHints":{"allow":["GET"]}}],"collection":[{"href":"https:\/\/www.excellence-group.lu\/de\/wp-json\/wp\/v2\/pages"}],"about":[{"href":"https:\/\/www.excellence-group.lu\/de\/wp-json\/wp\/v2\/types\/page"}],"author":[{"embeddable":true,"href":"https:\/\/www.excellence-group.lu\/de\/wp-json\/wp\/v2\/users\/399"}],"replies":[{"embeddable":true,"href":"https:\/\/www.excellence-group.lu\/de\/wp-json\/wp\/v2\/comments?post=3756"}],"version-history":[{"count":0,"href":"https:\/\/www.excellence-group.lu\/de\/wp-json\/wp\/v2\/pages\/3756\/revisions"}],"up":[{"embeddable":true,"href":"https:\/\/www.excellence-group.lu\/de\/wp-json\/wp\/v2\/pages\/927"}],"wp:featuredmedia":[{"embeddable":true,"href":"https:\/\/www.excellence-group.lu\/de\/wp-json\/wp\/v2\/media\/3588"}],"wp:attachment":[{"href":"https:\/\/www.excellence-group.lu\/de\/wp-json\/wp\/v2\/media?parent=3756"}],"curies":[{"name":"wp","href":"https:\/\/api.w.org\/{rel}","templated":true}]}}