{"id":3355,"date":"2024-04-22T14:01:13","date_gmt":"2024-04-22T14:01:13","guid":{"rendered":"https:\/\/www.excellence-group.lu\/?page_id=3355"},"modified":"2024-12-02T13:08:02","modified_gmt":"2024-12-02T13:08:02","slug":"seminarhotel","status":"publish","type":"page","link":"https:\/\/www.excellence-group.lu\/de\/events\/seminarhotel\/","title":{"rendered":"Seminarhotel"},"content":{"rendered":"<p><em><strong>Ein Raum f\u00fcr jedes Seminar<\/strong><\/em><\/p>\n<p>Im Herzen des historischen Zentrums von Clervaux befindet sich die Groupe Excellence mit ihren verschiedenen Seminarr\u00e4umen.<\/p>\n<p>Von der intimen Suite, die f\u00fcr Versammlungen im kleinen Kreis eingerichtet ist, bis zum gro\u00dfen Plenarsaal, der f\u00fcr gr\u00f6\u00dfere Versammlungen oder Galaabende genutzt wird, verf\u00fcgt die Groupe Excellence \u00fcber insgesamt 6 Seminarr\u00e4ume, die Veranstaltungen mit bis zu 200 Personen aufnehmen k\u00f6nnen.<\/p>\n<p>Die R\u00e4ume sind mit allen technischen Ger\u00e4ten ausgestattet, die Sie f\u00fcr Ihre Zwecke ben\u00f6tigen (Projektor mit Leinwand, TV, WLAN, Mikrofon, Flipchart).<\/p>\n<div class=\"btns_wrap\"><span class=\"btnCta btn external\"><a href=\"https:\/\/excellence-group.backyou.app\/de\/c\/request\/seminaire\" target=\"_blank\" rel=\"noopener\">Ein Online-Angebot anfragen<\/a><\/span><\/div>\n","protected":false},"excerpt":{"rendered":"<p>Ein Raum f\u00fcr jedes Seminar Im Herzen des historischen Zentrums von Clervaux befindet sich die Groupe Excellence mit ihren verschiedenen Seminarr\u00e4umen. Von der intimen Suite, die f\u00fcr Versammlungen im kleinen Kreis eingerichtet ist, bis zum gro\u00dfen Plenarsaal, der f\u00fcr gr\u00f6\u00dfere Versammlungen oder Galaabende genutzt wird, verf\u00fcgt die Groupe Excellence \u00fcber insgesamt 6 Seminarr\u00e4ume, die Veranstaltungen [&hellip;]<\/p>\n","protected":false},"author":399,"featured_media":2320,"parent":224,"menu_order":0,"comment_status":"closed","ping_status":"closed","template":"template-single-wedding.php","meta":{"footnotes":""},"class_list":["post-3355","page","type-page","status-publish","has-post-thumbnail","hentry"],"yoast_head":"<!-- This site is optimized with the Yoast SEO plugin v26.9 - https:\/\/yoast.com\/product\/yoast-seo-wordpress\/ -->\n<title>Seminarhotel in Clervaux (Luxembourg)<\/title>\n<meta name=\"description\" content=\"Hotel mit Seminarzentrum in Clervaux im Norden Luxemburgs. Entdecken Sie die Groupe Excellence und ihre Infrastruktur.\" \/>\n<meta name=\"robots\" content=\"index, follow, max-snippet:-1, max-image-preview:large, max-video-preview:-1\" \/>\n<link rel=\"canonical\" href=\"https:\/\/www.excellence-group.lu\/de\/events\/seminarhotel\/\" \/>\n<meta property=\"og:locale\" content=\"de_DE\" \/>\n<meta property=\"og:type\" content=\"article\" \/>\n<meta property=\"og:title\" content=\"Seminarhotel in Clervaux (Luxembourg)\" \/>\n<meta property=\"og:description\" content=\"Hotel mit Seminarzentrum in Clervaux im Norden Luxemburgs. Entdecken Sie die Groupe Excellence und ihre Infrastruktur.\" \/>\n<meta property=\"og:url\" content=\"https:\/\/www.excellence-group.lu\/de\/events\/seminarhotel\/\" \/>\n<meta property=\"og:site_name\" content=\"Excellence Group\" \/>\n<meta property=\"article:modified_time\" content=\"2024-12-02T13:08:02+00:00\" \/>\n<meta property=\"og:image\" content=\"https:\/\/www.excellence-group.lu\/wp-content\/uploads\/sites\/281\/2023\/02\/AFFICHAGE-DIVERS-1024x741.jpg\" \/>\n\t<meta property=\"og:image:width\" content=\"1024\" \/>\n\t<meta property=\"og:image:height\" content=\"741\" \/>\n\t<meta property=\"og:image:type\" content=\"image\/jpeg\" \/>\n<meta name=\"twitter:card\" content=\"summary_large_image\" \/>\n<meta name=\"twitter:label1\" content=\"Gesch\u00e4tzte Lesezeit\" \/>\n\t<meta name=\"twitter:data1\" content=\"1 Minute\" \/>\n<script type=\"application\/ld+json\" class=\"yoast-schema-graph\">{\"@context\":\"https:\/\/schema.org\",\"@graph\":[{\"@type\":\"WebPage\",\"@id\":\"https:\/\/www.excellence-group.lu\/de\/events\/seminarhotel\/\",\"url\":\"https:\/\/www.excellence-group.lu\/de\/events\/seminarhotel\/\",\"name\":\"Seminarhotel in Clervaux (Luxembourg)\",\"isPartOf\":{\"@id\":\"https:\/\/www.excellence-group.lu\/de\/#website\"},\"primaryImageOfPage\":{\"@id\":\"https:\/\/www.excellence-group.lu\/de\/events\/seminarhotel\/#primaryimage\"},\"image\":{\"@id\":\"https:\/\/www.excellence-group.lu\/de\/events\/seminarhotel\/#primaryimage\"},\"thumbnailUrl\":\"https:\/\/www.excellence-group.lu\/wp-content\/uploads\/sites\/281\/2023\/02\/AFFICHAGE-DIVERS.jpg\",\"datePublished\":\"2024-04-22T14:01:13+00:00\",\"dateModified\":\"2024-12-02T13:08:02+00:00\",\"description\":\"Hotel mit Seminarzentrum in Clervaux im Norden Luxemburgs. Entdecken Sie die Groupe Excellence und ihre Infrastruktur.\",\"breadcrumb\":{\"@id\":\"https:\/\/www.excellence-group.lu\/de\/events\/seminarhotel\/#breadcrumb\"},\"inLanguage\":\"de-DE\",\"potentialAction\":[{\"@type\":\"ReadAction\",\"target\":[\"https:\/\/www.excellence-group.lu\/de\/events\/seminarhotel\/\"]}]},{\"@type\":\"ImageObject\",\"inLanguage\":\"de-DE\",\"@id\":\"https:\/\/www.excellence-group.lu\/de\/events\/seminarhotel\/#primaryimage\",\"url\":\"https:\/\/www.excellence-group.lu\/wp-content\/uploads\/sites\/281\/2023\/02\/AFFICHAGE-DIVERS.jpg\",\"contentUrl\":\"https:\/\/www.excellence-group.lu\/wp-content\/uploads\/sites\/281\/2023\/02\/AFFICHAGE-DIVERS.jpg\",\"width\":2000,\"height\":1448,\"caption\":\"Hotel pour s\u00e9minaire au Luxembourg situ\u00e9 \u00e0 Clervaux\"},{\"@type\":\"BreadcrumbList\",\"@id\":\"https:\/\/www.excellence-group.lu\/de\/events\/seminarhotel\/#breadcrumb\",\"itemListElement\":[{\"@type\":\"ListItem\",\"position\":1,\"name\":\"Home\",\"item\":\"https:\/\/www.excellence-group.lu\/de\/\"},{\"@type\":\"ListItem\",\"position\":2,\"name\":\"Events\",\"item\":\"https:\/\/www.excellence-group.lu\/de\/events\/\"},{\"@type\":\"ListItem\",\"position\":3,\"name\":\"Seminarhotel\"}]},{\"@type\":\"WebSite\",\"@id\":\"https:\/\/www.excellence-group.lu\/de\/#website\",\"url\":\"https:\/\/www.excellence-group.lu\/de\/\",\"name\":\"Excellence Group\",\"description\":\"Just another ms.decms.eu site\",\"potentialAction\":[{\"@type\":\"SearchAction\",\"target\":{\"@type\":\"EntryPoint\",\"urlTemplate\":\"https:\/\/www.excellence-group.lu\/de\/?s={search_term_string}\"},\"query-input\":{\"@type\":\"PropertyValueSpecification\",\"valueRequired\":true,\"valueName\":\"search_term_string\"}}],\"inLanguage\":\"de-DE\"}]}<\/script>\n<!-- \/ Yoast SEO plugin. -->","yoast_head_json":{"title":"Seminarhotel in Clervaux (Luxembourg)","description":"Hotel mit Seminarzentrum in Clervaux im Norden Luxemburgs. Entdecken Sie die Groupe Excellence und ihre Infrastruktur.","robots":{"index":"index","follow":"follow","max-snippet":"max-snippet:-1","max-image-preview":"max-image-preview:large","max-video-preview":"max-video-preview:-1"},"canonical":"https:\/\/www.excellence-group.lu\/de\/events\/seminarhotel\/","og_locale":"de_DE","og_type":"article","og_title":"Seminarhotel in Clervaux (Luxembourg)","og_description":"Hotel mit Seminarzentrum in Clervaux im Norden Luxemburgs. Entdecken Sie die Groupe Excellence und ihre Infrastruktur.","og_url":"https:\/\/www.excellence-group.lu\/de\/events\/seminarhotel\/","og_site_name":"Excellence Group","article_modified_time":"2024-12-02T13:08:02+00:00","og_image":[{"width":1024,"height":741,"url":"https:\/\/www.excellence-group.lu\/wp-content\/uploads\/sites\/281\/2023\/02\/AFFICHAGE-DIVERS-1024x741.jpg","type":"image\/jpeg"}],"twitter_card":"summary_large_image","twitter_misc":{"Gesch\u00e4tzte Lesezeit":"1 Minute"},"schema":{"@context":"https:\/\/schema.org","@graph":[{"@type":"WebPage","@id":"https:\/\/www.excellence-group.lu\/de\/events\/seminarhotel\/","url":"https:\/\/www.excellence-group.lu\/de\/events\/seminarhotel\/","name":"Seminarhotel in Clervaux (Luxembourg)","isPartOf":{"@id":"https:\/\/www.excellence-group.lu\/de\/#website"},"primaryImageOfPage":{"@id":"https:\/\/www.excellence-group.lu\/de\/events\/seminarhotel\/#primaryimage"},"image":{"@id":"https:\/\/www.excellence-group.lu\/de\/events\/seminarhotel\/#primaryimage"},"thumbnailUrl":"https:\/\/www.excellence-group.lu\/wp-content\/uploads\/sites\/281\/2023\/02\/AFFICHAGE-DIVERS.jpg","datePublished":"2024-04-22T14:01:13+00:00","dateModified":"2024-12-02T13:08:02+00:00","description":"Hotel mit Seminarzentrum in Clervaux im Norden Luxemburgs. Entdecken Sie die Groupe Excellence und ihre Infrastruktur.","breadcrumb":{"@id":"https:\/\/www.excellence-group.lu\/de\/events\/seminarhotel\/#breadcrumb"},"inLanguage":"de-DE","potentialAction":[{"@type":"ReadAction","target":["https:\/\/www.excellence-group.lu\/de\/events\/seminarhotel\/"]}]},{"@type":"ImageObject","inLanguage":"de-DE","@id":"https:\/\/www.excellence-group.lu\/de\/events\/seminarhotel\/#primaryimage","url":"https:\/\/www.excellence-group.lu\/wp-content\/uploads\/sites\/281\/2023\/02\/AFFICHAGE-DIVERS.jpg","contentUrl":"https:\/\/www.excellence-group.lu\/wp-content\/uploads\/sites\/281\/2023\/02\/AFFICHAGE-DIVERS.jpg","width":2000,"height":1448,"caption":"Hotel pour s\u00e9minaire au Luxembourg situ\u00e9 \u00e0 Clervaux"},{"@type":"BreadcrumbList","@id":"https:\/\/www.excellence-group.lu\/de\/events\/seminarhotel\/#breadcrumb","itemListElement":[{"@type":"ListItem","position":1,"name":"Home","item":"https:\/\/www.excellence-group.lu\/de\/"},{"@type":"ListItem","position":2,"name":"Events","item":"https:\/\/www.excellence-group.lu\/de\/events\/"},{"@type":"ListItem","position":3,"name":"Seminarhotel"}]},{"@type":"WebSite","@id":"https:\/\/www.excellence-group.lu\/de\/#website","url":"https:\/\/www.excellence-group.lu\/de\/","name":"Excellence Group","description":"Just another ms.decms.eu site","potentialAction":[{"@type":"SearchAction","target":{"@type":"EntryPoint","urlTemplate":"https:\/\/www.excellence-group.lu\/de\/?s={search_term_string}"},"query-input":{"@type":"PropertyValueSpecification","valueRequired":true,"valueName":"search_term_string"}}],"inLanguage":"de-DE"}]}},"acf":[],"_links":{"self":[{"href":"https:\/\/www.excellence-group.lu\/de\/wp-json\/wp\/v2\/pages\/3355","targetHints":{"allow":["GET"]}}],"collection":[{"href":"https:\/\/www.excellence-group.lu\/de\/wp-json\/wp\/v2\/pages"}],"about":[{"href":"https:\/\/www.excellence-group.lu\/de\/wp-json\/wp\/v2\/types\/page"}],"author":[{"embeddable":true,"href":"https:\/\/www.excellence-group.lu\/de\/wp-json\/wp\/v2\/users\/399"}],"replies":[{"embeddable":true,"href":"https:\/\/www.excellence-group.lu\/de\/wp-json\/wp\/v2\/comments?post=3355"}],"version-history":[{"count":0,"href":"https:\/\/www.excellence-group.lu\/de\/wp-json\/wp\/v2\/pages\/3355\/revisions"}],"up":[{"embeddable":true,"href":"https:\/\/www.excellence-group.lu\/de\/wp-json\/wp\/v2\/pages\/224"}],"wp:featuredmedia":[{"embeddable":true,"href":"https:\/\/www.excellence-group.lu\/de\/wp-json\/wp\/v2\/media\/2320"}],"wp:attachment":[{"href":"https:\/\/www.excellence-group.lu\/de\/wp-json\/wp\/v2\/media?parent=3355"}],"curies":[{"name":"wp","href":"https:\/\/api.w.org\/{rel}","templated":true}]}}