{"id":288,"date":"2021-03-29T20:19:30","date_gmt":"2021-03-29T20:19:30","guid":{"rendered":"https:\/\/excellence-group.ms.decms.eu\/restaurants\/chloes\/"},"modified":"2026-03-27T10:23:05","modified_gmt":"2026-03-27T10:23:05","slug":"le-chloe","status":"publish","type":"page","link":"https:\/\/www.excellence-group.lu\/de\/restaurants\/le-chloe\/","title":{"rendered":"Le Chlo\u00e9 Restaurant"},"content":{"rendered":"<p><strong>Willkommen im Restaurant Le Chlo\u00e9, einem ikonischen Restaurant, das sich im Herzen des historischen <a href=\"https:\/\/koener.excellence-group.lu\" target=\"_blank\" rel=\"noopener\">Koener Hotel<\/a> in Clervaux befindet.<\/strong><\/p>\n<p>Das Le Chlo\u00e9 bietet ein authentisches kulinarisches Erlebnis. Das Restaurant bietet Ihnen ein 3-G\u00e4nge-Men\u00fc, das je nach Jahreszeit variiert.<\/p>\n<p><em>NB: Das Restaurant ist f\u00fcr alle ge\u00f6ffnet.<\/em><\/p>\n","protected":false},"excerpt":{"rendered":"<p>Willkommen im Restaurant Le Chlo\u00e9, einem ikonischen Restaurant, das sich im Herzen des historischen Koener Hotel in Clervaux befindet. Das Le Chlo\u00e9 bietet ein authentisches kulinarisches Erlebnis. Das Restaurant bietet Ihnen ein 3-G\u00e4nge-Men\u00fc, das je nach Jahreszeit variiert. NB: Das Restaurant ist f\u00fcr alle ge\u00f6ffnet.<\/p>\n","protected":false},"author":5,"featured_media":3340,"parent":265,"menu_order":0,"comment_status":"closed","ping_status":"closed","template":"template-single-restaurant.php","meta":{"footnotes":""},"class_list":["post-288","page","type-page","status-publish","has-post-thumbnail","hentry"],"yoast_head":"<!-- This site is optimized with the Yoast SEO plugin v26.9 - https:\/\/yoast.com\/product\/yoast-seo-wordpress\/ -->\n<title>Le Chlo\u00e9 Restaurant - Excellence Group<\/title>\n<meta name=\"description\" content=\"Das Restaurant Le Chlo\u00e9 befindet sich im Hotel Koener in Clervaux und ist ein raffiniertes Restaurant, das sich auf die franz\u00f6sische K\u00fcche spezialisiert hat.\" \/>\n<meta name=\"robots\" content=\"index, follow, max-snippet:-1, max-image-preview:large, max-video-preview:-1\" \/>\n<link rel=\"canonical\" href=\"https:\/\/www.excellence-group.lu\/de\/restaurants\/le-chloe\/\" \/>\n<meta property=\"og:locale\" content=\"de_DE\" \/>\n<meta property=\"og:type\" content=\"article\" \/>\n<meta property=\"og:title\" content=\"Le Chlo\u00e9 Restaurant - Excellence Group\" \/>\n<meta property=\"og:description\" content=\"Das Restaurant Le Chlo\u00e9 befindet sich im Hotel Koener in Clervaux und ist ein raffiniertes Restaurant, das sich auf die franz\u00f6sische K\u00fcche spezialisiert hat.\" \/>\n<meta property=\"og:url\" content=\"https:\/\/www.excellence-group.lu\/de\/restaurants\/le-chloe\/\" \/>\n<meta property=\"og:site_name\" content=\"Excellence Group\" \/>\n<meta property=\"article:modified_time\" content=\"2026-03-27T10:23:05+00:00\" \/>\n<meta property=\"og:image\" content=\"https:\/\/www.excellence-group.lu\/wp-content\/uploads\/sites\/281\/2024\/04\/restaurant-le-chloe-clervaux_10.jpg\" \/>\n\t<meta property=\"og:image:width\" content=\"1500\" \/>\n\t<meta property=\"og:image:height\" content=\"1000\" \/>\n\t<meta property=\"og:image:type\" content=\"image\/jpeg\" \/>\n<meta name=\"twitter:card\" content=\"summary_large_image\" \/>\n<meta name=\"twitter:label1\" content=\"Gesch\u00e4tzte Lesezeit\" \/>\n\t<meta name=\"twitter:data1\" content=\"1 Minute\" \/>\n<script type=\"application\/ld+json\" class=\"yoast-schema-graph\">{\"@context\":\"https:\/\/schema.org\",\"@graph\":[{\"@type\":\"WebPage\",\"@id\":\"https:\/\/www.excellence-group.lu\/de\/restaurants\/le-chloe\/\",\"url\":\"https:\/\/www.excellence-group.lu\/de\/restaurants\/le-chloe\/\",\"name\":\"Le Chlo\u00e9 Restaurant - Excellence Group\",\"isPartOf\":{\"@id\":\"https:\/\/www.excellence-group.lu\/de\/#website\"},\"primaryImageOfPage\":{\"@id\":\"https:\/\/www.excellence-group.lu\/de\/restaurants\/le-chloe\/#primaryimage\"},\"image\":{\"@id\":\"https:\/\/www.excellence-group.lu\/de\/restaurants\/le-chloe\/#primaryimage\"},\"thumbnailUrl\":\"https:\/\/www.excellence-group.lu\/wp-content\/uploads\/sites\/281\/2024\/04\/restaurant-le-chloe-clervaux_10.jpg\",\"datePublished\":\"2021-03-29T20:19:30+00:00\",\"dateModified\":\"2026-03-27T10:23:05+00:00\",\"description\":\"Das Restaurant Le Chlo\u00e9 befindet sich im Hotel Koener in Clervaux und ist ein raffiniertes Restaurant, das sich auf die franz\u00f6sische K\u00fcche spezialisiert hat.\",\"breadcrumb\":{\"@id\":\"https:\/\/www.excellence-group.lu\/de\/restaurants\/le-chloe\/#breadcrumb\"},\"inLanguage\":\"de-DE\",\"potentialAction\":[{\"@type\":\"ReadAction\",\"target\":[\"https:\/\/www.excellence-group.lu\/de\/restaurants\/le-chloe\/\"]}]},{\"@type\":\"ImageObject\",\"inLanguage\":\"de-DE\",\"@id\":\"https:\/\/www.excellence-group.lu\/de\/restaurants\/le-chloe\/#primaryimage\",\"url\":\"https:\/\/www.excellence-group.lu\/wp-content\/uploads\/sites\/281\/2024\/04\/restaurant-le-chloe-clervaux_10.jpg\",\"contentUrl\":\"https:\/\/www.excellence-group.lu\/wp-content\/uploads\/sites\/281\/2024\/04\/restaurant-le-chloe-clervaux_10.jpg\",\"width\":1500,\"height\":1000,\"caption\":\"Restaurant le Chlo\u00e9 \u00e0 Clervaux au sein de l\\\"h\u00f4tel Koener.\"},{\"@type\":\"BreadcrumbList\",\"@id\":\"https:\/\/www.excellence-group.lu\/de\/restaurants\/le-chloe\/#breadcrumb\",\"itemListElement\":[{\"@type\":\"ListItem\",\"position\":1,\"name\":\"Home\",\"item\":\"https:\/\/www.excellence-group.lu\/de\/\"},{\"@type\":\"ListItem\",\"position\":2,\"name\":\"Restaurants in Clervaux\",\"item\":\"https:\/\/www.excellence-group.lu\/de\/restaurants\/\"},{\"@type\":\"ListItem\",\"position\":3,\"name\":\"Le Chlo\u00e9 Restaurant\"}]},{\"@type\":\"WebSite\",\"@id\":\"https:\/\/www.excellence-group.lu\/de\/#website\",\"url\":\"https:\/\/www.excellence-group.lu\/de\/\",\"name\":\"Excellence Group\",\"description\":\"Just another ms.decms.eu site\",\"potentialAction\":[{\"@type\":\"SearchAction\",\"target\":{\"@type\":\"EntryPoint\",\"urlTemplate\":\"https:\/\/www.excellence-group.lu\/de\/?s={search_term_string}\"},\"query-input\":{\"@type\":\"PropertyValueSpecification\",\"valueRequired\":true,\"valueName\":\"search_term_string\"}}],\"inLanguage\":\"de-DE\"}]}<\/script>\n<!-- \/ Yoast SEO plugin. -->","yoast_head_json":{"title":"Le Chlo\u00e9 Restaurant - Excellence Group","description":"Das Restaurant Le Chlo\u00e9 befindet sich im Hotel Koener in Clervaux und ist ein raffiniertes Restaurant, das sich auf die franz\u00f6sische K\u00fcche spezialisiert hat.","robots":{"index":"index","follow":"follow","max-snippet":"max-snippet:-1","max-image-preview":"max-image-preview:large","max-video-preview":"max-video-preview:-1"},"canonical":"https:\/\/www.excellence-group.lu\/de\/restaurants\/le-chloe\/","og_locale":"de_DE","og_type":"article","og_title":"Le Chlo\u00e9 Restaurant - Excellence Group","og_description":"Das Restaurant Le Chlo\u00e9 befindet sich im Hotel Koener in Clervaux und ist ein raffiniertes Restaurant, das sich auf die franz\u00f6sische K\u00fcche spezialisiert hat.","og_url":"https:\/\/www.excellence-group.lu\/de\/restaurants\/le-chloe\/","og_site_name":"Excellence Group","article_modified_time":"2026-03-27T10:23:05+00:00","og_image":[{"width":1500,"height":1000,"url":"https:\/\/www.excellence-group.lu\/wp-content\/uploads\/sites\/281\/2024\/04\/restaurant-le-chloe-clervaux_10.jpg","type":"image\/jpeg"}],"twitter_card":"summary_large_image","twitter_misc":{"Gesch\u00e4tzte Lesezeit":"1 Minute"},"schema":{"@context":"https:\/\/schema.org","@graph":[{"@type":"WebPage","@id":"https:\/\/www.excellence-group.lu\/de\/restaurants\/le-chloe\/","url":"https:\/\/www.excellence-group.lu\/de\/restaurants\/le-chloe\/","name":"Le Chlo\u00e9 Restaurant - Excellence Group","isPartOf":{"@id":"https:\/\/www.excellence-group.lu\/de\/#website"},"primaryImageOfPage":{"@id":"https:\/\/www.excellence-group.lu\/de\/restaurants\/le-chloe\/#primaryimage"},"image":{"@id":"https:\/\/www.excellence-group.lu\/de\/restaurants\/le-chloe\/#primaryimage"},"thumbnailUrl":"https:\/\/www.excellence-group.lu\/wp-content\/uploads\/sites\/281\/2024\/04\/restaurant-le-chloe-clervaux_10.jpg","datePublished":"2021-03-29T20:19:30+00:00","dateModified":"2026-03-27T10:23:05+00:00","description":"Das Restaurant Le Chlo\u00e9 befindet sich im Hotel Koener in Clervaux und ist ein raffiniertes Restaurant, das sich auf die franz\u00f6sische K\u00fcche spezialisiert hat.","breadcrumb":{"@id":"https:\/\/www.excellence-group.lu\/de\/restaurants\/le-chloe\/#breadcrumb"},"inLanguage":"de-DE","potentialAction":[{"@type":"ReadAction","target":["https:\/\/www.excellence-group.lu\/de\/restaurants\/le-chloe\/"]}]},{"@type":"ImageObject","inLanguage":"de-DE","@id":"https:\/\/www.excellence-group.lu\/de\/restaurants\/le-chloe\/#primaryimage","url":"https:\/\/www.excellence-group.lu\/wp-content\/uploads\/sites\/281\/2024\/04\/restaurant-le-chloe-clervaux_10.jpg","contentUrl":"https:\/\/www.excellence-group.lu\/wp-content\/uploads\/sites\/281\/2024\/04\/restaurant-le-chloe-clervaux_10.jpg","width":1500,"height":1000,"caption":"Restaurant le Chlo\u00e9 \u00e0 Clervaux au sein de l\"h\u00f4tel Koener."},{"@type":"BreadcrumbList","@id":"https:\/\/www.excellence-group.lu\/de\/restaurants\/le-chloe\/#breadcrumb","itemListElement":[{"@type":"ListItem","position":1,"name":"Home","item":"https:\/\/www.excellence-group.lu\/de\/"},{"@type":"ListItem","position":2,"name":"Restaurants in Clervaux","item":"https:\/\/www.excellence-group.lu\/de\/restaurants\/"},{"@type":"ListItem","position":3,"name":"Le Chlo\u00e9 Restaurant"}]},{"@type":"WebSite","@id":"https:\/\/www.excellence-group.lu\/de\/#website","url":"https:\/\/www.excellence-group.lu\/de\/","name":"Excellence Group","description":"Just another ms.decms.eu site","potentialAction":[{"@type":"SearchAction","target":{"@type":"EntryPoint","urlTemplate":"https:\/\/www.excellence-group.lu\/de\/?s={search_term_string}"},"query-input":{"@type":"PropertyValueSpecification","valueRequired":true,"valueName":"search_term_string"}}],"inLanguage":"de-DE"}]}},"acf":[],"_links":{"self":[{"href":"https:\/\/www.excellence-group.lu\/de\/wp-json\/wp\/v2\/pages\/288","targetHints":{"allow":["GET"]}}],"collection":[{"href":"https:\/\/www.excellence-group.lu\/de\/wp-json\/wp\/v2\/pages"}],"about":[{"href":"https:\/\/www.excellence-group.lu\/de\/wp-json\/wp\/v2\/types\/page"}],"author":[{"embeddable":true,"href":"https:\/\/www.excellence-group.lu\/de\/wp-json\/wp\/v2\/users\/5"}],"replies":[{"embeddable":true,"href":"https:\/\/www.excellence-group.lu\/de\/wp-json\/wp\/v2\/comments?post=288"}],"version-history":[{"count":0,"href":"https:\/\/www.excellence-group.lu\/de\/wp-json\/wp\/v2\/pages\/288\/revisions"}],"up":[{"embeddable":true,"href":"https:\/\/www.excellence-group.lu\/de\/wp-json\/wp\/v2\/pages\/265"}],"wp:featuredmedia":[{"embeddable":true,"href":"https:\/\/www.excellence-group.lu\/de\/wp-json\/wp\/v2\/media\/3340"}],"wp:attachment":[{"href":"https:\/\/www.excellence-group.lu\/de\/wp-json\/wp\/v2\/media?parent=288"}],"curies":[{"name":"wp","href":"https:\/\/api.w.org\/{rel}","templated":true}]}}