{"id":283,"date":"2021-03-29T20:19:59","date_gmt":"2021-03-29T20:19:59","guid":{"rendered":"https:\/\/excellence-group.ms.decms.eu\/restaurants\/cabana-bar-by-rhino\/"},"modified":"2024-06-19T09:12:22","modified_gmt":"2024-06-19T09:12:22","slug":"rhino-sports-bar","status":"publish","type":"page","link":"https:\/\/www.excellence-group.lu\/de\/restaurants\/rhino-sports-bar\/","title":{"rendered":"RHINO SPORTS BAR"},"content":{"rendered":"<p><strong>Willkommen in der Rhino Sports Bar, der neuen coolen Bar, in der Sie bei einem Besuch von Clervaux im Herzen des Nordens von Luxemburg etwas trinken k\u00f6nnen.<\/strong><\/p>\n<p>Tauchen Sie in eine warme und freundliche Atmosph\u00e4re ein, sobald Sie die T\u00fcren der Rhino Sports Bar durchschreiten. Ob Sie nun Fu\u00dfball, Basketball, Rugby oder eine andere Sportart lieben, auf unseren 8 Bildschirmen, auf denen die spannendsten Spiele und Sportwettk\u00e4mpfe live \u00fcbertragen werden, werden Sie f\u00fcndig. Machen Sie es sich auf unseren gem\u00fctlichen Sofas bequem oder nehmen Sie an der Theke Platz, um die Live-Action zu verfolgen, w\u00e4hrend Sie einen unserer leckeren hausgemachten Cocktails oder ein k\u00fchles Bier, das direkt vom Fass serviert wird, schl\u00fcrfen.<\/p>\n<p>Eingebettet in die Fu\u00dfg\u00e4ngerzone der Stadt l\u00e4dt die Rhino Sports Bar dazu ein, sich zu entspannen und jeden Moment in guter Gesellschaft zu genie\u00dfen. Ob mit Freunden, Familie oder Kollegen, unser Lokal ist der ideale Ort, um gesellige und vergn\u00fcgliche Momente zu teilen.<\/p>\n<p>Besuchen Sie uns in der Rhino Sports Bar, wo Sport, Entspannung und gute Laune zusammenkommen, um unvergessliche Erinnerungen zu schaffen.<\/p>\n","protected":false},"excerpt":{"rendered":"<p>Willkommen in der Rhino Sports Bar, der neuen coolen Bar, in der Sie bei einem Besuch von Clervaux im Herzen des Nordens von Luxemburg etwas trinken k\u00f6nnen. Tauchen Sie in eine warme und freundliche Atmosph\u00e4re ein, sobald Sie die T\u00fcren der Rhino Sports Bar durchschreiten. Ob Sie nun Fu\u00dfball, Basketball, Rugby oder eine andere Sportart [&hellip;]<\/p>\n","protected":false},"author":5,"featured_media":3259,"parent":265,"menu_order":4,"comment_status":"closed","ping_status":"closed","template":"template-single-restaurant.php","meta":{"footnotes":""},"class_list":["post-283","page","type-page","status-publish","has-post-thumbnail","hentry"],"yoast_head":"<!-- This site is optimized with the Yoast SEO plugin v26.9 - https:\/\/yoast.com\/product\/yoast-seo-wordpress\/ -->\n<title>RHINO SPORTS BAR - Excellence Group<\/title>\n<meta name=\"description\" content=\"Haben Sie Lust auf einen guten Cocktail, ein Glas Wein oder ein k\u00fchles Bier? Dann haben Sie gerade den perfekten Ort gefunden!\" \/>\n<meta name=\"robots\" content=\"index, follow, max-snippet:-1, max-image-preview:large, max-video-preview:-1\" \/>\n<link rel=\"canonical\" href=\"https:\/\/www.excellence-group.lu\/de\/restaurants\/rhino-sports-bar\/\" \/>\n<meta property=\"og:locale\" content=\"de_DE\" \/>\n<meta property=\"og:type\" content=\"article\" \/>\n<meta property=\"og:title\" content=\"RHINO SPORTS BAR - Excellence Group\" \/>\n<meta property=\"og:description\" content=\"Haben Sie Lust auf einen guten Cocktail, ein Glas Wein oder ein k\u00fchles Bier? Dann haben Sie gerade den perfekten Ort gefunden!\" \/>\n<meta property=\"og:url\" content=\"https:\/\/www.excellence-group.lu\/de\/restaurants\/rhino-sports-bar\/\" \/>\n<meta property=\"og:site_name\" content=\"Excellence Group\" \/>\n<meta property=\"article:modified_time\" content=\"2024-06-19T09:12:22+00:00\" \/>\n<meta property=\"og:image\" content=\"https:\/\/www.excellence-group.lu\/wp-content\/uploads\/sites\/281\/2024\/04\/PHOTO-2023-01-25-13-11-31-2.jpg\" \/>\n\t<meta property=\"og:image:width\" content=\"1600\" \/>\n\t<meta property=\"og:image:height\" content=\"1065\" \/>\n\t<meta property=\"og:image:type\" content=\"image\/jpeg\" \/>\n<meta name=\"twitter:card\" content=\"summary_large_image\" \/>\n<meta name=\"twitter:label1\" content=\"Gesch\u00e4tzte Lesezeit\" \/>\n\t<meta name=\"twitter:data1\" content=\"2 Minuten\" \/>\n<script type=\"application\/ld+json\" class=\"yoast-schema-graph\">{\"@context\":\"https:\/\/schema.org\",\"@graph\":[{\"@type\":\"WebPage\",\"@id\":\"https:\/\/www.excellence-group.lu\/de\/restaurants\/rhino-sports-bar\/\",\"url\":\"https:\/\/www.excellence-group.lu\/de\/restaurants\/rhino-sports-bar\/\",\"name\":\"RHINO SPORTS BAR - Excellence Group\",\"isPartOf\":{\"@id\":\"https:\/\/www.excellence-group.lu\/de\/#website\"},\"primaryImageOfPage\":{\"@id\":\"https:\/\/www.excellence-group.lu\/de\/restaurants\/rhino-sports-bar\/#primaryimage\"},\"image\":{\"@id\":\"https:\/\/www.excellence-group.lu\/de\/restaurants\/rhino-sports-bar\/#primaryimage\"},\"thumbnailUrl\":\"https:\/\/www.excellence-group.lu\/wp-content\/uploads\/sites\/281\/2024\/04\/PHOTO-2023-01-25-13-11-31-2.jpg\",\"datePublished\":\"2021-03-29T20:19:59+00:00\",\"dateModified\":\"2024-06-19T09:12:22+00:00\",\"description\":\"Haben Sie Lust auf einen guten Cocktail, ein Glas Wein oder ein k\u00fchles Bier? Dann haben Sie gerade den perfekten Ort gefunden!\",\"breadcrumb\":{\"@id\":\"https:\/\/www.excellence-group.lu\/de\/restaurants\/rhino-sports-bar\/#breadcrumb\"},\"inLanguage\":\"de-DE\",\"potentialAction\":[{\"@type\":\"ReadAction\",\"target\":[\"https:\/\/www.excellence-group.lu\/de\/restaurants\/rhino-sports-bar\/\"]}]},{\"@type\":\"ImageObject\",\"inLanguage\":\"de-DE\",\"@id\":\"https:\/\/www.excellence-group.lu\/de\/restaurants\/rhino-sports-bar\/#primaryimage\",\"url\":\"https:\/\/www.excellence-group.lu\/wp-content\/uploads\/sites\/281\/2024\/04\/PHOTO-2023-01-25-13-11-31-2.jpg\",\"contentUrl\":\"https:\/\/www.excellence-group.lu\/wp-content\/uploads\/sites\/281\/2024\/04\/PHOTO-2023-01-25-13-11-31-2.jpg\",\"width\":1600,\"height\":1065,\"caption\":\"Ou prendre un verre \u00e0 Clervaux? D\u00e9couvrez le Rhino Sports Bar.\"},{\"@type\":\"BreadcrumbList\",\"@id\":\"https:\/\/www.excellence-group.lu\/de\/restaurants\/rhino-sports-bar\/#breadcrumb\",\"itemListElement\":[{\"@type\":\"ListItem\",\"position\":1,\"name\":\"Home\",\"item\":\"https:\/\/www.excellence-group.lu\/de\/\"},{\"@type\":\"ListItem\",\"position\":2,\"name\":\"Restaurants in Clervaux\",\"item\":\"https:\/\/www.excellence-group.lu\/de\/restaurants\/\"},{\"@type\":\"ListItem\",\"position\":3,\"name\":\"RHINO SPORTS BAR\"}]},{\"@type\":\"WebSite\",\"@id\":\"https:\/\/www.excellence-group.lu\/de\/#website\",\"url\":\"https:\/\/www.excellence-group.lu\/de\/\",\"name\":\"Excellence Group\",\"description\":\"Just another ms.decms.eu site\",\"potentialAction\":[{\"@type\":\"SearchAction\",\"target\":{\"@type\":\"EntryPoint\",\"urlTemplate\":\"https:\/\/www.excellence-group.lu\/de\/?s={search_term_string}\"},\"query-input\":{\"@type\":\"PropertyValueSpecification\",\"valueRequired\":true,\"valueName\":\"search_term_string\"}}],\"inLanguage\":\"de-DE\"}]}<\/script>\n<!-- \/ Yoast SEO plugin. -->","yoast_head_json":{"title":"RHINO SPORTS BAR - Excellence Group","description":"Haben Sie Lust auf einen guten Cocktail, ein Glas Wein oder ein k\u00fchles Bier? Dann haben Sie gerade den perfekten Ort gefunden!","robots":{"index":"index","follow":"follow","max-snippet":"max-snippet:-1","max-image-preview":"max-image-preview:large","max-video-preview":"max-video-preview:-1"},"canonical":"https:\/\/www.excellence-group.lu\/de\/restaurants\/rhino-sports-bar\/","og_locale":"de_DE","og_type":"article","og_title":"RHINO SPORTS BAR - Excellence Group","og_description":"Haben Sie Lust auf einen guten Cocktail, ein Glas Wein oder ein k\u00fchles Bier? Dann haben Sie gerade den perfekten Ort gefunden!","og_url":"https:\/\/www.excellence-group.lu\/de\/restaurants\/rhino-sports-bar\/","og_site_name":"Excellence Group","article_modified_time":"2024-06-19T09:12:22+00:00","og_image":[{"width":1600,"height":1065,"url":"https:\/\/www.excellence-group.lu\/wp-content\/uploads\/sites\/281\/2024\/04\/PHOTO-2023-01-25-13-11-31-2.jpg","type":"image\/jpeg"}],"twitter_card":"summary_large_image","twitter_misc":{"Gesch\u00e4tzte Lesezeit":"2 Minuten"},"schema":{"@context":"https:\/\/schema.org","@graph":[{"@type":"WebPage","@id":"https:\/\/www.excellence-group.lu\/de\/restaurants\/rhino-sports-bar\/","url":"https:\/\/www.excellence-group.lu\/de\/restaurants\/rhino-sports-bar\/","name":"RHINO SPORTS BAR - Excellence Group","isPartOf":{"@id":"https:\/\/www.excellence-group.lu\/de\/#website"},"primaryImageOfPage":{"@id":"https:\/\/www.excellence-group.lu\/de\/restaurants\/rhino-sports-bar\/#primaryimage"},"image":{"@id":"https:\/\/www.excellence-group.lu\/de\/restaurants\/rhino-sports-bar\/#primaryimage"},"thumbnailUrl":"https:\/\/www.excellence-group.lu\/wp-content\/uploads\/sites\/281\/2024\/04\/PHOTO-2023-01-25-13-11-31-2.jpg","datePublished":"2021-03-29T20:19:59+00:00","dateModified":"2024-06-19T09:12:22+00:00","description":"Haben Sie Lust auf einen guten Cocktail, ein Glas Wein oder ein k\u00fchles Bier? Dann haben Sie gerade den perfekten Ort gefunden!","breadcrumb":{"@id":"https:\/\/www.excellence-group.lu\/de\/restaurants\/rhino-sports-bar\/#breadcrumb"},"inLanguage":"de-DE","potentialAction":[{"@type":"ReadAction","target":["https:\/\/www.excellence-group.lu\/de\/restaurants\/rhino-sports-bar\/"]}]},{"@type":"ImageObject","inLanguage":"de-DE","@id":"https:\/\/www.excellence-group.lu\/de\/restaurants\/rhino-sports-bar\/#primaryimage","url":"https:\/\/www.excellence-group.lu\/wp-content\/uploads\/sites\/281\/2024\/04\/PHOTO-2023-01-25-13-11-31-2.jpg","contentUrl":"https:\/\/www.excellence-group.lu\/wp-content\/uploads\/sites\/281\/2024\/04\/PHOTO-2023-01-25-13-11-31-2.jpg","width":1600,"height":1065,"caption":"Ou prendre un verre \u00e0 Clervaux? D\u00e9couvrez le Rhino Sports Bar."},{"@type":"BreadcrumbList","@id":"https:\/\/www.excellence-group.lu\/de\/restaurants\/rhino-sports-bar\/#breadcrumb","itemListElement":[{"@type":"ListItem","position":1,"name":"Home","item":"https:\/\/www.excellence-group.lu\/de\/"},{"@type":"ListItem","position":2,"name":"Restaurants in Clervaux","item":"https:\/\/www.excellence-group.lu\/de\/restaurants\/"},{"@type":"ListItem","position":3,"name":"RHINO SPORTS BAR"}]},{"@type":"WebSite","@id":"https:\/\/www.excellence-group.lu\/de\/#website","url":"https:\/\/www.excellence-group.lu\/de\/","name":"Excellence Group","description":"Just another ms.decms.eu site","potentialAction":[{"@type":"SearchAction","target":{"@type":"EntryPoint","urlTemplate":"https:\/\/www.excellence-group.lu\/de\/?s={search_term_string}"},"query-input":{"@type":"PropertyValueSpecification","valueRequired":true,"valueName":"search_term_string"}}],"inLanguage":"de-DE"}]}},"acf":[],"_links":{"self":[{"href":"https:\/\/www.excellence-group.lu\/de\/wp-json\/wp\/v2\/pages\/283","targetHints":{"allow":["GET"]}}],"collection":[{"href":"https:\/\/www.excellence-group.lu\/de\/wp-json\/wp\/v2\/pages"}],"about":[{"href":"https:\/\/www.excellence-group.lu\/de\/wp-json\/wp\/v2\/types\/page"}],"author":[{"embeddable":true,"href":"https:\/\/www.excellence-group.lu\/de\/wp-json\/wp\/v2\/users\/5"}],"replies":[{"embeddable":true,"href":"https:\/\/www.excellence-group.lu\/de\/wp-json\/wp\/v2\/comments?post=283"}],"version-history":[{"count":0,"href":"https:\/\/www.excellence-group.lu\/de\/wp-json\/wp\/v2\/pages\/283\/revisions"}],"up":[{"embeddable":true,"href":"https:\/\/www.excellence-group.lu\/de\/wp-json\/wp\/v2\/pages\/265"}],"wp:featuredmedia":[{"embeddable":true,"href":"https:\/\/www.excellence-group.lu\/de\/wp-json\/wp\/v2\/media\/3259"}],"wp:attachment":[{"href":"https:\/\/www.excellence-group.lu\/de\/wp-json\/wp\/v2\/media?parent=283"}],"curies":[{"name":"wp","href":"https:\/\/api.w.org\/{rel}","templated":true}]}}