{"id":265,"date":"2021-03-29T18:26:18","date_gmt":"2021-03-29T18:26:18","guid":{"rendered":"https:\/\/excellence-group.ms.decms.eu\/restaurants\/"},"modified":"2024-07-01T09:37:46","modified_gmt":"2024-07-01T09:37:46","slug":"restaurants","status":"publish","type":"page","link":"https:\/\/www.excellence-group.lu\/de\/restaurants\/","title":{"rendered":"Restaurants in Clervaux"},"content":{"rendered":"<p style=\"text-align: center\">Bei Ihrem Besuch in Clervaux k\u00f6nnen Sie in einem der Restaurants der Groupe Excellence eine k\u00f6stliche Mahlzeit genie\u00dfen.<\/p>\n<p style=\"text-align: center\">W\u00e4hlen Sie zwischen der <strong>Brasserie Koener<\/strong>, dem Wahrzeichen der Stadt Clervaux, oder dem <strong>Le Chlo\u00e9<\/strong>, einem raffinierteren Restaurant mit franz\u00f6sischer K\u00fcche.<\/p>\n<p style=\"text-align: center\">Wenn Sie nach einem Ort suchen, an dem Sie in Clervaux essen k\u00f6nnen, sind Sie hier genau richtig! Diese Restaurants befinden sich im Herzen von Clervaux in der belebten Fu\u00dfg\u00e4ngerzone.<\/p>\n","protected":false},"excerpt":{"rendered":"<p>Bei Ihrem Besuch in Clervaux k\u00f6nnen Sie in einem der Restaurants der Groupe Excellence eine k\u00f6stliche Mahlzeit genie\u00dfen. W\u00e4hlen Sie zwischen der Brasserie Koener, dem Wahrzeichen der Stadt Clervaux, oder dem Le Chlo\u00e9, einem raffinierteren Restaurant mit franz\u00f6sischer K\u00fcche. Wenn Sie nach einem Ort suchen, an dem Sie in Clervaux essen k\u00f6nnen, sind Sie hier [&hellip;]<\/p>\n","protected":false},"author":5,"featured_media":1190,"parent":0,"menu_order":0,"comment_status":"closed","ping_status":"closed","template":"template-restaurants.php","meta":{"footnotes":""},"class_list":["post-265","page","type-page","status-publish","has-post-thumbnail","hentry"],"yoast_head":"<!-- This site is optimized with the Yoast SEO plugin v26.9 - https:\/\/yoast.com\/product\/yoast-seo-wordpress\/ -->\n<title>Restaurants in Clervaux<\/title>\n<meta name=\"description\" content=\"Sie suchen ein Restaurant, in dem Sie in Clervaux essen k\u00f6nnen? Ob Brasserie, Italienisch oder Gourmet, mehr info auf unser website.\" \/>\n<meta name=\"robots\" content=\"index, follow, max-snippet:-1, max-image-preview:large, max-video-preview:-1\" \/>\n<link rel=\"canonical\" href=\"https:\/\/www.excellence-group.lu\/de\/restaurants\/\" \/>\n<meta property=\"og:locale\" content=\"de_DE\" \/>\n<meta property=\"og:type\" content=\"article\" \/>\n<meta property=\"og:title\" content=\"Restaurants in Clervaux\" \/>\n<meta property=\"og:description\" content=\"Sie suchen ein Restaurant, in dem Sie in Clervaux essen k\u00f6nnen? Ob Brasserie, Italienisch oder Gourmet, mehr info auf unser website.\" \/>\n<meta property=\"og:url\" content=\"https:\/\/www.excellence-group.lu\/de\/restaurants\/\" \/>\n<meta property=\"og:site_name\" content=\"Excellence Group\" \/>\n<meta property=\"article:modified_time\" content=\"2024-07-01T09:37:46+00:00\" \/>\n<meta property=\"og:image\" content=\"https:\/\/www.excellence-group.lu\/wp-content\/uploads\/sites\/281\/2022\/03\/Chloe_Koener_VisitClervaux_fevrier2022-67-1-1024x683.jpg\" \/>\n\t<meta property=\"og:image:width\" content=\"1024\" \/>\n\t<meta property=\"og:image:height\" content=\"683\" \/>\n\t<meta property=\"og:image:type\" content=\"image\/jpeg\" \/>\n<meta name=\"twitter:card\" content=\"summary_large_image\" \/>\n<meta name=\"twitter:label1\" content=\"Gesch\u00e4tzte Lesezeit\" \/>\n\t<meta name=\"twitter:data1\" content=\"1 Minute\" \/>\n<script type=\"application\/ld+json\" class=\"yoast-schema-graph\">{\"@context\":\"https:\/\/schema.org\",\"@graph\":[{\"@type\":\"WebPage\",\"@id\":\"https:\/\/www.excellence-group.lu\/de\/restaurants\/\",\"url\":\"https:\/\/www.excellence-group.lu\/de\/restaurants\/\",\"name\":\"Restaurants in Clervaux\",\"isPartOf\":{\"@id\":\"https:\/\/www.excellence-group.lu\/de\/#website\"},\"primaryImageOfPage\":{\"@id\":\"https:\/\/www.excellence-group.lu\/de\/restaurants\/#primaryimage\"},\"image\":{\"@id\":\"https:\/\/www.excellence-group.lu\/de\/restaurants\/#primaryimage\"},\"thumbnailUrl\":\"https:\/\/www.excellence-group.lu\/wp-content\/uploads\/sites\/281\/2022\/03\/Chloe_Koener_VisitClervaux_fevrier2022-67-1.jpg\",\"datePublished\":\"2021-03-29T18:26:18+00:00\",\"dateModified\":\"2024-07-01T09:37:46+00:00\",\"description\":\"Sie suchen ein Restaurant, in dem Sie in Clervaux essen k\u00f6nnen? Ob Brasserie, Italienisch oder Gourmet, mehr info auf unser website.\",\"breadcrumb\":{\"@id\":\"https:\/\/www.excellence-group.lu\/de\/restaurants\/#breadcrumb\"},\"inLanguage\":\"de-DE\",\"potentialAction\":[{\"@type\":\"ReadAction\",\"target\":[\"https:\/\/www.excellence-group.lu\/de\/restaurants\/\"]}]},{\"@type\":\"ImageObject\",\"inLanguage\":\"de-DE\",\"@id\":\"https:\/\/www.excellence-group.lu\/de\/restaurants\/#primaryimage\",\"url\":\"https:\/\/www.excellence-group.lu\/wp-content\/uploads\/sites\/281\/2022\/03\/Chloe_Koener_VisitClervaux_fevrier2022-67-1.jpg\",\"contentUrl\":\"https:\/\/www.excellence-group.lu\/wp-content\/uploads\/sites\/281\/2022\/03\/Chloe_Koener_VisitClervaux_fevrier2022-67-1.jpg\",\"width\":2560,\"height\":1707},{\"@type\":\"BreadcrumbList\",\"@id\":\"https:\/\/www.excellence-group.lu\/de\/restaurants\/#breadcrumb\",\"itemListElement\":[{\"@type\":\"ListItem\",\"position\":1,\"name\":\"Home\",\"item\":\"https:\/\/www.excellence-group.lu\/de\/\"},{\"@type\":\"ListItem\",\"position\":2,\"name\":\"Restaurants in Clervaux\"}]},{\"@type\":\"WebSite\",\"@id\":\"https:\/\/www.excellence-group.lu\/de\/#website\",\"url\":\"https:\/\/www.excellence-group.lu\/de\/\",\"name\":\"Excellence Group\",\"description\":\"Just another ms.decms.eu site\",\"potentialAction\":[{\"@type\":\"SearchAction\",\"target\":{\"@type\":\"EntryPoint\",\"urlTemplate\":\"https:\/\/www.excellence-group.lu\/de\/?s={search_term_string}\"},\"query-input\":{\"@type\":\"PropertyValueSpecification\",\"valueRequired\":true,\"valueName\":\"search_term_string\"}}],\"inLanguage\":\"de-DE\"}]}<\/script>\n<!-- \/ Yoast SEO plugin. -->","yoast_head_json":{"title":"Restaurants in Clervaux","description":"Sie suchen ein Restaurant, in dem Sie in Clervaux essen k\u00f6nnen? Ob Brasserie, Italienisch oder Gourmet, mehr info auf unser website.","robots":{"index":"index","follow":"follow","max-snippet":"max-snippet:-1","max-image-preview":"max-image-preview:large","max-video-preview":"max-video-preview:-1"},"canonical":"https:\/\/www.excellence-group.lu\/de\/restaurants\/","og_locale":"de_DE","og_type":"article","og_title":"Restaurants in Clervaux","og_description":"Sie suchen ein Restaurant, in dem Sie in Clervaux essen k\u00f6nnen? Ob Brasserie, Italienisch oder Gourmet, mehr info auf unser website.","og_url":"https:\/\/www.excellence-group.lu\/de\/restaurants\/","og_site_name":"Excellence Group","article_modified_time":"2024-07-01T09:37:46+00:00","og_image":[{"width":1024,"height":683,"url":"https:\/\/www.excellence-group.lu\/wp-content\/uploads\/sites\/281\/2022\/03\/Chloe_Koener_VisitClervaux_fevrier2022-67-1-1024x683.jpg","type":"image\/jpeg"}],"twitter_card":"summary_large_image","twitter_misc":{"Gesch\u00e4tzte Lesezeit":"1 Minute"},"schema":{"@context":"https:\/\/schema.org","@graph":[{"@type":"WebPage","@id":"https:\/\/www.excellence-group.lu\/de\/restaurants\/","url":"https:\/\/www.excellence-group.lu\/de\/restaurants\/","name":"Restaurants in Clervaux","isPartOf":{"@id":"https:\/\/www.excellence-group.lu\/de\/#website"},"primaryImageOfPage":{"@id":"https:\/\/www.excellence-group.lu\/de\/restaurants\/#primaryimage"},"image":{"@id":"https:\/\/www.excellence-group.lu\/de\/restaurants\/#primaryimage"},"thumbnailUrl":"https:\/\/www.excellence-group.lu\/wp-content\/uploads\/sites\/281\/2022\/03\/Chloe_Koener_VisitClervaux_fevrier2022-67-1.jpg","datePublished":"2021-03-29T18:26:18+00:00","dateModified":"2024-07-01T09:37:46+00:00","description":"Sie suchen ein Restaurant, in dem Sie in Clervaux essen k\u00f6nnen? Ob Brasserie, Italienisch oder Gourmet, mehr info auf unser website.","breadcrumb":{"@id":"https:\/\/www.excellence-group.lu\/de\/restaurants\/#breadcrumb"},"inLanguage":"de-DE","potentialAction":[{"@type":"ReadAction","target":["https:\/\/www.excellence-group.lu\/de\/restaurants\/"]}]},{"@type":"ImageObject","inLanguage":"de-DE","@id":"https:\/\/www.excellence-group.lu\/de\/restaurants\/#primaryimage","url":"https:\/\/www.excellence-group.lu\/wp-content\/uploads\/sites\/281\/2022\/03\/Chloe_Koener_VisitClervaux_fevrier2022-67-1.jpg","contentUrl":"https:\/\/www.excellence-group.lu\/wp-content\/uploads\/sites\/281\/2022\/03\/Chloe_Koener_VisitClervaux_fevrier2022-67-1.jpg","width":2560,"height":1707},{"@type":"BreadcrumbList","@id":"https:\/\/www.excellence-group.lu\/de\/restaurants\/#breadcrumb","itemListElement":[{"@type":"ListItem","position":1,"name":"Home","item":"https:\/\/www.excellence-group.lu\/de\/"},{"@type":"ListItem","position":2,"name":"Restaurants in Clervaux"}]},{"@type":"WebSite","@id":"https:\/\/www.excellence-group.lu\/de\/#website","url":"https:\/\/www.excellence-group.lu\/de\/","name":"Excellence Group","description":"Just another ms.decms.eu site","potentialAction":[{"@type":"SearchAction","target":{"@type":"EntryPoint","urlTemplate":"https:\/\/www.excellence-group.lu\/de\/?s={search_term_string}"},"query-input":{"@type":"PropertyValueSpecification","valueRequired":true,"valueName":"search_term_string"}}],"inLanguage":"de-DE"}]}},"acf":[],"_links":{"self":[{"href":"https:\/\/www.excellence-group.lu\/de\/wp-json\/wp\/v2\/pages\/265","targetHints":{"allow":["GET"]}}],"collection":[{"href":"https:\/\/www.excellence-group.lu\/de\/wp-json\/wp\/v2\/pages"}],"about":[{"href":"https:\/\/www.excellence-group.lu\/de\/wp-json\/wp\/v2\/types\/page"}],"author":[{"embeddable":true,"href":"https:\/\/www.excellence-group.lu\/de\/wp-json\/wp\/v2\/users\/5"}],"replies":[{"embeddable":true,"href":"https:\/\/www.excellence-group.lu\/de\/wp-json\/wp\/v2\/comments?post=265"}],"version-history":[{"count":0,"href":"https:\/\/www.excellence-group.lu\/de\/wp-json\/wp\/v2\/pages\/265\/revisions"}],"wp:featuredmedia":[{"embeddable":true,"href":"https:\/\/www.excellence-group.lu\/de\/wp-json\/wp\/v2\/media\/1190"}],"wp:attachment":[{"href":"https:\/\/www.excellence-group.lu\/de\/wp-json\/wp\/v2\/media?parent=265"}],"curies":[{"name":"wp","href":"https:\/\/api.w.org\/{rel}","templated":true}]}}