{"id":244,"date":"2021-04-09T18:18:10","date_gmt":"2021-04-09T18:18:10","guid":{"rendered":"https:\/\/excellence-group.ms.decms.eu\/evenements\/meetings\/"},"modified":"2024-12-02T12:57:38","modified_gmt":"2024-12-02T12:57:38","slug":"meetings","status":"publish","type":"page","link":"https:\/\/www.excellence-group.lu\/de\/events\/meetings\/","title":{"rendered":"Meetings"},"content":{"rendered":"<ul>\n<li><span style=\"color: #000000\"><strong>Verf\u00fcgbar nach Ihren Bed\u00fcrfnissen:<\/strong> Einfach zu buchen, stundenweise verf\u00fcgbar, bereit und eingerichtet, wie es sich f\u00fcr jede Art von Besprechung geh\u00f6rt &#8211; Excellence Besprechungsr\u00e4ume hei\u00dfen Sie willkommen!<\/span><\/li>\n<li><span style=\"color: #000000\"><strong>All-inclusive-Preis:<\/strong> Unsere Angebote f\u00fcr die Bereitstellung von Konferenzr\u00e4umen beinhalten alle Schreibutensilien, die Sie ben\u00f6tigen werden.<\/span><\/li>\n<li><span style=\"color: #000000\"><strong>Von 2 bis 200 Personen,<\/strong> wir haben Platz! Ein vertrauliches Treffen im kleinen Kreis? Eine Konferenz? Oder ein Workshop? \u00a0Es gibt bestimmt einen Raum, der Ihre Veranstaltung perfekt beherbergen kann.<\/span><\/li>\n<li><span style=\"color: #000000\"><strong>Vernetzter Tagungsraum:<\/strong> Unsere Tagungsr\u00e4ume verf\u00fcgen \u00fcber eine hervorragende IT-Infrastruktur (gesichertes Netzwerk), Video- und Audiokonferenzen, Gro\u00dfbildschirme und hochwertige Beamer.<\/span><\/li>\n<li><span style=\"color: #000000\"><strong>Fr\u00fchst\u00fcck oder Mittagessen auf dem Tablett?<\/strong> F\u00fcr Ihr Meeting oder Ihre Veranstaltung bieten wir Ihnen eine gro\u00dfe<\/span><\/li>\n<li><span style=\"color: #000000\"><strong>Auswahl an Catering-Leistungen:<\/strong> Fr\u00fchst\u00fcck, Mittagessen auf dem Tablett, Buffet, Cocktail, Abendessen &#8211; nichts ist unm\u00f6glich und jeder Wunsch kann erf\u00fcllt werden!<\/span><\/li>\n<li><span style=\"color: #000000\"><strong>Ein Team, das Ihnen zuh\u00f6rt:<\/strong> Unser Team ist geschult und einsatzbereit, um Sie und Ihre Kunden zu empfangen, aber auch, um die Organisation Ihres Treffens oder Ihrer Veranstaltung zu begleiten. Unser Hauptanliegen ist es, dass Sie zufrieden sind. Wir h\u00f6ren Ihnen zu und gehen auf Ihre W\u00fcnsche ein.<\/span><\/li>\n<\/ul>\n<div class=\"btns_wrap\"><span class=\"btnCta btn external\"><a href=\"https:\/\/excellence-group.backyou.app\/de\/c\/request\/seminaire\" target=\"_blank\" rel=\"noopener\">Fordern Sie online ein Angebot an<br \/>\n<\/a><\/span><\/div>\n","protected":false},"excerpt":{"rendered":"<p>Verf\u00fcgbar nach Ihren Bed\u00fcrfnissen: Einfach zu buchen, stundenweise verf\u00fcgbar, bereit und eingerichtet, wie es sich f\u00fcr jede Art von Besprechung geh\u00f6rt &#8211; Excellence Besprechungsr\u00e4ume hei\u00dfen Sie willkommen! All-inclusive-Preis: Unsere Angebote f\u00fcr die Bereitstellung von Konferenzr\u00e4umen beinhalten alle Schreibutensilien, die Sie ben\u00f6tigen werden. Von 2 bis 200 Personen, wir haben Platz! Ein vertrauliches Treffen im kleinen [&hellip;]<\/p>\n","protected":false},"author":5,"featured_media":2356,"parent":224,"menu_order":0,"comment_status":"closed","ping_status":"closed","template":"template-single-wedding.php","meta":{"footnotes":""},"class_list":["post-244","page","type-page","status-publish","has-post-thumbnail","hentry"],"yoast_head":"<!-- This site is optimized with the Yoast SEO plugin v26.9 - https:\/\/yoast.com\/product\/yoast-seo-wordpress\/ -->\n<title>Meetings - Excellence Group<\/title>\n<meta name=\"robots\" content=\"index, follow, max-snippet:-1, max-image-preview:large, max-video-preview:-1\" \/>\n<link rel=\"canonical\" href=\"https:\/\/www.excellence-group.lu\/de\/events\/meetings\/\" \/>\n<meta property=\"og:locale\" content=\"de_DE\" \/>\n<meta property=\"og:type\" content=\"article\" \/>\n<meta property=\"og:title\" content=\"Meetings - Excellence Group\" \/>\n<meta property=\"og:description\" content=\"Verf\u00fcgbar nach Ihren Bed\u00fcrfnissen: Einfach zu buchen, stundenweise verf\u00fcgbar, bereit und eingerichtet, wie es sich f\u00fcr jede Art von Besprechung geh\u00f6rt &#8211; Excellence Besprechungsr\u00e4ume hei\u00dfen Sie willkommen! All-inclusive-Preis: Unsere Angebote f\u00fcr die Bereitstellung von Konferenzr\u00e4umen beinhalten alle Schreibutensilien, die Sie ben\u00f6tigen werden. Von 2 bis 200 Personen, wir haben Platz! Ein vertrauliches Treffen im kleinen [&hellip;]\" \/>\n<meta property=\"og:url\" content=\"https:\/\/www.excellence-group.lu\/de\/events\/meetings\/\" \/>\n<meta property=\"og:site_name\" content=\"Excellence Group\" \/>\n<meta property=\"article:modified_time\" content=\"2024-12-02T12:57:38+00:00\" \/>\n<meta property=\"og:image\" content=\"https:\/\/www.excellence-group.lu\/wp-content\/uploads\/sites\/281\/2023\/02\/DSC_2125-HDR.jpg\" \/>\n\t<meta property=\"og:image:width\" content=\"2560\" \/>\n\t<meta property=\"og:image:height\" content=\"1708\" \/>\n\t<meta property=\"og:image:type\" content=\"image\/jpeg\" \/>\n<meta name=\"twitter:card\" content=\"summary_large_image\" \/>\n<meta name=\"twitter:label1\" content=\"Gesch\u00e4tzte Lesezeit\" \/>\n\t<meta name=\"twitter:data1\" content=\"2 Minuten\" \/>\n<script type=\"application\/ld+json\" class=\"yoast-schema-graph\">{\"@context\":\"https:\/\/schema.org\",\"@graph\":[{\"@type\":\"WebPage\",\"@id\":\"https:\/\/www.excellence-group.lu\/de\/events\/meetings\/\",\"url\":\"https:\/\/www.excellence-group.lu\/de\/events\/meetings\/\",\"name\":\"Meetings - Excellence Group\",\"isPartOf\":{\"@id\":\"https:\/\/www.excellence-group.lu\/de\/#website\"},\"primaryImageOfPage\":{\"@id\":\"https:\/\/www.excellence-group.lu\/de\/events\/meetings\/#primaryimage\"},\"image\":{\"@id\":\"https:\/\/www.excellence-group.lu\/de\/events\/meetings\/#primaryimage\"},\"thumbnailUrl\":\"https:\/\/www.excellence-group.lu\/wp-content\/uploads\/sites\/281\/2023\/02\/DSC_2125-HDR.jpg\",\"datePublished\":\"2021-04-09T18:18:10+00:00\",\"dateModified\":\"2024-12-02T12:57:38+00:00\",\"breadcrumb\":{\"@id\":\"https:\/\/www.excellence-group.lu\/de\/events\/meetings\/#breadcrumb\"},\"inLanguage\":\"de-DE\",\"potentialAction\":[{\"@type\":\"ReadAction\",\"target\":[\"https:\/\/www.excellence-group.lu\/de\/events\/meetings\/\"]}]},{\"@type\":\"ImageObject\",\"inLanguage\":\"de-DE\",\"@id\":\"https:\/\/www.excellence-group.lu\/de\/events\/meetings\/#primaryimage\",\"url\":\"https:\/\/www.excellence-group.lu\/wp-content\/uploads\/sites\/281\/2023\/02\/DSC_2125-HDR.jpg\",\"contentUrl\":\"https:\/\/www.excellence-group.lu\/wp-content\/uploads\/sites\/281\/2023\/02\/DSC_2125-HDR.jpg\",\"width\":2560,\"height\":1708},{\"@type\":\"BreadcrumbList\",\"@id\":\"https:\/\/www.excellence-group.lu\/de\/events\/meetings\/#breadcrumb\",\"itemListElement\":[{\"@type\":\"ListItem\",\"position\":1,\"name\":\"Home\",\"item\":\"https:\/\/www.excellence-group.lu\/de\/\"},{\"@type\":\"ListItem\",\"position\":2,\"name\":\"Events\",\"item\":\"https:\/\/www.excellence-group.lu\/de\/events\/\"},{\"@type\":\"ListItem\",\"position\":3,\"name\":\"Meetings\"}]},{\"@type\":\"WebSite\",\"@id\":\"https:\/\/www.excellence-group.lu\/de\/#website\",\"url\":\"https:\/\/www.excellence-group.lu\/de\/\",\"name\":\"Excellence Group\",\"description\":\"Just another ms.decms.eu site\",\"potentialAction\":[{\"@type\":\"SearchAction\",\"target\":{\"@type\":\"EntryPoint\",\"urlTemplate\":\"https:\/\/www.excellence-group.lu\/de\/?s={search_term_string}\"},\"query-input\":{\"@type\":\"PropertyValueSpecification\",\"valueRequired\":true,\"valueName\":\"search_term_string\"}}],\"inLanguage\":\"de-DE\"}]}<\/script>\n<!-- \/ Yoast SEO plugin. -->","yoast_head_json":{"title":"Meetings - Excellence Group","robots":{"index":"index","follow":"follow","max-snippet":"max-snippet:-1","max-image-preview":"max-image-preview:large","max-video-preview":"max-video-preview:-1"},"canonical":"https:\/\/www.excellence-group.lu\/de\/events\/meetings\/","og_locale":"de_DE","og_type":"article","og_title":"Meetings - Excellence Group","og_description":"Verf\u00fcgbar nach Ihren Bed\u00fcrfnissen: Einfach zu buchen, stundenweise verf\u00fcgbar, bereit und eingerichtet, wie es sich f\u00fcr jede Art von Besprechung geh\u00f6rt &#8211; Excellence Besprechungsr\u00e4ume hei\u00dfen Sie willkommen! All-inclusive-Preis: Unsere Angebote f\u00fcr die Bereitstellung von Konferenzr\u00e4umen beinhalten alle Schreibutensilien, die Sie ben\u00f6tigen werden. Von 2 bis 200 Personen, wir haben Platz! Ein vertrauliches Treffen im kleinen [&hellip;]","og_url":"https:\/\/www.excellence-group.lu\/de\/events\/meetings\/","og_site_name":"Excellence Group","article_modified_time":"2024-12-02T12:57:38+00:00","og_image":[{"width":2560,"height":1708,"url":"https:\/\/www.excellence-group.lu\/wp-content\/uploads\/sites\/281\/2023\/02\/DSC_2125-HDR.jpg","type":"image\/jpeg"}],"twitter_card":"summary_large_image","twitter_misc":{"Gesch\u00e4tzte Lesezeit":"2 Minuten"},"schema":{"@context":"https:\/\/schema.org","@graph":[{"@type":"WebPage","@id":"https:\/\/www.excellence-group.lu\/de\/events\/meetings\/","url":"https:\/\/www.excellence-group.lu\/de\/events\/meetings\/","name":"Meetings - Excellence Group","isPartOf":{"@id":"https:\/\/www.excellence-group.lu\/de\/#website"},"primaryImageOfPage":{"@id":"https:\/\/www.excellence-group.lu\/de\/events\/meetings\/#primaryimage"},"image":{"@id":"https:\/\/www.excellence-group.lu\/de\/events\/meetings\/#primaryimage"},"thumbnailUrl":"https:\/\/www.excellence-group.lu\/wp-content\/uploads\/sites\/281\/2023\/02\/DSC_2125-HDR.jpg","datePublished":"2021-04-09T18:18:10+00:00","dateModified":"2024-12-02T12:57:38+00:00","breadcrumb":{"@id":"https:\/\/www.excellence-group.lu\/de\/events\/meetings\/#breadcrumb"},"inLanguage":"de-DE","potentialAction":[{"@type":"ReadAction","target":["https:\/\/www.excellence-group.lu\/de\/events\/meetings\/"]}]},{"@type":"ImageObject","inLanguage":"de-DE","@id":"https:\/\/www.excellence-group.lu\/de\/events\/meetings\/#primaryimage","url":"https:\/\/www.excellence-group.lu\/wp-content\/uploads\/sites\/281\/2023\/02\/DSC_2125-HDR.jpg","contentUrl":"https:\/\/www.excellence-group.lu\/wp-content\/uploads\/sites\/281\/2023\/02\/DSC_2125-HDR.jpg","width":2560,"height":1708},{"@type":"BreadcrumbList","@id":"https:\/\/www.excellence-group.lu\/de\/events\/meetings\/#breadcrumb","itemListElement":[{"@type":"ListItem","position":1,"name":"Home","item":"https:\/\/www.excellence-group.lu\/de\/"},{"@type":"ListItem","position":2,"name":"Events","item":"https:\/\/www.excellence-group.lu\/de\/events\/"},{"@type":"ListItem","position":3,"name":"Meetings"}]},{"@type":"WebSite","@id":"https:\/\/www.excellence-group.lu\/de\/#website","url":"https:\/\/www.excellence-group.lu\/de\/","name":"Excellence Group","description":"Just another ms.decms.eu site","potentialAction":[{"@type":"SearchAction","target":{"@type":"EntryPoint","urlTemplate":"https:\/\/www.excellence-group.lu\/de\/?s={search_term_string}"},"query-input":{"@type":"PropertyValueSpecification","valueRequired":true,"valueName":"search_term_string"}}],"inLanguage":"de-DE"}]}},"acf":[],"_links":{"self":[{"href":"https:\/\/www.excellence-group.lu\/de\/wp-json\/wp\/v2\/pages\/244","targetHints":{"allow":["GET"]}}],"collection":[{"href":"https:\/\/www.excellence-group.lu\/de\/wp-json\/wp\/v2\/pages"}],"about":[{"href":"https:\/\/www.excellence-group.lu\/de\/wp-json\/wp\/v2\/types\/page"}],"author":[{"embeddable":true,"href":"https:\/\/www.excellence-group.lu\/de\/wp-json\/wp\/v2\/users\/5"}],"replies":[{"embeddable":true,"href":"https:\/\/www.excellence-group.lu\/de\/wp-json\/wp\/v2\/comments?post=244"}],"version-history":[{"count":0,"href":"https:\/\/www.excellence-group.lu\/de\/wp-json\/wp\/v2\/pages\/244\/revisions"}],"up":[{"embeddable":true,"href":"https:\/\/www.excellence-group.lu\/de\/wp-json\/wp\/v2\/pages\/224"}],"wp:featuredmedia":[{"embeddable":true,"href":"https:\/\/www.excellence-group.lu\/de\/wp-json\/wp\/v2\/media\/2356"}],"wp:attachment":[{"href":"https:\/\/www.excellence-group.lu\/de\/wp-json\/wp\/v2\/media?parent=244"}],"curies":[{"name":"wp","href":"https:\/\/api.w.org\/{rel}","templated":true}]}}