{"id":239,"date":"2021-04-21T16:54:19","date_gmt":"2021-04-21T16:54:19","guid":{"rendered":"https:\/\/excellence-group.ms.decms.eu\/evenements\/mariages\/"},"modified":"2024-12-02T12:49:32","modified_gmt":"2024-12-02T12:49:32","slug":"hochzeiten","status":"publish","type":"page","link":"https:\/\/www.excellence-group.lu\/de\/events\/hochzeiten\/","title":{"rendered":"Hochzeiten"},"content":{"rendered":"<p><span style=\"color: #000000\">Sie geben uns Ihre Ideen und wir setzen sie um. Das Team von Excellence Group wird Ihnen helfen, Ihre Tr\u00e4ume in die Realit\u00e4t umzusetzen.<\/span><\/p>\n<p><span style=\"color: #000000\">Wir stellen Ihnen unser Fachwissen und unsere Beratung zur Verf\u00fcgung, damit Sie diesen au\u00dfergew\u00f6hnlichen Tag in vollen Z\u00fcgen genie\u00dfen k\u00f6nnen.<\/span><\/p>\n<p><span style=\"color: #000000\">Ob intime Zeremonie oder eine majest\u00e4tische Hochzeit, unser Team wird sich Ihren W\u00fcnschen anpassen.<\/span><\/p>\n<p><span style=\"color: #000000\">Entdecken Sie unsere R\u00e4umlichkeiten f\u00fcr die Organisation Ihrer Hochzeit.<\/span><\/p>\n<div class=\"btns_wrap\"><span class=\"btnCta btn external\"><a href=\"https:\/\/excellence-group.backyou.app\/de\/c\/request\/mariage\" target=\"_blank\" rel=\"noopener\">Fordern Sie ein Angebot an<\/a><\/span><\/div>\n","protected":false},"excerpt":{"rendered":"<p>Sie geben uns Ihre Ideen und wir setzen sie um. Das Team von Excellence Group wird Ihnen helfen, Ihre Tr\u00e4ume in die Realit\u00e4t umzusetzen. Wir stellen Ihnen unser Fachwissen und unsere Beratung zur Verf\u00fcgung, damit Sie diesen au\u00dfergew\u00f6hnlichen Tag in vollen Z\u00fcgen genie\u00dfen k\u00f6nnen. Ob intime Zeremonie oder eine majest\u00e4tische Hochzeit, unser Team wird sich [&hellip;]<\/p>\n","protected":false},"author":5,"featured_media":2160,"parent":224,"menu_order":0,"comment_status":"closed","ping_status":"closed","template":"template-single-wedding.php","meta":{"footnotes":""},"class_list":["post-239","page","type-page","status-publish","has-post-thumbnail","hentry"],"yoast_head":"<!-- This site is optimized with the Yoast SEO plugin v26.9 - https:\/\/yoast.com\/product\/yoast-seo-wordpress\/ -->\n<title>Hochzeiten - Excellence Group<\/title>\n<meta name=\"robots\" content=\"index, follow, max-snippet:-1, max-image-preview:large, max-video-preview:-1\" \/>\n<link rel=\"canonical\" href=\"https:\/\/www.excellence-group.lu\/de\/events\/hochzeiten\/\" \/>\n<meta property=\"og:locale\" content=\"de_DE\" \/>\n<meta property=\"og:type\" content=\"article\" \/>\n<meta property=\"og:title\" content=\"Hochzeiten - Excellence Group\" \/>\n<meta property=\"og:description\" content=\"Sie geben uns Ihre Ideen und wir setzen sie um. Das Team von Excellence Group wird Ihnen helfen, Ihre Tr\u00e4ume in die Realit\u00e4t umzusetzen. Wir stellen Ihnen unser Fachwissen und unsere Beratung zur Verf\u00fcgung, damit Sie diesen au\u00dfergew\u00f6hnlichen Tag in vollen Z\u00fcgen genie\u00dfen k\u00f6nnen. Ob intime Zeremonie oder eine majest\u00e4tische Hochzeit, unser Team wird sich [&hellip;]\" \/>\n<meta property=\"og:url\" content=\"https:\/\/www.excellence-group.lu\/de\/events\/hochzeiten\/\" \/>\n<meta property=\"og:site_name\" content=\"Excellence Group\" \/>\n<meta property=\"article:modified_time\" content=\"2024-12-02T12:49:32+00:00\" \/>\n<meta property=\"og:image\" content=\"https:\/\/www.excellence-group.lu\/wp-content\/uploads\/sites\/281\/2022\/12\/Chloe\u0301.jpg\" \/>\n\t<meta property=\"og:image:width\" content=\"1080\" \/>\n\t<meta property=\"og:image:height\" content=\"1080\" \/>\n\t<meta property=\"og:image:type\" content=\"image\/jpeg\" \/>\n<meta name=\"twitter:card\" content=\"summary_large_image\" \/>\n<meta name=\"twitter:label1\" content=\"Gesch\u00e4tzte Lesezeit\" \/>\n\t<meta name=\"twitter:data1\" content=\"1 Minute\" \/>\n<script type=\"application\/ld+json\" class=\"yoast-schema-graph\">{\"@context\":\"https:\/\/schema.org\",\"@graph\":[{\"@type\":\"WebPage\",\"@id\":\"https:\/\/www.excellence-group.lu\/de\/events\/hochzeiten\/\",\"url\":\"https:\/\/www.excellence-group.lu\/de\/events\/hochzeiten\/\",\"name\":\"Hochzeiten - Excellence Group\",\"isPartOf\":{\"@id\":\"https:\/\/www.excellence-group.lu\/de\/#website\"},\"primaryImageOfPage\":{\"@id\":\"https:\/\/www.excellence-group.lu\/de\/events\/hochzeiten\/#primaryimage\"},\"image\":{\"@id\":\"https:\/\/www.excellence-group.lu\/de\/events\/hochzeiten\/#primaryimage\"},\"thumbnailUrl\":\"https:\/\/www.excellence-group.lu\/wp-content\/uploads\/sites\/281\/2022\/12\/Chloe\u0301.jpg\",\"datePublished\":\"2021-04-21T16:54:19+00:00\",\"dateModified\":\"2024-12-02T12:49:32+00:00\",\"breadcrumb\":{\"@id\":\"https:\/\/www.excellence-group.lu\/de\/events\/hochzeiten\/#breadcrumb\"},\"inLanguage\":\"de-DE\",\"potentialAction\":[{\"@type\":\"ReadAction\",\"target\":[\"https:\/\/www.excellence-group.lu\/de\/events\/hochzeiten\/\"]}]},{\"@type\":\"ImageObject\",\"inLanguage\":\"de-DE\",\"@id\":\"https:\/\/www.excellence-group.lu\/de\/events\/hochzeiten\/#primaryimage\",\"url\":\"https:\/\/www.excellence-group.lu\/wp-content\/uploads\/sites\/281\/2022\/12\/Chloe\u0301.jpg\",\"contentUrl\":\"https:\/\/www.excellence-group.lu\/wp-content\/uploads\/sites\/281\/2022\/12\/Chloe\u0301.jpg\",\"width\":1080,\"height\":1080},{\"@type\":\"BreadcrumbList\",\"@id\":\"https:\/\/www.excellence-group.lu\/de\/events\/hochzeiten\/#breadcrumb\",\"itemListElement\":[{\"@type\":\"ListItem\",\"position\":1,\"name\":\"Home\",\"item\":\"https:\/\/www.excellence-group.lu\/de\/\"},{\"@type\":\"ListItem\",\"position\":2,\"name\":\"Events\",\"item\":\"https:\/\/www.excellence-group.lu\/de\/events\/\"},{\"@type\":\"ListItem\",\"position\":3,\"name\":\"Hochzeiten\"}]},{\"@type\":\"WebSite\",\"@id\":\"https:\/\/www.excellence-group.lu\/de\/#website\",\"url\":\"https:\/\/www.excellence-group.lu\/de\/\",\"name\":\"Excellence Group\",\"description\":\"Just another ms.decms.eu site\",\"potentialAction\":[{\"@type\":\"SearchAction\",\"target\":{\"@type\":\"EntryPoint\",\"urlTemplate\":\"https:\/\/www.excellence-group.lu\/de\/?s={search_term_string}\"},\"query-input\":{\"@type\":\"PropertyValueSpecification\",\"valueRequired\":true,\"valueName\":\"search_term_string\"}}],\"inLanguage\":\"de-DE\"}]}<\/script>\n<!-- \/ Yoast SEO plugin. -->","yoast_head_json":{"title":"Hochzeiten - Excellence Group","robots":{"index":"index","follow":"follow","max-snippet":"max-snippet:-1","max-image-preview":"max-image-preview:large","max-video-preview":"max-video-preview:-1"},"canonical":"https:\/\/www.excellence-group.lu\/de\/events\/hochzeiten\/","og_locale":"de_DE","og_type":"article","og_title":"Hochzeiten - Excellence Group","og_description":"Sie geben uns Ihre Ideen und wir setzen sie um. Das Team von Excellence Group wird Ihnen helfen, Ihre Tr\u00e4ume in die Realit\u00e4t umzusetzen. Wir stellen Ihnen unser Fachwissen und unsere Beratung zur Verf\u00fcgung, damit Sie diesen au\u00dfergew\u00f6hnlichen Tag in vollen Z\u00fcgen genie\u00dfen k\u00f6nnen. Ob intime Zeremonie oder eine majest\u00e4tische Hochzeit, unser Team wird sich [&hellip;]","og_url":"https:\/\/www.excellence-group.lu\/de\/events\/hochzeiten\/","og_site_name":"Excellence Group","article_modified_time":"2024-12-02T12:49:32+00:00","og_image":[{"width":1080,"height":1080,"url":"https:\/\/www.excellence-group.lu\/wp-content\/uploads\/sites\/281\/2022\/12\/Chloe\u0301.jpg","type":"image\/jpeg"}],"twitter_card":"summary_large_image","twitter_misc":{"Gesch\u00e4tzte Lesezeit":"1 Minute"},"schema":{"@context":"https:\/\/schema.org","@graph":[{"@type":"WebPage","@id":"https:\/\/www.excellence-group.lu\/de\/events\/hochzeiten\/","url":"https:\/\/www.excellence-group.lu\/de\/events\/hochzeiten\/","name":"Hochzeiten - Excellence Group","isPartOf":{"@id":"https:\/\/www.excellence-group.lu\/de\/#website"},"primaryImageOfPage":{"@id":"https:\/\/www.excellence-group.lu\/de\/events\/hochzeiten\/#primaryimage"},"image":{"@id":"https:\/\/www.excellence-group.lu\/de\/events\/hochzeiten\/#primaryimage"},"thumbnailUrl":"https:\/\/www.excellence-group.lu\/wp-content\/uploads\/sites\/281\/2022\/12\/Chloe\u0301.jpg","datePublished":"2021-04-21T16:54:19+00:00","dateModified":"2024-12-02T12:49:32+00:00","breadcrumb":{"@id":"https:\/\/www.excellence-group.lu\/de\/events\/hochzeiten\/#breadcrumb"},"inLanguage":"de-DE","potentialAction":[{"@type":"ReadAction","target":["https:\/\/www.excellence-group.lu\/de\/events\/hochzeiten\/"]}]},{"@type":"ImageObject","inLanguage":"de-DE","@id":"https:\/\/www.excellence-group.lu\/de\/events\/hochzeiten\/#primaryimage","url":"https:\/\/www.excellence-group.lu\/wp-content\/uploads\/sites\/281\/2022\/12\/Chloe\u0301.jpg","contentUrl":"https:\/\/www.excellence-group.lu\/wp-content\/uploads\/sites\/281\/2022\/12\/Chloe\u0301.jpg","width":1080,"height":1080},{"@type":"BreadcrumbList","@id":"https:\/\/www.excellence-group.lu\/de\/events\/hochzeiten\/#breadcrumb","itemListElement":[{"@type":"ListItem","position":1,"name":"Home","item":"https:\/\/www.excellence-group.lu\/de\/"},{"@type":"ListItem","position":2,"name":"Events","item":"https:\/\/www.excellence-group.lu\/de\/events\/"},{"@type":"ListItem","position":3,"name":"Hochzeiten"}]},{"@type":"WebSite","@id":"https:\/\/www.excellence-group.lu\/de\/#website","url":"https:\/\/www.excellence-group.lu\/de\/","name":"Excellence Group","description":"Just another ms.decms.eu site","potentialAction":[{"@type":"SearchAction","target":{"@type":"EntryPoint","urlTemplate":"https:\/\/www.excellence-group.lu\/de\/?s={search_term_string}"},"query-input":{"@type":"PropertyValueSpecification","valueRequired":true,"valueName":"search_term_string"}}],"inLanguage":"de-DE"}]}},"acf":[],"_links":{"self":[{"href":"https:\/\/www.excellence-group.lu\/de\/wp-json\/wp\/v2\/pages\/239","targetHints":{"allow":["GET"]}}],"collection":[{"href":"https:\/\/www.excellence-group.lu\/de\/wp-json\/wp\/v2\/pages"}],"about":[{"href":"https:\/\/www.excellence-group.lu\/de\/wp-json\/wp\/v2\/types\/page"}],"author":[{"embeddable":true,"href":"https:\/\/www.excellence-group.lu\/de\/wp-json\/wp\/v2\/users\/5"}],"replies":[{"embeddable":true,"href":"https:\/\/www.excellence-group.lu\/de\/wp-json\/wp\/v2\/comments?post=239"}],"version-history":[{"count":0,"href":"https:\/\/www.excellence-group.lu\/de\/wp-json\/wp\/v2\/pages\/239\/revisions"}],"up":[{"embeddable":true,"href":"https:\/\/www.excellence-group.lu\/de\/wp-json\/wp\/v2\/pages\/224"}],"wp:featuredmedia":[{"embeddable":true,"href":"https:\/\/www.excellence-group.lu\/de\/wp-json\/wp\/v2\/media\/2160"}],"wp:attachment":[{"href":"https:\/\/www.excellence-group.lu\/de\/wp-json\/wp\/v2\/media?parent=239"}],"curies":[{"name":"wp","href":"https:\/\/api.w.org\/{rel}","templated":true}]}}