{"id":234,"date":"2021-04-09T18:22:13","date_gmt":"2021-04-09T18:22:13","guid":{"rendered":"https:\/\/excellence-group.ms.decms.eu\/evenements\/clervaux-rent-a-city\/"},"modified":"2024-12-02T13:12:21","modified_gmt":"2024-12-02T13:12:21","slug":"rent-a-city","status":"publish","type":"page","link":"https:\/\/www.excellence-group.lu\/de\/events\/rent-a-city\/","title":{"rendered":"Rent a City"},"content":{"rendered":"<p><strong>Rent a City, ein in Europa einzigartiges Konzept<\/strong><\/p>\n<p>Neben ihrem traditionellen Angebot f\u00fcr private und gesch\u00e4ftliche Veranstaltungen bietet die Excellence-Gruppe ein in Europa absolut einzigartiges Konzept mit dem Titel &#8222;Rent a City&#8220; an.<\/p>\n<p>Dieses exklusive Konzept bietet Unternehmen die au\u00dfergew\u00f6hnliche Gelegenheit, die gesamte malerische Fu\u00dfg\u00e4ngerzone des historischen Zentrums von Clervaux zu privatisieren. Ideal f\u00fcr Gruppen von 150 bis 200 Personen, umfasst dieses exklusive Konzept die Privatisierung der Hotels der Gruppe, um alle G\u00e4ste der Veranstaltung unterzubringen, sowie ein Programm mit unvergesslichen Aktivit\u00e4ten.<\/p>\n<p><strong>Die Innenstadt wird privatisiert und in den Farben Ihres Unternehmens gestaltet!<\/strong><\/p>\n<p>Tauchen Sie ein in eine festliche Atmosph\u00e4re im Freien, wo sich die Gassen der Fu\u00dfg\u00e4ngerzone in ein wahres gastronomisches und k\u00fcnstlerisches Festival verwandeln. Eine Vielzahl von St\u00e4nden und Buden bietet eine Vielzahl von Dienstleistungen an, von exquisiten Cocktails \u00fcber k\u00f6stliche Tapas und Desserts bis hin zu erfrischenden Getr\u00e4nken.<\/p>\n<p>Eine geschmackvolle Dekoration mit einem roten Teppich und einem Bogen mit dem Logo Ihres Unternehmens am Eingang sowie personalisierte Stra\u00dfennamen sorgen f\u00fcr eine exklusive und elegante Atmosph\u00e4re.<\/p>\n<p>Zur Untermalung dieser au\u00dfergew\u00f6hnlichen Veranstaltung \u00fcbernimmt ein DJ die Kontrolle und l\u00e4sst die Innenstadt bis 22 Uhr vibrieren. Nach Einbruch der Dunkelheit geht die Party im Saal Clervaux, dem gr\u00f6\u00dften Veranstaltungsraum der Groupe Excellence, weiter. Hier erwarten Sie eine Tanzfl\u00e4che, eine Bar-Ecke und ein Lounge-Bereich, in dem Sie bis in die fr\u00fchen Morgenstunden feiern k\u00f6nnen, wobei die Einrichtung nach Ihren verr\u00fccktesten W\u00fcnschen ma\u00dfgeschneidert wird.<\/p>\n<div class=\"btns_wrap\"><span class=\"btnCta btn external\"><a href=\"https:\/\/excellence-group.backyou.app\/de\/c\/request\/rent-a-city\" target=\"_blank\" rel=\"noopener\">Ein Online-Angebot anfragen<\/a><\/span><\/div>\n","protected":false},"excerpt":{"rendered":"<p>Rent a City, ein in Europa einzigartiges Konzept Neben ihrem traditionellen Angebot f\u00fcr private und gesch\u00e4ftliche Veranstaltungen bietet die Excellence-Gruppe ein in Europa absolut einzigartiges Konzept mit dem Titel &#8222;Rent a City&#8220; an. Dieses exklusive Konzept bietet Unternehmen die au\u00dfergew\u00f6hnliche Gelegenheit, die gesamte malerische Fu\u00dfg\u00e4ngerzone des historischen Zentrums von Clervaux zu privatisieren. Ideal f\u00fcr Gruppen [&hellip;]<\/p>\n","protected":false},"author":5,"featured_media":235,"parent":224,"menu_order":0,"comment_status":"closed","ping_status":"closed","template":"template-single-wedding.php","meta":{"footnotes":""},"class_list":["post-234","page","type-page","status-publish","has-post-thumbnail","hentry"],"yoast_head":"<!-- This site is optimized with the Yoast SEO plugin v26.9 - https:\/\/yoast.com\/product\/yoast-seo-wordpress\/ -->\n<title>Rent a City - Clervaux (Luxembourg)<\/title>\n<meta name=\"description\" content=\"Rent a City, ein einzigartiges Konzept f\u00fcr ein au\u00dfergew\u00f6hnliches Firmenevent im Norden Luxemburgs: die Stadt Clervaux privatisieren.\" \/>\n<meta name=\"robots\" content=\"index, follow, max-snippet:-1, max-image-preview:large, max-video-preview:-1\" \/>\n<link rel=\"canonical\" href=\"https:\/\/www.excellence-group.lu\/de\/events\/rent-a-city\/\" \/>\n<meta property=\"og:locale\" content=\"de_DE\" \/>\n<meta property=\"og:type\" content=\"article\" \/>\n<meta property=\"og:title\" content=\"Rent a City - Clervaux (Luxembourg)\" \/>\n<meta property=\"og:description\" content=\"Rent a City, ein einzigartiges Konzept f\u00fcr ein au\u00dfergew\u00f6hnliches Firmenevent im Norden Luxemburgs: die Stadt Clervaux privatisieren.\" \/>\n<meta property=\"og:url\" content=\"https:\/\/www.excellence-group.lu\/de\/events\/rent-a-city\/\" \/>\n<meta property=\"og:site_name\" content=\"Excellence Group\" \/>\n<meta property=\"article:modified_time\" content=\"2024-12-02T13:12:21+00:00\" \/>\n<meta property=\"og:image\" content=\"https:\/\/www.excellence-group.lu\/wp-content\/uploads\/sites\/281\/2021\/05\/ban_Rent-a-City-2.jpg\" \/>\n\t<meta property=\"og:image:width\" content=\"2202\" \/>\n\t<meta property=\"og:image:height\" content=\"1468\" \/>\n\t<meta property=\"og:image:type\" content=\"image\/jpeg\" \/>\n<meta name=\"twitter:card\" content=\"summary_large_image\" \/>\n<meta name=\"twitter:label1\" content=\"Gesch\u00e4tzte Lesezeit\" \/>\n\t<meta name=\"twitter:data1\" content=\"2 Minuten\" \/>\n<script type=\"application\/ld+json\" class=\"yoast-schema-graph\">{\"@context\":\"https:\/\/schema.org\",\"@graph\":[{\"@type\":\"WebPage\",\"@id\":\"https:\/\/www.excellence-group.lu\/de\/events\/rent-a-city\/\",\"url\":\"https:\/\/www.excellence-group.lu\/de\/events\/rent-a-city\/\",\"name\":\"Rent a City - Clervaux (Luxembourg)\",\"isPartOf\":{\"@id\":\"https:\/\/www.excellence-group.lu\/de\/#website\"},\"primaryImageOfPage\":{\"@id\":\"https:\/\/www.excellence-group.lu\/de\/events\/rent-a-city\/#primaryimage\"},\"image\":{\"@id\":\"https:\/\/www.excellence-group.lu\/de\/events\/rent-a-city\/#primaryimage\"},\"thumbnailUrl\":\"https:\/\/www.excellence-group.lu\/wp-content\/uploads\/sites\/281\/2021\/05\/ban_Rent-a-City-2.jpg\",\"datePublished\":\"2021-04-09T18:22:13+00:00\",\"dateModified\":\"2024-12-02T13:12:21+00:00\",\"description\":\"Rent a City, ein einzigartiges Konzept f\u00fcr ein au\u00dfergew\u00f6hnliches Firmenevent im Norden Luxemburgs: die Stadt Clervaux privatisieren.\",\"breadcrumb\":{\"@id\":\"https:\/\/www.excellence-group.lu\/de\/events\/rent-a-city\/#breadcrumb\"},\"inLanguage\":\"de-DE\",\"potentialAction\":[{\"@type\":\"ReadAction\",\"target\":[\"https:\/\/www.excellence-group.lu\/de\/events\/rent-a-city\/\"]}]},{\"@type\":\"ImageObject\",\"inLanguage\":\"de-DE\",\"@id\":\"https:\/\/www.excellence-group.lu\/de\/events\/rent-a-city\/#primaryimage\",\"url\":\"https:\/\/www.excellence-group.lu\/wp-content\/uploads\/sites\/281\/2021\/05\/ban_Rent-a-City-2.jpg\",\"contentUrl\":\"https:\/\/www.excellence-group.lu\/wp-content\/uploads\/sites\/281\/2021\/05\/ban_Rent-a-City-2.jpg\",\"width\":2202,\"height\":1468,\"caption\":\"Excellence Hotels - Clervaux\"},{\"@type\":\"BreadcrumbList\",\"@id\":\"https:\/\/www.excellence-group.lu\/de\/events\/rent-a-city\/#breadcrumb\",\"itemListElement\":[{\"@type\":\"ListItem\",\"position\":1,\"name\":\"Home\",\"item\":\"https:\/\/www.excellence-group.lu\/de\/\"},{\"@type\":\"ListItem\",\"position\":2,\"name\":\"Events\",\"item\":\"https:\/\/www.excellence-group.lu\/de\/events\/\"},{\"@type\":\"ListItem\",\"position\":3,\"name\":\"Rent a City\"}]},{\"@type\":\"WebSite\",\"@id\":\"https:\/\/www.excellence-group.lu\/de\/#website\",\"url\":\"https:\/\/www.excellence-group.lu\/de\/\",\"name\":\"Excellence Group\",\"description\":\"Just another ms.decms.eu site\",\"potentialAction\":[{\"@type\":\"SearchAction\",\"target\":{\"@type\":\"EntryPoint\",\"urlTemplate\":\"https:\/\/www.excellence-group.lu\/de\/?s={search_term_string}\"},\"query-input\":{\"@type\":\"PropertyValueSpecification\",\"valueRequired\":true,\"valueName\":\"search_term_string\"}}],\"inLanguage\":\"de-DE\"}]}<\/script>\n<!-- \/ Yoast SEO plugin. -->","yoast_head_json":{"title":"Rent a City - Clervaux (Luxembourg)","description":"Rent a City, ein einzigartiges Konzept f\u00fcr ein au\u00dfergew\u00f6hnliches Firmenevent im Norden Luxemburgs: die Stadt Clervaux privatisieren.","robots":{"index":"index","follow":"follow","max-snippet":"max-snippet:-1","max-image-preview":"max-image-preview:large","max-video-preview":"max-video-preview:-1"},"canonical":"https:\/\/www.excellence-group.lu\/de\/events\/rent-a-city\/","og_locale":"de_DE","og_type":"article","og_title":"Rent a City - Clervaux (Luxembourg)","og_description":"Rent a City, ein einzigartiges Konzept f\u00fcr ein au\u00dfergew\u00f6hnliches Firmenevent im Norden Luxemburgs: die Stadt Clervaux privatisieren.","og_url":"https:\/\/www.excellence-group.lu\/de\/events\/rent-a-city\/","og_site_name":"Excellence Group","article_modified_time":"2024-12-02T13:12:21+00:00","og_image":[{"width":2202,"height":1468,"url":"https:\/\/www.excellence-group.lu\/wp-content\/uploads\/sites\/281\/2021\/05\/ban_Rent-a-City-2.jpg","type":"image\/jpeg"}],"twitter_card":"summary_large_image","twitter_misc":{"Gesch\u00e4tzte Lesezeit":"2 Minuten"},"schema":{"@context":"https:\/\/schema.org","@graph":[{"@type":"WebPage","@id":"https:\/\/www.excellence-group.lu\/de\/events\/rent-a-city\/","url":"https:\/\/www.excellence-group.lu\/de\/events\/rent-a-city\/","name":"Rent a City - Clervaux (Luxembourg)","isPartOf":{"@id":"https:\/\/www.excellence-group.lu\/de\/#website"},"primaryImageOfPage":{"@id":"https:\/\/www.excellence-group.lu\/de\/events\/rent-a-city\/#primaryimage"},"image":{"@id":"https:\/\/www.excellence-group.lu\/de\/events\/rent-a-city\/#primaryimage"},"thumbnailUrl":"https:\/\/www.excellence-group.lu\/wp-content\/uploads\/sites\/281\/2021\/05\/ban_Rent-a-City-2.jpg","datePublished":"2021-04-09T18:22:13+00:00","dateModified":"2024-12-02T13:12:21+00:00","description":"Rent a City, ein einzigartiges Konzept f\u00fcr ein au\u00dfergew\u00f6hnliches Firmenevent im Norden Luxemburgs: die Stadt Clervaux privatisieren.","breadcrumb":{"@id":"https:\/\/www.excellence-group.lu\/de\/events\/rent-a-city\/#breadcrumb"},"inLanguage":"de-DE","potentialAction":[{"@type":"ReadAction","target":["https:\/\/www.excellence-group.lu\/de\/events\/rent-a-city\/"]}]},{"@type":"ImageObject","inLanguage":"de-DE","@id":"https:\/\/www.excellence-group.lu\/de\/events\/rent-a-city\/#primaryimage","url":"https:\/\/www.excellence-group.lu\/wp-content\/uploads\/sites\/281\/2021\/05\/ban_Rent-a-City-2.jpg","contentUrl":"https:\/\/www.excellence-group.lu\/wp-content\/uploads\/sites\/281\/2021\/05\/ban_Rent-a-City-2.jpg","width":2202,"height":1468,"caption":"Excellence Hotels - Clervaux"},{"@type":"BreadcrumbList","@id":"https:\/\/www.excellence-group.lu\/de\/events\/rent-a-city\/#breadcrumb","itemListElement":[{"@type":"ListItem","position":1,"name":"Home","item":"https:\/\/www.excellence-group.lu\/de\/"},{"@type":"ListItem","position":2,"name":"Events","item":"https:\/\/www.excellence-group.lu\/de\/events\/"},{"@type":"ListItem","position":3,"name":"Rent a City"}]},{"@type":"WebSite","@id":"https:\/\/www.excellence-group.lu\/de\/#website","url":"https:\/\/www.excellence-group.lu\/de\/","name":"Excellence Group","description":"Just another ms.decms.eu site","potentialAction":[{"@type":"SearchAction","target":{"@type":"EntryPoint","urlTemplate":"https:\/\/www.excellence-group.lu\/de\/?s={search_term_string}"},"query-input":{"@type":"PropertyValueSpecification","valueRequired":true,"valueName":"search_term_string"}}],"inLanguage":"de-DE"}]}},"acf":[],"_links":{"self":[{"href":"https:\/\/www.excellence-group.lu\/de\/wp-json\/wp\/v2\/pages\/234","targetHints":{"allow":["GET"]}}],"collection":[{"href":"https:\/\/www.excellence-group.lu\/de\/wp-json\/wp\/v2\/pages"}],"about":[{"href":"https:\/\/www.excellence-group.lu\/de\/wp-json\/wp\/v2\/types\/page"}],"author":[{"embeddable":true,"href":"https:\/\/www.excellence-group.lu\/de\/wp-json\/wp\/v2\/users\/5"}],"replies":[{"embeddable":true,"href":"https:\/\/www.excellence-group.lu\/de\/wp-json\/wp\/v2\/comments?post=234"}],"version-history":[{"count":0,"href":"https:\/\/www.excellence-group.lu\/de\/wp-json\/wp\/v2\/pages\/234\/revisions"}],"up":[{"embeddable":true,"href":"https:\/\/www.excellence-group.lu\/de\/wp-json\/wp\/v2\/pages\/224"}],"wp:featuredmedia":[{"embeddable":true,"href":"https:\/\/www.excellence-group.lu\/de\/wp-json\/wp\/v2\/media\/235"}],"wp:attachment":[{"href":"https:\/\/www.excellence-group.lu\/de\/wp-json\/wp\/v2\/media?parent=234"}],"curies":[{"name":"wp","href":"https:\/\/api.w.org\/{rel}","templated":true}]}}