{"id":224,"date":"2021-03-29T18:27:30","date_gmt":"2021-03-29T18:27:30","guid":{"rendered":"https:\/\/excellence-group.ms.decms.eu\/evenements\/"},"modified":"2024-12-16T08:56:18","modified_gmt":"2024-12-16T08:56:18","slug":"events","status":"publish","type":"page","link":"https:\/\/www.excellence-group.lu\/de\/events\/","title":{"rendered":"Events"},"content":{"rendered":"<p><strong>Sie sind auf der Suche nach einem sch\u00f6nen Ort, um Ihre n\u00e4chste gesch\u00e4ftliche oder private Veranstaltung in Luxemburg zu organisieren? Dann sind Sie hier genau richtig.<\/strong><\/p>\n<p>Im Herzen von Clervaux im Norden Luxemburgs gelegen, vereint die Groupe Excellence alle Vorteile, die f\u00fcr den Erfolg Ihrer n\u00e4chsten Veranstaltung notwendig sind, an einem Ort. Ob es sich um ein Seminar zu Hause, eine Firmenveranstaltung oder einen Galaabend handelt, die Groupe Excellence verf\u00fcgt \u00fcber alle Annehmlichkeiten, um Ihren W\u00fcnschen gerecht zu werden.<\/p>\n<p>Seminarr\u00e4ume f\u00fcr bis zu 200 Personen, 4-Sterne-Unterk\u00fcnfte in unseren <a href=\"https:\/\/koener.excellence-group.lu\">Hotels Koener<\/a> und <a href=\"https:\/\/le-clervaux.excellence-group.lu\/\">Boutique Hotel Clervaux<\/a>, Catering-Service und Teambuilding-Aktivit\u00e4ten &#8211; Excellence bietet Ihnen alles aus einer Hand, ein echtes ma\u00dfgeschneidertes Angebot, das Ihren Bed\u00fcrfnissen und Ihrem Budget entspricht.<\/p>\n","protected":false},"excerpt":{"rendered":"<p>Sie sind auf der Suche nach einem sch\u00f6nen Ort, um Ihre n\u00e4chste gesch\u00e4ftliche oder private Veranstaltung in Luxemburg zu organisieren? Dann sind Sie hier genau richtig. Im Herzen von Clervaux im Norden Luxemburgs gelegen, vereint die Groupe Excellence alle Vorteile, die f\u00fcr den Erfolg Ihrer n\u00e4chsten Veranstaltung notwendig sind, an einem Ort. Ob es sich [&hellip;]<\/p>\n","protected":false},"author":5,"featured_media":3348,"parent":0,"menu_order":0,"comment_status":"closed","ping_status":"closed","template":"template-meeting.php","meta":{"footnotes":""},"class_list":["post-224","page","type-page","status-publish","has-post-thumbnail","hentry"],"yoast_head":"<!-- This site is optimized with the Yoast SEO plugin v26.9 - https:\/\/yoast.com\/product\/yoast-seo-wordpress\/ -->\n<title>Seminar, Incentive, Teambuilding im Norden Luxemburgs.<\/title>\n<meta name=\"description\" content=\"Ob Wohnseminar, Incentive, Firmenevent oder Teambuilding, entdecken Sie die Groupe Excellence in Clervaux im Norden Luxemburgs.\" \/>\n<meta name=\"robots\" content=\"index, follow, max-snippet:-1, max-image-preview:large, max-video-preview:-1\" \/>\n<link rel=\"canonical\" href=\"https:\/\/www.excellence-group.lu\/de\/events\/\" \/>\n<meta property=\"og:locale\" content=\"de_DE\" \/>\n<meta property=\"og:type\" content=\"article\" \/>\n<meta property=\"og:title\" content=\"Seminar, Incentive, Teambuilding im Norden Luxemburgs.\" \/>\n<meta property=\"og:description\" content=\"Ob Wohnseminar, Incentive, Firmenevent oder Teambuilding, entdecken Sie die Groupe Excellence in Clervaux im Norden Luxemburgs.\" \/>\n<meta property=\"og:url\" content=\"https:\/\/www.excellence-group.lu\/de\/events\/\" \/>\n<meta property=\"og:site_name\" content=\"Excellence Group\" \/>\n<meta property=\"article:modified_time\" content=\"2024-12-16T08:56:18+00:00\" \/>\n<meta property=\"og:image\" content=\"https:\/\/www.excellence-group.lu\/wp-content\/uploads\/sites\/281\/2024\/04\/Clervaux_juin2021_@TheRoadAbroad-4.jpg\" \/>\n\t<meta property=\"og:image:width\" content=\"1335\" \/>\n\t<meta property=\"og:image:height\" content=\"1000\" \/>\n\t<meta property=\"og:image:type\" content=\"image\/jpeg\" \/>\n<meta name=\"twitter:card\" content=\"summary_large_image\" \/>\n<meta name=\"twitter:label1\" content=\"Gesch\u00e4tzte Lesezeit\" \/>\n\t<meta name=\"twitter:data1\" content=\"1 Minute\" \/>\n<script type=\"application\/ld+json\" class=\"yoast-schema-graph\">{\"@context\":\"https:\/\/schema.org\",\"@graph\":[{\"@type\":\"WebPage\",\"@id\":\"https:\/\/www.excellence-group.lu\/de\/events\/\",\"url\":\"https:\/\/www.excellence-group.lu\/de\/events\/\",\"name\":\"Seminar, Incentive, Teambuilding im Norden Luxemburgs.\",\"isPartOf\":{\"@id\":\"https:\/\/www.excellence-group.lu\/de\/#website\"},\"primaryImageOfPage\":{\"@id\":\"https:\/\/www.excellence-group.lu\/de\/events\/#primaryimage\"},\"image\":{\"@id\":\"https:\/\/www.excellence-group.lu\/de\/events\/#primaryimage\"},\"thumbnailUrl\":\"https:\/\/www.excellence-group.lu\/wp-content\/uploads\/sites\/281\/2024\/04\/Clervaux_juin2021_@TheRoadAbroad-4.jpg\",\"datePublished\":\"2021-03-29T18:27:30+00:00\",\"dateModified\":\"2024-12-16T08:56:18+00:00\",\"description\":\"Ob Wohnseminar, Incentive, Firmenevent oder Teambuilding, entdecken Sie die Groupe Excellence in Clervaux im Norden Luxemburgs.\",\"breadcrumb\":{\"@id\":\"https:\/\/www.excellence-group.lu\/de\/events\/#breadcrumb\"},\"inLanguage\":\"de-DE\",\"potentialAction\":[{\"@type\":\"ReadAction\",\"target\":[\"https:\/\/www.excellence-group.lu\/de\/events\/\"]}]},{\"@type\":\"ImageObject\",\"inLanguage\":\"de-DE\",\"@id\":\"https:\/\/www.excellence-group.lu\/de\/events\/#primaryimage\",\"url\":\"https:\/\/www.excellence-group.lu\/wp-content\/uploads\/sites\/281\/2024\/04\/Clervaux_juin2021_@TheRoadAbroad-4.jpg\",\"contentUrl\":\"https:\/\/www.excellence-group.lu\/wp-content\/uploads\/sites\/281\/2024\/04\/Clervaux_juin2021_@TheRoadAbroad-4.jpg\",\"width\":1335,\"height\":1000,\"caption\":\"Evenel\"},{\"@type\":\"BreadcrumbList\",\"@id\":\"https:\/\/www.excellence-group.lu\/de\/events\/#breadcrumb\",\"itemListElement\":[{\"@type\":\"ListItem\",\"position\":1,\"name\":\"Home\",\"item\":\"https:\/\/www.excellence-group.lu\/de\/\"},{\"@type\":\"ListItem\",\"position\":2,\"name\":\"Events\"}]},{\"@type\":\"WebSite\",\"@id\":\"https:\/\/www.excellence-group.lu\/de\/#website\",\"url\":\"https:\/\/www.excellence-group.lu\/de\/\",\"name\":\"Excellence Group\",\"description\":\"Just another ms.decms.eu site\",\"potentialAction\":[{\"@type\":\"SearchAction\",\"target\":{\"@type\":\"EntryPoint\",\"urlTemplate\":\"https:\/\/www.excellence-group.lu\/de\/?s={search_term_string}\"},\"query-input\":{\"@type\":\"PropertyValueSpecification\",\"valueRequired\":true,\"valueName\":\"search_term_string\"}}],\"inLanguage\":\"de-DE\"}]}<\/script>\n<!-- \/ Yoast SEO plugin. -->","yoast_head_json":{"title":"Seminar, Incentive, Teambuilding im Norden Luxemburgs.","description":"Ob Wohnseminar, Incentive, Firmenevent oder Teambuilding, entdecken Sie die Groupe Excellence in Clervaux im Norden Luxemburgs.","robots":{"index":"index","follow":"follow","max-snippet":"max-snippet:-1","max-image-preview":"max-image-preview:large","max-video-preview":"max-video-preview:-1"},"canonical":"https:\/\/www.excellence-group.lu\/de\/events\/","og_locale":"de_DE","og_type":"article","og_title":"Seminar, Incentive, Teambuilding im Norden Luxemburgs.","og_description":"Ob Wohnseminar, Incentive, Firmenevent oder Teambuilding, entdecken Sie die Groupe Excellence in Clervaux im Norden Luxemburgs.","og_url":"https:\/\/www.excellence-group.lu\/de\/events\/","og_site_name":"Excellence Group","article_modified_time":"2024-12-16T08:56:18+00:00","og_image":[{"width":1335,"height":1000,"url":"https:\/\/www.excellence-group.lu\/wp-content\/uploads\/sites\/281\/2024\/04\/Clervaux_juin2021_@TheRoadAbroad-4.jpg","type":"image\/jpeg"}],"twitter_card":"summary_large_image","twitter_misc":{"Gesch\u00e4tzte Lesezeit":"1 Minute"},"schema":{"@context":"https:\/\/schema.org","@graph":[{"@type":"WebPage","@id":"https:\/\/www.excellence-group.lu\/de\/events\/","url":"https:\/\/www.excellence-group.lu\/de\/events\/","name":"Seminar, Incentive, Teambuilding im Norden Luxemburgs.","isPartOf":{"@id":"https:\/\/www.excellence-group.lu\/de\/#website"},"primaryImageOfPage":{"@id":"https:\/\/www.excellence-group.lu\/de\/events\/#primaryimage"},"image":{"@id":"https:\/\/www.excellence-group.lu\/de\/events\/#primaryimage"},"thumbnailUrl":"https:\/\/www.excellence-group.lu\/wp-content\/uploads\/sites\/281\/2024\/04\/Clervaux_juin2021_@TheRoadAbroad-4.jpg","datePublished":"2021-03-29T18:27:30+00:00","dateModified":"2024-12-16T08:56:18+00:00","description":"Ob Wohnseminar, Incentive, Firmenevent oder Teambuilding, entdecken Sie die Groupe Excellence in Clervaux im Norden Luxemburgs.","breadcrumb":{"@id":"https:\/\/www.excellence-group.lu\/de\/events\/#breadcrumb"},"inLanguage":"de-DE","potentialAction":[{"@type":"ReadAction","target":["https:\/\/www.excellence-group.lu\/de\/events\/"]}]},{"@type":"ImageObject","inLanguage":"de-DE","@id":"https:\/\/www.excellence-group.lu\/de\/events\/#primaryimage","url":"https:\/\/www.excellence-group.lu\/wp-content\/uploads\/sites\/281\/2024\/04\/Clervaux_juin2021_@TheRoadAbroad-4.jpg","contentUrl":"https:\/\/www.excellence-group.lu\/wp-content\/uploads\/sites\/281\/2024\/04\/Clervaux_juin2021_@TheRoadAbroad-4.jpg","width":1335,"height":1000,"caption":"Evenel"},{"@type":"BreadcrumbList","@id":"https:\/\/www.excellence-group.lu\/de\/events\/#breadcrumb","itemListElement":[{"@type":"ListItem","position":1,"name":"Home","item":"https:\/\/www.excellence-group.lu\/de\/"},{"@type":"ListItem","position":2,"name":"Events"}]},{"@type":"WebSite","@id":"https:\/\/www.excellence-group.lu\/de\/#website","url":"https:\/\/www.excellence-group.lu\/de\/","name":"Excellence Group","description":"Just another ms.decms.eu site","potentialAction":[{"@type":"SearchAction","target":{"@type":"EntryPoint","urlTemplate":"https:\/\/www.excellence-group.lu\/de\/?s={search_term_string}"},"query-input":{"@type":"PropertyValueSpecification","valueRequired":true,"valueName":"search_term_string"}}],"inLanguage":"de-DE"}]}},"acf":[],"_links":{"self":[{"href":"https:\/\/www.excellence-group.lu\/de\/wp-json\/wp\/v2\/pages\/224","targetHints":{"allow":["GET"]}}],"collection":[{"href":"https:\/\/www.excellence-group.lu\/de\/wp-json\/wp\/v2\/pages"}],"about":[{"href":"https:\/\/www.excellence-group.lu\/de\/wp-json\/wp\/v2\/types\/page"}],"author":[{"embeddable":true,"href":"https:\/\/www.excellence-group.lu\/de\/wp-json\/wp\/v2\/users\/5"}],"replies":[{"embeddable":true,"href":"https:\/\/www.excellence-group.lu\/de\/wp-json\/wp\/v2\/comments?post=224"}],"version-history":[{"count":0,"href":"https:\/\/www.excellence-group.lu\/de\/wp-json\/wp\/v2\/pages\/224\/revisions"}],"wp:featuredmedia":[{"embeddable":true,"href":"https:\/\/www.excellence-group.lu\/de\/wp-json\/wp\/v2\/media\/3348"}],"wp:attachment":[{"href":"https:\/\/www.excellence-group.lu\/de\/wp-json\/wp\/v2\/media?parent=224"}],"curies":[{"name":"wp","href":"https:\/\/api.w.org\/{rel}","templated":true}]}}