{"id":218,"date":"2021-03-29T18:26:34","date_gmt":"2021-03-29T18:26:34","guid":{"rendered":"https:\/\/excellence-group.ms.decms.eu\/spa\/"},"modified":"2026-03-24T13:07:27","modified_gmt":"2026-03-24T13:07:27","slug":"spa","status":"publish","type":"page","link":"https:\/\/www.excellence-group.lu\/de\/spa\/","title":{"rendered":"Excellence Spa"},"content":{"rendered":"<p><strong>Willkommen im Cinq Mondes Spa der Excellence Hotels, einer Oase des Wohlbefindens, eingebettet in das historische Zentrum von Clervaux im Norden Luxemburgs.<\/strong><\/p>\n<p><em>\ud83c\udf81\u26a0\ufe0f F\u00fcr eine romantische Wellness-Auszeit zu zweit sind wir stolz darauf, unseren G\u00e4sten, die bei uns in den Hotels <a href=\"https:\/\/koener.excellence-group.lu\">Koener<\/a> oder <a href=\"https:\/\/le-clervaux.excellence-group.lu\">Boutique Hotel Clervaux<\/a> \u00fcbernachten, systematischen Zugang zu unserem Cinq Mondes SPA zu bieten.<\/em><\/p>\n<p>Unser Wellness-SPA ist so konzipiert, dass es Ihnen eine umfassende Sinneserfahrung bietet, mit 800m2, die der Entspannung und Revitalisierung gewidmet sind.<\/p>\n<p><strong>\ud83d\udca7 Pool- und Entspannungsbereich:<\/strong> Genie\u00dfen Sie einen lichtdurchfluteten Bereich, der ganz der Entspannung gewidmet ist: Hallenbad, Whirlpool, Wasserfall, Liegest\u00fchle. Ein f\u00fcr alle zug\u00e4nglicher Bereich, ideal, um in aller Ruhe zu entspannen.<\/p>\n<p><strong>\ud83d\udecb\ufe0f Ruheraum:<\/strong> Verl\u00e4ngern Sie Ihren Moment der Entspannung in einer beruhigenden Atmosph\u00e4re: ein ruhiger Ort mit sanfter, erholsamer Stimmung. Perfekt zum Lesen, Ausruhen oder einfach nur, um den Moment zu genie\u00dfen.<\/p>\n<p><strong>\ud83c\udfcb\ufe0f Fitnessraum:<\/strong> F\u00fcr die Aktiven steht ein voll ausgestatteter Raum zur Verf\u00fcgung: Cardio- und Kraftger\u00e4te.<\/p>\n<p><strong>\ud83d\udd25 Die Welt der Sauna<\/strong> <em>(FKK-Bereich \u2013 Handt\u00fccher erlaubt):<\/em> Tauchen Sie ein in eine einzigartige, wie eine H\u00f6hle angelegte Mineralwelt. Dieser Bereich umfasst: Saunen, Hammam, Salzgrotte, Erlebnisduschen. Ein Ort zum Eintauchen, der f\u00fcr tiefe Entspannung konzipiert ist.<\/p>\n<p>Ob Sie als Gast bei uns \u00fcbernachten oder als externer Besucher kommen, unser Cinq Mondes SPA ist die ideale Adresse f\u00fcr eine unvergessliche Wellness-Auszeit im Norden von Luxemburg.<\/p>\n","protected":false},"excerpt":{"rendered":"<p>Willkommen im Cinq Mondes Spa der Excellence Hotels, einer Oase des Wohlbefindens, eingebettet in das historische Zentrum von Clervaux im Norden Luxemburgs. \ud83c\udf81\u26a0\ufe0f F\u00fcr eine romantische Wellness-Auszeit zu zweit sind wir stolz darauf, unseren G\u00e4sten, die bei uns in den Hotels Koener oder Boutique Hotel Clervaux \u00fcbernachten, systematischen Zugang zu unserem Cinq Mondes SPA zu [&hellip;]<\/p>\n","protected":false},"author":5,"featured_media":3424,"parent":0,"menu_order":0,"comment_status":"closed","ping_status":"closed","template":"template-spa.php","meta":{"footnotes":""},"class_list":["post-218","page","type-page","status-publish","has-post-thumbnail","hentry"],"yoast_head":"<!-- This site is optimized with the Yoast SEO plugin v26.9 - https:\/\/yoast.com\/product\/yoast-seo-wordpress\/ -->\n<title>SPA wellness Cinq Mondes in Clervaux<\/title>\n<meta name=\"description\" content=\"Massagen, Jacuzzi, Saunen, Dampfbad... Entdecken Sie das SPA wellness Cinq Mondes der Groupe Excellence in Clervaux im Norden von Luxemburg.\" \/>\n<meta name=\"robots\" content=\"index, follow, max-snippet:-1, max-image-preview:large, max-video-preview:-1\" \/>\n<link rel=\"canonical\" href=\"https:\/\/www.excellence-group.lu\/de\/spa\/\" \/>\n<meta property=\"og:locale\" content=\"de_DE\" \/>\n<meta property=\"og:type\" content=\"article\" \/>\n<meta property=\"og:title\" content=\"Saint Valentin\" \/>\n<meta property=\"og:description\" content=\"Massagen, Jacuzzi, Saunen, Dampfbad... Entdecken Sie das SPA wellness Cinq Mondes der Groupe Excellence in Clervaux im Norden von Luxemburg.\" \/>\n<meta property=\"og:url\" content=\"https:\/\/www.excellence-group.lu\/de\/spa\/\" \/>\n<meta property=\"og:site_name\" content=\"Excellence Group\" \/>\n<meta property=\"article:modified_time\" content=\"2026-03-24T13:07:27+00:00\" \/>\n<meta property=\"og:image\" content=\"https:\/\/www.excellence-group.lu\/wp-content\/uploads\/sites\/281\/2023\/01\/LOVE-AND-SPA-Document-A4.jpg\" \/>\n\t<meta property=\"og:image:width\" content=\"1414\" \/>\n\t<meta property=\"og:image:height\" content=\"2000\" \/>\n\t<meta property=\"og:image:type\" content=\"image\/jpeg\" \/>\n<meta name=\"twitter:card\" content=\"summary_large_image\" \/>\n<meta name=\"twitter:label1\" content=\"Gesch\u00e4tzte Lesezeit\" \/>\n\t<meta name=\"twitter:data1\" content=\"2 Minuten\" \/>\n<script type=\"application\/ld+json\" class=\"yoast-schema-graph\">{\"@context\":\"https:\/\/schema.org\",\"@graph\":[{\"@type\":\"WebPage\",\"@id\":\"https:\/\/www.excellence-group.lu\/de\/spa\/\",\"url\":\"https:\/\/www.excellence-group.lu\/de\/spa\/\",\"name\":\"SPA wellness Cinq Mondes in Clervaux\",\"isPartOf\":{\"@id\":\"https:\/\/www.excellence-group.lu\/de\/#website\"},\"primaryImageOfPage\":{\"@id\":\"https:\/\/www.excellence-group.lu\/de\/spa\/#primaryimage\"},\"image\":{\"@id\":\"https:\/\/www.excellence-group.lu\/de\/spa\/#primaryimage\"},\"thumbnailUrl\":\"https:\/\/www.excellence-group.lu\/wp-content\/uploads\/sites\/281\/2024\/04\/spa-cinq-mondes-clervaux-piscine_9.jpg\",\"datePublished\":\"2021-03-29T18:26:34+00:00\",\"dateModified\":\"2026-03-24T13:07:27+00:00\",\"description\":\"Massagen, Jacuzzi, Saunen, Dampfbad... Entdecken Sie das SPA wellness Cinq Mondes der Groupe Excellence in Clervaux im Norden von Luxemburg.\",\"breadcrumb\":{\"@id\":\"https:\/\/www.excellence-group.lu\/de\/spa\/#breadcrumb\"},\"inLanguage\":\"de-DE\",\"potentialAction\":[{\"@type\":\"ReadAction\",\"target\":[\"https:\/\/www.excellence-group.lu\/de\/spa\/\"]}]},{\"@type\":\"ImageObject\",\"inLanguage\":\"de-DE\",\"@id\":\"https:\/\/www.excellence-group.lu\/de\/spa\/#primaryimage\",\"url\":\"https:\/\/www.excellence-group.lu\/wp-content\/uploads\/sites\/281\/2024\/04\/spa-cinq-mondes-clervaux-piscine_9.jpg\",\"contentUrl\":\"https:\/\/www.excellence-group.lu\/wp-content\/uploads\/sites\/281\/2024\/04\/spa-cinq-mondes-clervaux-piscine_9.jpg\",\"width\":1498,\"height\":1000,\"caption\":\"Spa Cinq Mondes \u00e0 Clervaux au Nord du Luxembourg\"},{\"@type\":\"BreadcrumbList\",\"@id\":\"https:\/\/www.excellence-group.lu\/de\/spa\/#breadcrumb\",\"itemListElement\":[{\"@type\":\"ListItem\",\"position\":1,\"name\":\"Home\",\"item\":\"https:\/\/www.excellence-group.lu\/de\/\"},{\"@type\":\"ListItem\",\"position\":2,\"name\":\"Excellence Spa\"}]},{\"@type\":\"WebSite\",\"@id\":\"https:\/\/www.excellence-group.lu\/de\/#website\",\"url\":\"https:\/\/www.excellence-group.lu\/de\/\",\"name\":\"Excellence Group\",\"description\":\"Just another ms.decms.eu site\",\"potentialAction\":[{\"@type\":\"SearchAction\",\"target\":{\"@type\":\"EntryPoint\",\"urlTemplate\":\"https:\/\/www.excellence-group.lu\/de\/?s={search_term_string}\"},\"query-input\":{\"@type\":\"PropertyValueSpecification\",\"valueRequired\":true,\"valueName\":\"search_term_string\"}}],\"inLanguage\":\"de-DE\"}]}<\/script>\n<!-- \/ Yoast SEO plugin. -->","yoast_head_json":{"title":"SPA wellness Cinq Mondes in Clervaux","description":"Massagen, Jacuzzi, Saunen, Dampfbad... Entdecken Sie das SPA wellness Cinq Mondes der Groupe Excellence in Clervaux im Norden von Luxemburg.","robots":{"index":"index","follow":"follow","max-snippet":"max-snippet:-1","max-image-preview":"max-image-preview:large","max-video-preview":"max-video-preview:-1"},"canonical":"https:\/\/www.excellence-group.lu\/de\/spa\/","og_locale":"de_DE","og_type":"article","og_title":"Saint Valentin","og_description":"Massagen, Jacuzzi, Saunen, Dampfbad... Entdecken Sie das SPA wellness Cinq Mondes der Groupe Excellence in Clervaux im Norden von Luxemburg.","og_url":"https:\/\/www.excellence-group.lu\/de\/spa\/","og_site_name":"Excellence Group","article_modified_time":"2026-03-24T13:07:27+00:00","og_image":[{"width":1414,"height":2000,"url":"https:\/\/www.excellence-group.lu\/wp-content\/uploads\/sites\/281\/2023\/01\/LOVE-AND-SPA-Document-A4.jpg","type":"image\/jpeg"}],"twitter_card":"summary_large_image","twitter_misc":{"Gesch\u00e4tzte Lesezeit":"2 Minuten"},"schema":{"@context":"https:\/\/schema.org","@graph":[{"@type":"WebPage","@id":"https:\/\/www.excellence-group.lu\/de\/spa\/","url":"https:\/\/www.excellence-group.lu\/de\/spa\/","name":"SPA wellness Cinq Mondes in Clervaux","isPartOf":{"@id":"https:\/\/www.excellence-group.lu\/de\/#website"},"primaryImageOfPage":{"@id":"https:\/\/www.excellence-group.lu\/de\/spa\/#primaryimage"},"image":{"@id":"https:\/\/www.excellence-group.lu\/de\/spa\/#primaryimage"},"thumbnailUrl":"https:\/\/www.excellence-group.lu\/wp-content\/uploads\/sites\/281\/2024\/04\/spa-cinq-mondes-clervaux-piscine_9.jpg","datePublished":"2021-03-29T18:26:34+00:00","dateModified":"2026-03-24T13:07:27+00:00","description":"Massagen, Jacuzzi, Saunen, Dampfbad... Entdecken Sie das SPA wellness Cinq Mondes der Groupe Excellence in Clervaux im Norden von Luxemburg.","breadcrumb":{"@id":"https:\/\/www.excellence-group.lu\/de\/spa\/#breadcrumb"},"inLanguage":"de-DE","potentialAction":[{"@type":"ReadAction","target":["https:\/\/www.excellence-group.lu\/de\/spa\/"]}]},{"@type":"ImageObject","inLanguage":"de-DE","@id":"https:\/\/www.excellence-group.lu\/de\/spa\/#primaryimage","url":"https:\/\/www.excellence-group.lu\/wp-content\/uploads\/sites\/281\/2024\/04\/spa-cinq-mondes-clervaux-piscine_9.jpg","contentUrl":"https:\/\/www.excellence-group.lu\/wp-content\/uploads\/sites\/281\/2024\/04\/spa-cinq-mondes-clervaux-piscine_9.jpg","width":1498,"height":1000,"caption":"Spa Cinq Mondes \u00e0 Clervaux au Nord du Luxembourg"},{"@type":"BreadcrumbList","@id":"https:\/\/www.excellence-group.lu\/de\/spa\/#breadcrumb","itemListElement":[{"@type":"ListItem","position":1,"name":"Home","item":"https:\/\/www.excellence-group.lu\/de\/"},{"@type":"ListItem","position":2,"name":"Excellence Spa"}]},{"@type":"WebSite","@id":"https:\/\/www.excellence-group.lu\/de\/#website","url":"https:\/\/www.excellence-group.lu\/de\/","name":"Excellence Group","description":"Just another ms.decms.eu site","potentialAction":[{"@type":"SearchAction","target":{"@type":"EntryPoint","urlTemplate":"https:\/\/www.excellence-group.lu\/de\/?s={search_term_string}"},"query-input":{"@type":"PropertyValueSpecification","valueRequired":true,"valueName":"search_term_string"}}],"inLanguage":"de-DE"}]}},"acf":[],"_links":{"self":[{"href":"https:\/\/www.excellence-group.lu\/de\/wp-json\/wp\/v2\/pages\/218","targetHints":{"allow":["GET"]}}],"collection":[{"href":"https:\/\/www.excellence-group.lu\/de\/wp-json\/wp\/v2\/pages"}],"about":[{"href":"https:\/\/www.excellence-group.lu\/de\/wp-json\/wp\/v2\/types\/page"}],"author":[{"embeddable":true,"href":"https:\/\/www.excellence-group.lu\/de\/wp-json\/wp\/v2\/users\/5"}],"replies":[{"embeddable":true,"href":"https:\/\/www.excellence-group.lu\/de\/wp-json\/wp\/v2\/comments?post=218"}],"version-history":[{"count":0,"href":"https:\/\/www.excellence-group.lu\/de\/wp-json\/wp\/v2\/pages\/218\/revisions"}],"wp:featuredmedia":[{"embeddable":true,"href":"https:\/\/www.excellence-group.lu\/de\/wp-json\/wp\/v2\/media\/3424"}],"wp:attachment":[{"href":"https:\/\/www.excellence-group.lu\/de\/wp-json\/wp\/v2\/media?parent=218"}],"curies":[{"name":"wp","href":"https:\/\/api.w.org\/{rel}","templated":true}]}}