{"id":213,"date":"2021-03-29T18:28:34","date_gmt":"2021-03-29T18:28:34","guid":{"rendered":"https:\/\/excellence-group.ms.decms.eu\/contact\/"},"modified":"2023-11-16T12:52:55","modified_gmt":"2023-11-16T12:52:55","slug":"kontakt","status":"publish","type":"page","link":"https:\/\/www.excellence-group.lu\/de\/kontakt\/","title":{"rendered":"Kontakt"},"content":{"rendered":"<p style=\"text-align: center\">Bei Fragen k\u00f6nnen Sie uns jederzeit kontaktieren.<br \/>\nUnser Team steht Ihnen gerne zur Verf\u00fcgung und freut sich, Ihnen zus\u00e4tzliche Informationen geben zu k\u00f6nnen\u00a0oder Sie bei Ihrer Buchung in einem unserer H\u00e4user beraten und unterst\u00fctzen zu k\u00f6nnen.<\/p>\n","protected":false},"excerpt":{"rendered":"<p>Bei Fragen k\u00f6nnen Sie uns jederzeit kontaktieren. Unser Team steht Ihnen gerne zur Verf\u00fcgung und freut sich, Ihnen zus\u00e4tzliche Informationen geben zu k\u00f6nnen\u00a0oder Sie bei Ihrer Buchung in einem unserer H\u00e4user beraten und unterst\u00fctzen zu k\u00f6nnen.<\/p>\n","protected":false},"author":5,"featured_media":4093,"parent":0,"menu_order":0,"comment_status":"closed","ping_status":"closed","template":"template-contacts.php","meta":{"footnotes":""},"class_list":["post-213","page","type-page","status-publish","has-post-thumbnail","hentry"],"yoast_head":"<!-- This site is optimized with the Yoast SEO plugin v26.9 - https:\/\/yoast.com\/product\/yoast-seo-wordpress\/ -->\n<title>Kontakt - Excellence Group<\/title>\n<meta name=\"description\" content=\"Contactez nous pour tous renseignements : r\u00e9servation de chambre, restaurants, une question ? contactez nous au 92 93 92\" \/>\n<meta name=\"robots\" content=\"index, follow, max-snippet:-1, max-image-preview:large, max-video-preview:-1\" \/>\n<link rel=\"canonical\" href=\"https:\/\/www.excellence-group.lu\/de\/kontakt\/\" \/>\n<meta property=\"og:locale\" content=\"de_DE\" \/>\n<meta property=\"og:type\" content=\"article\" \/>\n<meta property=\"og:title\" content=\"Kontakt - Excellence Group\" \/>\n<meta property=\"og:description\" content=\"Contactez nous pour tous renseignements : r\u00e9servation de chambre, restaurants, une question ? contactez nous au 92 93 92\" \/>\n<meta property=\"og:url\" content=\"https:\/\/www.excellence-group.lu\/de\/kontakt\/\" \/>\n<meta property=\"og:site_name\" content=\"Excellence Group\" \/>\n<meta property=\"article:modified_time\" content=\"2023-11-16T12:52:55+00:00\" \/>\n<meta name=\"twitter:card\" content=\"summary_large_image\" \/>\n<script type=\"application\/ld+json\" class=\"yoast-schema-graph\">{\"@context\":\"https:\/\/schema.org\",\"@graph\":[{\"@type\":\"WebPage\",\"@id\":\"https:\/\/www.excellence-group.lu\/de\/kontakt\/\",\"url\":\"https:\/\/www.excellence-group.lu\/de\/kontakt\/\",\"name\":\"Kontakt - Excellence Group\",\"isPartOf\":{\"@id\":\"https:\/\/www.excellence-group.lu\/de\/#website\"},\"primaryImageOfPage\":{\"@id\":\"https:\/\/www.excellence-group.lu\/de\/kontakt\/#primaryimage\"},\"image\":{\"@id\":\"https:\/\/www.excellence-group.lu\/de\/kontakt\/#primaryimage\"},\"thumbnailUrl\":\"https:\/\/www.excellence-group.lu\/wp-content\/uploads\/sites\/281\/2024\/08\/hotel-koener-clervaux-luxembourg_63-scaled.jpg\",\"datePublished\":\"2021-03-29T18:28:34+00:00\",\"dateModified\":\"2023-11-16T12:52:55+00:00\",\"description\":\"Contactez nous pour tous renseignements : r\u00e9servation de chambre, restaurants, une question ? contactez nous au 92 93 92\",\"breadcrumb\":{\"@id\":\"https:\/\/www.excellence-group.lu\/de\/kontakt\/#breadcrumb\"},\"inLanguage\":\"de-DE\",\"potentialAction\":[{\"@type\":\"ReadAction\",\"target\":[\"https:\/\/www.excellence-group.lu\/de\/kontakt\/\"]}]},{\"@type\":\"ImageObject\",\"inLanguage\":\"de-DE\",\"@id\":\"https:\/\/www.excellence-group.lu\/de\/kontakt\/#primaryimage\",\"url\":\"https:\/\/www.excellence-group.lu\/wp-content\/uploads\/sites\/281\/2024\/08\/hotel-koener-clervaux-luxembourg_63-scaled.jpg\",\"contentUrl\":\"https:\/\/www.excellence-group.lu\/wp-content\/uploads\/sites\/281\/2024\/08\/hotel-koener-clervaux-luxembourg_63-scaled.jpg\",\"width\":2560,\"height\":1920},{\"@type\":\"BreadcrumbList\",\"@id\":\"https:\/\/www.excellence-group.lu\/de\/kontakt\/#breadcrumb\",\"itemListElement\":[{\"@type\":\"ListItem\",\"position\":1,\"name\":\"Home\",\"item\":\"https:\/\/www.excellence-group.lu\/de\/\"},{\"@type\":\"ListItem\",\"position\":2,\"name\":\"Kontakt\"}]},{\"@type\":\"WebSite\",\"@id\":\"https:\/\/www.excellence-group.lu\/de\/#website\",\"url\":\"https:\/\/www.excellence-group.lu\/de\/\",\"name\":\"Excellence Group\",\"description\":\"Just another ms.decms.eu site\",\"potentialAction\":[{\"@type\":\"SearchAction\",\"target\":{\"@type\":\"EntryPoint\",\"urlTemplate\":\"https:\/\/www.excellence-group.lu\/de\/?s={search_term_string}\"},\"query-input\":{\"@type\":\"PropertyValueSpecification\",\"valueRequired\":true,\"valueName\":\"search_term_string\"}}],\"inLanguage\":\"de-DE\"}]}<\/script>\n<!-- \/ Yoast SEO plugin. -->","yoast_head_json":{"title":"Kontakt - Excellence Group","description":"Contactez nous pour tous renseignements : r\u00e9servation de chambre, restaurants, une question ? contactez nous au 92 93 92","robots":{"index":"index","follow":"follow","max-snippet":"max-snippet:-1","max-image-preview":"max-image-preview:large","max-video-preview":"max-video-preview:-1"},"canonical":"https:\/\/www.excellence-group.lu\/de\/kontakt\/","og_locale":"de_DE","og_type":"article","og_title":"Kontakt - Excellence Group","og_description":"Contactez nous pour tous renseignements : r\u00e9servation de chambre, restaurants, une question ? contactez nous au 92 93 92","og_url":"https:\/\/www.excellence-group.lu\/de\/kontakt\/","og_site_name":"Excellence Group","article_modified_time":"2023-11-16T12:52:55+00:00","twitter_card":"summary_large_image","schema":{"@context":"https:\/\/schema.org","@graph":[{"@type":"WebPage","@id":"https:\/\/www.excellence-group.lu\/de\/kontakt\/","url":"https:\/\/www.excellence-group.lu\/de\/kontakt\/","name":"Kontakt - Excellence Group","isPartOf":{"@id":"https:\/\/www.excellence-group.lu\/de\/#website"},"primaryImageOfPage":{"@id":"https:\/\/www.excellence-group.lu\/de\/kontakt\/#primaryimage"},"image":{"@id":"https:\/\/www.excellence-group.lu\/de\/kontakt\/#primaryimage"},"thumbnailUrl":"https:\/\/www.excellence-group.lu\/wp-content\/uploads\/sites\/281\/2024\/08\/hotel-koener-clervaux-luxembourg_63-scaled.jpg","datePublished":"2021-03-29T18:28:34+00:00","dateModified":"2023-11-16T12:52:55+00:00","description":"Contactez nous pour tous renseignements : r\u00e9servation de chambre, restaurants, une question ? contactez nous au 92 93 92","breadcrumb":{"@id":"https:\/\/www.excellence-group.lu\/de\/kontakt\/#breadcrumb"},"inLanguage":"de-DE","potentialAction":[{"@type":"ReadAction","target":["https:\/\/www.excellence-group.lu\/de\/kontakt\/"]}]},{"@type":"ImageObject","inLanguage":"de-DE","@id":"https:\/\/www.excellence-group.lu\/de\/kontakt\/#primaryimage","url":"https:\/\/www.excellence-group.lu\/wp-content\/uploads\/sites\/281\/2024\/08\/hotel-koener-clervaux-luxembourg_63-scaled.jpg","contentUrl":"https:\/\/www.excellence-group.lu\/wp-content\/uploads\/sites\/281\/2024\/08\/hotel-koener-clervaux-luxembourg_63-scaled.jpg","width":2560,"height":1920},{"@type":"BreadcrumbList","@id":"https:\/\/www.excellence-group.lu\/de\/kontakt\/#breadcrumb","itemListElement":[{"@type":"ListItem","position":1,"name":"Home","item":"https:\/\/www.excellence-group.lu\/de\/"},{"@type":"ListItem","position":2,"name":"Kontakt"}]},{"@type":"WebSite","@id":"https:\/\/www.excellence-group.lu\/de\/#website","url":"https:\/\/www.excellence-group.lu\/de\/","name":"Excellence Group","description":"Just another ms.decms.eu site","potentialAction":[{"@type":"SearchAction","target":{"@type":"EntryPoint","urlTemplate":"https:\/\/www.excellence-group.lu\/de\/?s={search_term_string}"},"query-input":{"@type":"PropertyValueSpecification","valueRequired":true,"valueName":"search_term_string"}}],"inLanguage":"de-DE"}]}},"acf":[],"_links":{"self":[{"href":"https:\/\/www.excellence-group.lu\/de\/wp-json\/wp\/v2\/pages\/213","targetHints":{"allow":["GET"]}}],"collection":[{"href":"https:\/\/www.excellence-group.lu\/de\/wp-json\/wp\/v2\/pages"}],"about":[{"href":"https:\/\/www.excellence-group.lu\/de\/wp-json\/wp\/v2\/types\/page"}],"author":[{"embeddable":true,"href":"https:\/\/www.excellence-group.lu\/de\/wp-json\/wp\/v2\/users\/5"}],"replies":[{"embeddable":true,"href":"https:\/\/www.excellence-group.lu\/de\/wp-json\/wp\/v2\/comments?post=213"}],"version-history":[{"count":0,"href":"https:\/\/www.excellence-group.lu\/de\/wp-json\/wp\/v2\/pages\/213\/revisions"}],"wp:featuredmedia":[{"embeddable":true,"href":"https:\/\/www.excellence-group.lu\/de\/wp-json\/wp\/v2\/media\/4093"}],"wp:attachment":[{"href":"https:\/\/www.excellence-group.lu\/de\/wp-json\/wp\/v2\/media?parent=213"}],"curies":[{"name":"wp","href":"https:\/\/api.w.org\/{rel}","templated":true}]}}