{"id":1025,"date":"2022-02-18T14:54:17","date_gmt":"2022-02-18T14:54:17","guid":{"rendered":"https:\/\/www.excellence-hotels.com\/nos-hotels\/"},"modified":"2025-01-20T10:01:14","modified_gmt":"2025-01-20T10:01:14","slug":"unsere-hotels","status":"publish","type":"page","link":"https:\/\/www.excellence-group.lu\/de\/unsere-hotels\/","title":{"rendered":"H\u00f4tels"},"content":{"rendered":"<p>F\u00fcr Ihren Aufenthalt in <a href=\"https:\/\/www.excellence-group.lu\/de\/clervaux\/\">Clervaux<\/a> in den Ardennen im Norden Luxemburgs (Eislek) w\u00e4hlen Sie eines der Hotels der Groupe Excellence, die beide im Herzen der Fu\u00dfg\u00e4ngerzone des Stadtzentrums liegen.<\/p>\n<p>Ob Sie nun im emblematischen <strong>4-Sterne-Hotel Koener<\/strong> oder in einer der charmanten 4-Sterne-Superior-Suiten des <strong>Boutique Hotels Clervaux<\/strong> \u00fcbernachten, der Zugang zum <a href=\"https:\/\/www.excellence-group.lu\/de\/spa\/\">Cinq Mondes SPA<\/a> ist immer inbegriffen.<\/p>\n<p>G\u00f6nnen Sie sich einen komfortablen Aufenthalt zu zweit bei einem Ausflug in den Norden Luxemburgs, bei dem Entspannung, Natur und Wohlbefinden im Vordergrund stehen.<\/p>\n<p><em>Hinweis: Diese beiden Hotels mit SPA sind \u00fcber eine Fu\u00dfg\u00e4ngerbr\u00fccke verbunden, die die Einkaufsgasse von Clervaux \u00fcberragt.<\/em><\/p>\n","protected":false},"excerpt":{"rendered":"<p>F\u00fcr Ihren Aufenthalt in Clervaux in den Ardennen im Norden Luxemburgs (Eislek) w\u00e4hlen Sie eines der Hotels der Groupe Excellence, die beide im Herzen der Fu\u00dfg\u00e4ngerzone des Stadtzentrums liegen. Ob Sie nun im emblematischen 4-Sterne-Hotel Koener oder in einer der charmanten 4-Sterne-Superior-Suiten des Boutique Hotels Clervaux \u00fcbernachten, der Zugang zum Cinq Mondes SPA ist immer [&hellip;]<\/p>\n","protected":false},"author":8,"featured_media":1098,"parent":0,"menu_order":0,"comment_status":"closed","ping_status":"closed","template":"template-default-3.php","meta":{"footnotes":""},"class_list":["post-1025","page","type-page","status-publish","has-post-thumbnail","hentry"],"yoast_head":"<!-- This site is optimized with the Yoast SEO plugin v26.9 - https:\/\/yoast.com\/product\/yoast-seo-wordpress\/ -->\n<title>Excellence Hotels in Clervaux<\/title>\n<meta name=\"description\" content=\"Mit 4 Sternen zertifiziert, entdecken Sie die Excellence Hotels mit Spa in Clervaux im Norden Luxemburgs und buchen Sie Ihren Aufenthalt zu zweit.\" \/>\n<meta name=\"robots\" content=\"index, follow, max-snippet:-1, max-image-preview:large, max-video-preview:-1\" \/>\n<link rel=\"canonical\" href=\"https:\/\/www.excellence-group.lu\/de\/unsere-hotels\/\" \/>\n<meta property=\"og:locale\" content=\"de_DE\" \/>\n<meta property=\"og:type\" content=\"article\" \/>\n<meta property=\"og:title\" content=\"Excellence Hotels in Clervaux\" \/>\n<meta property=\"og:description\" content=\"Mit 4 Sternen zertifiziert, entdecken Sie die Excellence Hotels mit Spa in Clervaux im Norden Luxemburgs und buchen Sie Ihren Aufenthalt zu zweit.\" \/>\n<meta property=\"og:url\" content=\"https:\/\/www.excellence-group.lu\/de\/unsere-hotels\/\" \/>\n<meta property=\"og:site_name\" content=\"Excellence Group\" \/>\n<meta property=\"article:modified_time\" content=\"2025-01-20T10:01:14+00:00\" \/>\n<meta property=\"og:image\" content=\"https:\/\/www.excellence-group.lu\/wp-content\/uploads\/sites\/281\/2022\/02\/DSC_9049-HDR-1024x683.jpg\" \/>\n\t<meta property=\"og:image:width\" content=\"1024\" \/>\n\t<meta property=\"og:image:height\" content=\"683\" \/>\n\t<meta property=\"og:image:type\" content=\"image\/jpeg\" \/>\n<meta name=\"twitter:card\" content=\"summary_large_image\" \/>\n<meta name=\"twitter:label1\" content=\"Gesch\u00e4tzte Lesezeit\" \/>\n\t<meta name=\"twitter:data1\" content=\"1 Minute\" \/>\n<script type=\"application\/ld+json\" class=\"yoast-schema-graph\">{\"@context\":\"https:\/\/schema.org\",\"@graph\":[{\"@type\":\"WebPage\",\"@id\":\"https:\/\/www.excellence-group.lu\/de\/unsere-hotels\/\",\"url\":\"https:\/\/www.excellence-group.lu\/de\/unsere-hotels\/\",\"name\":\"Excellence Hotels in Clervaux\",\"isPartOf\":{\"@id\":\"https:\/\/www.excellence-group.lu\/de\/#website\"},\"primaryImageOfPage\":{\"@id\":\"https:\/\/www.excellence-group.lu\/de\/unsere-hotels\/#primaryimage\"},\"image\":{\"@id\":\"https:\/\/www.excellence-group.lu\/de\/unsere-hotels\/#primaryimage\"},\"thumbnailUrl\":\"https:\/\/www.excellence-group.lu\/wp-content\/uploads\/sites\/281\/2022\/02\/DSC_9049-HDR.jpg\",\"datePublished\":\"2022-02-18T14:54:17+00:00\",\"dateModified\":\"2025-01-20T10:01:14+00:00\",\"description\":\"Mit 4 Sternen zertifiziert, entdecken Sie die Excellence Hotels mit Spa in Clervaux im Norden Luxemburgs und buchen Sie Ihren Aufenthalt zu zweit.\",\"breadcrumb\":{\"@id\":\"https:\/\/www.excellence-group.lu\/de\/unsere-hotels\/#breadcrumb\"},\"inLanguage\":\"de-DE\",\"potentialAction\":[{\"@type\":\"ReadAction\",\"target\":[\"https:\/\/www.excellence-group.lu\/de\/unsere-hotels\/\"]}]},{\"@type\":\"ImageObject\",\"inLanguage\":\"de-DE\",\"@id\":\"https:\/\/www.excellence-group.lu\/de\/unsere-hotels\/#primaryimage\",\"url\":\"https:\/\/www.excellence-group.lu\/wp-content\/uploads\/sites\/281\/2022\/02\/DSC_9049-HDR.jpg\",\"contentUrl\":\"https:\/\/www.excellence-group.lu\/wp-content\/uploads\/sites\/281\/2022\/02\/DSC_9049-HDR.jpg\",\"width\":2560,\"height\":1709},{\"@type\":\"BreadcrumbList\",\"@id\":\"https:\/\/www.excellence-group.lu\/de\/unsere-hotels\/#breadcrumb\",\"itemListElement\":[{\"@type\":\"ListItem\",\"position\":1,\"name\":\"Home\",\"item\":\"https:\/\/www.excellence-group.lu\/de\/\"},{\"@type\":\"ListItem\",\"position\":2,\"name\":\"H\u00f4tels\"}]},{\"@type\":\"WebSite\",\"@id\":\"https:\/\/www.excellence-group.lu\/de\/#website\",\"url\":\"https:\/\/www.excellence-group.lu\/de\/\",\"name\":\"Excellence Group\",\"description\":\"Just another ms.decms.eu site\",\"potentialAction\":[{\"@type\":\"SearchAction\",\"target\":{\"@type\":\"EntryPoint\",\"urlTemplate\":\"https:\/\/www.excellence-group.lu\/de\/?s={search_term_string}\"},\"query-input\":{\"@type\":\"PropertyValueSpecification\",\"valueRequired\":true,\"valueName\":\"search_term_string\"}}],\"inLanguage\":\"de-DE\"}]}<\/script>\n<!-- \/ Yoast SEO plugin. -->","yoast_head_json":{"title":"Excellence Hotels in Clervaux","description":"Mit 4 Sternen zertifiziert, entdecken Sie die Excellence Hotels mit Spa in Clervaux im Norden Luxemburgs und buchen Sie Ihren Aufenthalt zu zweit.","robots":{"index":"index","follow":"follow","max-snippet":"max-snippet:-1","max-image-preview":"max-image-preview:large","max-video-preview":"max-video-preview:-1"},"canonical":"https:\/\/www.excellence-group.lu\/de\/unsere-hotels\/","og_locale":"de_DE","og_type":"article","og_title":"Excellence Hotels in Clervaux","og_description":"Mit 4 Sternen zertifiziert, entdecken Sie die Excellence Hotels mit Spa in Clervaux im Norden Luxemburgs und buchen Sie Ihren Aufenthalt zu zweit.","og_url":"https:\/\/www.excellence-group.lu\/de\/unsere-hotels\/","og_site_name":"Excellence Group","article_modified_time":"2025-01-20T10:01:14+00:00","og_image":[{"width":1024,"height":683,"url":"https:\/\/www.excellence-group.lu\/wp-content\/uploads\/sites\/281\/2022\/02\/DSC_9049-HDR-1024x683.jpg","type":"image\/jpeg"}],"twitter_card":"summary_large_image","twitter_misc":{"Gesch\u00e4tzte Lesezeit":"1 Minute"},"schema":{"@context":"https:\/\/schema.org","@graph":[{"@type":"WebPage","@id":"https:\/\/www.excellence-group.lu\/de\/unsere-hotels\/","url":"https:\/\/www.excellence-group.lu\/de\/unsere-hotels\/","name":"Excellence Hotels in Clervaux","isPartOf":{"@id":"https:\/\/www.excellence-group.lu\/de\/#website"},"primaryImageOfPage":{"@id":"https:\/\/www.excellence-group.lu\/de\/unsere-hotels\/#primaryimage"},"image":{"@id":"https:\/\/www.excellence-group.lu\/de\/unsere-hotels\/#primaryimage"},"thumbnailUrl":"https:\/\/www.excellence-group.lu\/wp-content\/uploads\/sites\/281\/2022\/02\/DSC_9049-HDR.jpg","datePublished":"2022-02-18T14:54:17+00:00","dateModified":"2025-01-20T10:01:14+00:00","description":"Mit 4 Sternen zertifiziert, entdecken Sie die Excellence Hotels mit Spa in Clervaux im Norden Luxemburgs und buchen Sie Ihren Aufenthalt zu zweit.","breadcrumb":{"@id":"https:\/\/www.excellence-group.lu\/de\/unsere-hotels\/#breadcrumb"},"inLanguage":"de-DE","potentialAction":[{"@type":"ReadAction","target":["https:\/\/www.excellence-group.lu\/de\/unsere-hotels\/"]}]},{"@type":"ImageObject","inLanguage":"de-DE","@id":"https:\/\/www.excellence-group.lu\/de\/unsere-hotels\/#primaryimage","url":"https:\/\/www.excellence-group.lu\/wp-content\/uploads\/sites\/281\/2022\/02\/DSC_9049-HDR.jpg","contentUrl":"https:\/\/www.excellence-group.lu\/wp-content\/uploads\/sites\/281\/2022\/02\/DSC_9049-HDR.jpg","width":2560,"height":1709},{"@type":"BreadcrumbList","@id":"https:\/\/www.excellence-group.lu\/de\/unsere-hotels\/#breadcrumb","itemListElement":[{"@type":"ListItem","position":1,"name":"Home","item":"https:\/\/www.excellence-group.lu\/de\/"},{"@type":"ListItem","position":2,"name":"H\u00f4tels"}]},{"@type":"WebSite","@id":"https:\/\/www.excellence-group.lu\/de\/#website","url":"https:\/\/www.excellence-group.lu\/de\/","name":"Excellence Group","description":"Just another ms.decms.eu site","potentialAction":[{"@type":"SearchAction","target":{"@type":"EntryPoint","urlTemplate":"https:\/\/www.excellence-group.lu\/de\/?s={search_term_string}"},"query-input":{"@type":"PropertyValueSpecification","valueRequired":true,"valueName":"search_term_string"}}],"inLanguage":"de-DE"}]}},"acf":[],"_links":{"self":[{"href":"https:\/\/www.excellence-group.lu\/de\/wp-json\/wp\/v2\/pages\/1025","targetHints":{"allow":["GET"]}}],"collection":[{"href":"https:\/\/www.excellence-group.lu\/de\/wp-json\/wp\/v2\/pages"}],"about":[{"href":"https:\/\/www.excellence-group.lu\/de\/wp-json\/wp\/v2\/types\/page"}],"author":[{"embeddable":true,"href":"https:\/\/www.excellence-group.lu\/de\/wp-json\/wp\/v2\/users\/8"}],"replies":[{"embeddable":true,"href":"https:\/\/www.excellence-group.lu\/de\/wp-json\/wp\/v2\/comments?post=1025"}],"version-history":[{"count":0,"href":"https:\/\/www.excellence-group.lu\/de\/wp-json\/wp\/v2\/pages\/1025\/revisions"}],"wp:featuredmedia":[{"embeddable":true,"href":"https:\/\/www.excellence-group.lu\/de\/wp-json\/wp\/v2\/media\/1098"}],"wp:attachment":[{"href":"https:\/\/www.excellence-group.lu\/de\/wp-json\/wp\/v2\/media?parent=1025"}],"curies":[{"name":"wp","href":"https:\/\/api.w.org\/{rel}","templated":true}]}}